{"id":2345,"date":"2021-06-02T10:02:39","date_gmt":"2021-06-02T08:02:39","guid":{"rendered":"https:\/\/cordula.coach\/?post_type=product&#038;p=2345"},"modified":"2026-03-19T11:55:57","modified_gmt":"2026-03-19T10:55:57","slug":"fulfillment-book","status":"publish","type":"product","link":"https:\/\/cordula.coach\/en\/product\/erfuellungsbuch\/","title":{"rendered":"Your fulfillment book - morning and evening routines for your success"},"content":{"rendered":"<p>What if everything you can imagine can actually be reality?<\/p>\n<p>Yes - I think that was <span id=\"more_text\">I was one of the first things that most parents got us out of the habit of doing.<\/span><\/p>\n<p><span id=\"more_text\"><br \/>\nSentences like:<br \/>\n\"<em>You can want a lot when the day is long<\/em>.\"<br \/>\nPerhaps they also fell in your childhood.<\/span><\/p>\n<p><span id=\"more_text\"><br \/>\nWith this <strong>Fulfillment book<\/strong> you learn to believe in your wishes again. <strong>Faith<\/strong> is the step before the <strong>Knowledge<\/strong>. Although you already know that the things you really want have always been fulfilled in your life - right?<\/span><\/p>\n<p><span id=\"more_text\"><br \/>\nSo use this book to help you <strong>Your real desires <\/strong>to<strong> fulfill<\/strong>to bring them into your reality through your visualization possibilities.<\/span><\/p>\n<p><span id=\"more_text\"><br \/>\nAnd - if you don't believe it yet - I know it works!<br \/>\nYou can just pretend to know at the beginning until you do.<br \/>\nIf you already know that this is the case - accelerate the process in your life with the help of this fulfillment book.<\/span><\/p>\n<p><span id=\"more_text\"><br \/>\n<strong>Fulfill your desired event or goal<\/strong><\/span><\/p>\n<p><span id=\"more_text\"><br \/>\nYOUR will be done - so start WANTING again!<\/span><\/p>\n<p><span id=\"more_text\"><br \/>\nA book by <strong>Cordula Ahrens<\/strong><br \/>\nYour clarity coach for more awareness and motivation<\/span><\/p>\n<p>&nbsp;<\/p>\n<p>DIN A5<\/p>\n<p>practical spiral binding<\/p>\n<p>136 pages - for 3 months (or more) of companionship in your life.<\/p>\n<p>ISBN: 978-3-754966-60-0<\/p>\n<p>Can be used as a companion book to the Premium Coaching \"Quantum leap into your freedom\".<\/p>","protected":false},"excerpt":{"rendered":"<p>Your fill-in book as a daily companion to your morning and evening rituals. It brings <strong>Joy<\/strong> into your life.<\/p>\n<p>It helps you to <strong>more security and stability in everyday life.<\/strong><\/p>\n<p>As a companion book, it is ideal in my program \"Quantum leap into your freedom\".<\/p>\n<p>Suitable for everyone, regardless of age.<\/p>","protected":false},"featured_media":2582,"comment_status":"open","ping_status":"closed","template":"","meta":[],"product_brand":[],"product_cat":[30],"product_tag":[33,57,32,66,65,37,55,41,59,45,56,58],"class_list":{"0":"post-2345","1":"product","2":"type-product","3":"status-publish","4":"has-post-thumbnail","6":"product_cat-buch","7":"product_tag-cordula-ahrens","8":"product_tag-erfolgstagebuch","9":"product_tag-grabovoi","10":"product_tag-grabovoi-codes","11":"product_tag-grabovoi-numers","12":"product_tag-grigori-grabovoi","13":"product_tag-magical-morning","14":"product_tag-persoenlichkeitsentwicklung","15":"product_tag-routine","16":"product_tag-stabilitaet","17":"product_tag-tagesroutinen","18":"product_tag-wunscherfuellung","19":"latest_post","21":"first","22":"instock","23":"featured","24":"taxable","25":"shipping-taxable","26":"purchasable","27":"product-type-simple"},"yoast_head":"<!-- This site is optimized with the Yoast SEO plugin v27.1.1 - https:\/\/yoast.com\/product\/yoast-seo-wordpress\/ -->\n<title>Dein Erf\u00fcllungsbuch - Morgen und Abendroutine f\u00fcr Deinen Erfolg - Dein Weg \u00fcber innere Freiheit zu mehr Erfolg!<\/title>\n<meta name=\"robots\" content=\"index, follow, max-snippet:-1, max-image-preview:large, max-video-preview:-1\" \/>\n<link rel=\"canonical\" href=\"https:\/\/cordula.coach\/en\/product\/fulfillment-book\/\" \/>\n<meta property=\"og:locale\" content=\"en_US\" \/>\n<meta property=\"og:type\" content=\"article\" \/>\n<meta property=\"og:title\" content=\"Dein Erf\u00fcllungsbuch - Morgen und Abendroutine f\u00fcr Deinen Erfolg - Dein Weg \u00fcber innere Freiheit zu mehr Erfolg!\" \/>\n<meta property=\"og:description\" content=\"Dein Ausf\u00fcllbuch als t\u00e4gliche Begleitung zu Deine Morgen- und Abendritualen. Es bringt Freude in Dein Leben.  Es verhilft Dir zu mehr Sicherheit und Stabilit\u00e4t im Alltag.  Als Begleitbuch ist es optimal in meinem Programm &quot;Quantensprung in Deinen Freiheit&quot;.  Nutzbar f\u00fcr jeden Menschen egal in welchem Alter.\" \/>\n<meta property=\"og:url\" content=\"https:\/\/cordula.coach\/en\/product\/fulfillment-book\/\" \/>\n<meta property=\"og:site_name\" content=\"Dein Weg \u00fcber innere Freiheit zu mehr Erfolg!\" \/>\n<meta property=\"article:modified_time\" content=\"2026-03-19T10:55:57+00:00\" \/>\n<meta property=\"og:image\" content=\"https:\/\/cordula.coach\/wp-content\/uploads\/2021\/06\/Erfu\u0308llungsbuch-Cover-vorne-scaled.jpg\" \/>\n\t<meta property=\"og:image:width\" content=\"1807\" \/>\n\t<meta property=\"og:image:height\" content=\"2560\" \/>\n\t<meta property=\"og:image:type\" content=\"image\/jpeg\" \/>\n<meta name=\"twitter:card\" content=\"summary_large_image\" \/>\n<meta name=\"twitter:label1\" content=\"Est. reading time\" \/>\n\t<meta name=\"twitter:data1\" content=\"1 minute\" \/>\n<script type=\"application\/ld+json\" class=\"yoast-schema-graph\">{\"@context\":\"https:\/\/schema.org\",\"@graph\":[{\"@type\":\"WebPage\",\"@id\":\"https:\/\/cordula.coach\/product\/erfuellungsbuch\/\",\"url\":\"https:\/\/cordula.coach\/product\/erfuellungsbuch\/\",\"name\":\"Dein Erf\u00fcllungsbuch - Morgen und Abendroutine f\u00fcr Deinen Erfolg - Dein Weg \u00fcber innere Freiheit zu mehr Erfolg!\",\"isPartOf\":{\"@id\":\"https:\/\/cordula.coach\/#website\"},\"primaryImageOfPage\":{\"@id\":\"https:\/\/cordula.coach\/product\/erfuellungsbuch\/#primaryimage\"},\"image\":{\"@id\":\"https:\/\/cordula.coach\/product\/erfuellungsbuch\/#primaryimage\"},\"thumbnailUrl\":\"https:\/\/cordula.coach\/wp-content\/uploads\/2021\/06\/Erfu\u0308llungsbuch-Cover-vorne-scaled.jpg\",\"datePublished\":\"2021-06-02T08:02:39+00:00\",\"dateModified\":\"2026-03-19T10:55:57+00:00\",\"breadcrumb\":{\"@id\":\"https:\/\/cordula.coach\/product\/erfuellungsbuch\/#breadcrumb\"},\"inLanguage\":\"en-US\",\"potentialAction\":[{\"@type\":\"ReadAction\",\"target\":[\"https:\/\/cordula.coach\/product\/erfuellungsbuch\/\"]}]},{\"@type\":\"ImageObject\",\"inLanguage\":\"en-US\",\"@id\":\"https:\/\/cordula.coach\/product\/erfuellungsbuch\/#primaryimage\",\"url\":\"https:\/\/cordula.coach\/wp-content\/uploads\/2021\/06\/Erfu\u0308llungsbuch-Cover-vorne-scaled.jpg\",\"contentUrl\":\"https:\/\/cordula.coach\/wp-content\/uploads\/2021\/06\/Erfu\u0308llungsbuch-Cover-vorne-scaled.jpg\",\"width\":1807,\"height\":2560},{\"@type\":\"BreadcrumbList\",\"@id\":\"https:\/\/cordula.coach\/product\/erfuellungsbuch\/#breadcrumb\",\"itemListElement\":[{\"@type\":\"ListItem\",\"position\":1,\"name\":\"Startseite\",\"item\":\"https:\/\/cordula.coach\/\"},{\"@type\":\"ListItem\",\"position\":2,\"name\":\"Shop\",\"item\":\"https:\/\/cordula.coach\/shop\/\"},{\"@type\":\"ListItem\",\"position\":3,\"name\":\"Dein Erf\u00fcllungsbuch &#8211; Morgen und Abendroutine f\u00fcr Deinen Erfolg\"}]},{\"@type\":\"WebSite\",\"@id\":\"https:\/\/cordula.coach\/#website\",\"url\":\"https:\/\/cordula.coach\/\",\"name\":\"Dein Weg \u00fcber innere Freiheit zu mehr Erfolg!\",\"description\":\"Cordula Ahrens - Unternehmensberaterin und Coach f\u00fcr Dein Bewusstsein\",\"publisher\":{\"@id\":\"https:\/\/cordula.coach\/#organization\"},\"potentialAction\":[{\"@type\":\"SearchAction\",\"target\":{\"@type\":\"EntryPoint\",\"urlTemplate\":\"https:\/\/cordula.coach\/?s={search_term_string}\"},\"query-input\":{\"@type\":\"PropertyValueSpecification\",\"valueRequired\":true,\"valueName\":\"search_term_string\"}}],\"inLanguage\":\"en-US\"},{\"@type\":\"Organization\",\"@id\":\"https:\/\/cordula.coach\/#organization\",\"name\":\"Dein Weg \u00fcber innere Freiheit zu mehr Erfolg!\",\"url\":\"https:\/\/cordula.coach\/\",\"logo\":{\"@type\":\"ImageObject\",\"inLanguage\":\"en-US\",\"@id\":\"https:\/\/cordula.coach\/#\/schema\/logo\/image\/\",\"url\":\"https:\/\/cordula.coach\/wp-content\/uploads\/2020\/09\/cropped-Logo-gro\u0308sser-1-e1618052237872.png\",\"contentUrl\":\"https:\/\/cordula.coach\/wp-content\/uploads\/2020\/09\/cropped-Logo-gro\u0308sser-1-e1618052237872.png\",\"width\":60,\"height\":60,\"caption\":\"Dein Weg \u00fcber innere Freiheit zu mehr Erfolg!\"},\"image\":{\"@id\":\"https:\/\/cordula.coach\/#\/schema\/logo\/image\/\"}}]}<\/script>\n<!-- \/ Yoast SEO plugin. -->","yoast_head_json":{"title":"Your fulfillment book - morning and evening routines for your success - Your path to more success through inner freedom!","robots":{"index":"index","follow":"follow","max-snippet":"max-snippet:-1","max-image-preview":"max-image-preview:large","max-video-preview":"max-video-preview:-1"},"canonical":"https:\/\/cordula.coach\/en\/product\/fulfillment-book\/","og_locale":"en_US","og_type":"article","og_title":"Dein Erf\u00fcllungsbuch - Morgen und Abendroutine f\u00fcr Deinen Erfolg - Dein Weg \u00fcber innere Freiheit zu mehr Erfolg!","og_description":"Dein Ausf\u00fcllbuch als t\u00e4gliche Begleitung zu Deine Morgen- und Abendritualen. Es bringt Freude in Dein Leben.  Es verhilft Dir zu mehr Sicherheit und Stabilit\u00e4t im Alltag.  Als Begleitbuch ist es optimal in meinem Programm \"Quantensprung in Deinen Freiheit\".  Nutzbar f\u00fcr jeden Menschen egal in welchem Alter.","og_url":"https:\/\/cordula.coach\/en\/product\/fulfillment-book\/","og_site_name":"Dein Weg \u00fcber innere Freiheit zu mehr Erfolg!","article_modified_time":"2026-03-19T10:55:57+00:00","og_image":[{"width":1807,"height":2560,"url":"https:\/\/cordula.coach\/wp-content\/uploads\/2021\/06\/Erfu\u0308llungsbuch-Cover-vorne-scaled.jpg","type":"image\/jpeg"}],"twitter_card":"summary_large_image","twitter_misc":{"Est. reading time":"1 minute"},"schema":{"@context":"https:\/\/schema.org","@graph":[{"@type":"WebPage","@id":"https:\/\/cordula.coach\/product\/erfuellungsbuch\/","url":"https:\/\/cordula.coach\/product\/erfuellungsbuch\/","name":"Your fulfillment book - morning and evening routines for your success - Your path to more success through inner freedom!","isPartOf":{"@id":"https:\/\/cordula.coach\/#website"},"primaryImageOfPage":{"@id":"https:\/\/cordula.coach\/product\/erfuellungsbuch\/#primaryimage"},"image":{"@id":"https:\/\/cordula.coach\/product\/erfuellungsbuch\/#primaryimage"},"thumbnailUrl":"https:\/\/cordula.coach\/wp-content\/uploads\/2021\/06\/Erfu\u0308llungsbuch-Cover-vorne-scaled.jpg","datePublished":"2021-06-02T08:02:39+00:00","dateModified":"2026-03-19T10:55:57+00:00","breadcrumb":{"@id":"https:\/\/cordula.coach\/product\/erfuellungsbuch\/#breadcrumb"},"inLanguage":"en-US","potentialAction":[{"@type":"ReadAction","target":["https:\/\/cordula.coach\/product\/erfuellungsbuch\/"]}]},{"@type":"ImageObject","inLanguage":"en-US","@id":"https:\/\/cordula.coach\/product\/erfuellungsbuch\/#primaryimage","url":"https:\/\/cordula.coach\/wp-content\/uploads\/2021\/06\/Erfu\u0308llungsbuch-Cover-vorne-scaled.jpg","contentUrl":"https:\/\/cordula.coach\/wp-content\/uploads\/2021\/06\/Erfu\u0308llungsbuch-Cover-vorne-scaled.jpg","width":1807,"height":2560},{"@type":"BreadcrumbList","@id":"https:\/\/cordula.coach\/product\/erfuellungsbuch\/#breadcrumb","itemListElement":[{"@type":"ListItem","position":1,"name":"Startseite","item":"https:\/\/cordula.coach\/"},{"@type":"ListItem","position":2,"name":"Shop","item":"https:\/\/cordula.coach\/shop\/"},{"@type":"ListItem","position":3,"name":"Dein Erf\u00fcllungsbuch &#8211; Morgen und Abendroutine f\u00fcr Deinen Erfolg"}]},{"@type":"WebSite","@id":"https:\/\/cordula.coach\/#website","url":"https:\/\/cordula.coach\/","name":"Your path to more success through inner freedom!","description":"Cordula Ahrens - Management consultant and coach for your consciousness","publisher":{"@id":"https:\/\/cordula.coach\/#organization"},"potentialAction":[{"@type":"SearchAction","target":{"@type":"EntryPoint","urlTemplate":"https:\/\/cordula.coach\/?s={search_term_string}"},"query-input":{"@type":"PropertyValueSpecification","valueRequired":true,"valueName":"search_term_string"}}],"inLanguage":"en-US"},{"@type":"Organization","@id":"https:\/\/cordula.coach\/#organization","name":"Your path to more success through inner freedom!","url":"https:\/\/cordula.coach\/","logo":{"@type":"ImageObject","inLanguage":"en-US","@id":"https:\/\/cordula.coach\/#\/schema\/logo\/image\/","url":"https:\/\/cordula.coach\/wp-content\/uploads\/2020\/09\/cropped-Logo-gro\u0308sser-1-e1618052237872.png","contentUrl":"https:\/\/cordula.coach\/wp-content\/uploads\/2020\/09\/cropped-Logo-gro\u0308sser-1-e1618052237872.png","width":60,"height":60,"caption":"Dein Weg \u00fcber innere Freiheit zu mehr Erfolg!"},"image":{"@id":"https:\/\/cordula.coach\/#\/schema\/logo\/image\/"}}]}},"_links":{"self":[{"href":"https:\/\/cordula.coach\/en\/wp-json\/wp\/v2\/product\/2345","targetHints":{"allow":["GET"]}}],"collection":[{"href":"https:\/\/cordula.coach\/en\/wp-json\/wp\/v2\/product"}],"about":[{"href":"https:\/\/cordula.coach\/en\/wp-json\/wp\/v2\/types\/product"}],"replies":[{"embeddable":true,"href":"https:\/\/cordula.coach\/en\/wp-json\/wp\/v2\/comments?post=2345"}],"wp:featuredmedia":[{"embeddable":true,"href":"https:\/\/cordula.coach\/en\/wp-json\/wp\/v2\/media\/2582"}],"wp:attachment":[{"href":"https:\/\/cordula.coach\/en\/wp-json\/wp\/v2\/media?parent=2345"}],"wp:term":[{"taxonomy":"product_brand","embeddable":true,"href":"https:\/\/cordula.coach\/en\/wp-json\/wp\/v2\/product_brand?post=2345"},{"taxonomy":"product_cat","embeddable":true,"href":"https:\/\/cordula.coach\/en\/wp-json\/wp\/v2\/product_cat?post=2345"},{"taxonomy":"product_tag","embeddable":true,"href":"https:\/\/cordula.coach\/en\/wp-json\/wp\/v2\/product_tag?post=2345"}],"curies":[{"name":"wp","href":"https:\/\/api.w.org\/{rel}","templated":true}]}}