{"id":2355,"date":"2021-06-02T13:05:51","date_gmt":"2021-06-02T11:05:51","guid":{"rendered":"https:\/\/cordula.coach\/?post_type=product&#038;p=2355"},"modified":"2026-03-03T20:40:37","modified_gmt":"2026-03-03T19:40:37","slug":"education-3","status":"publish","type":"product","link":"https:\/\/cordula.coach\/en\/product\/bildung\/","title":{"rendered":"(Education) training by Grigori Grabovoi - Education is the incentive that ensures eternal stability"},"content":{"rendered":"<p>A newly revised and completed translation in appealing German.<\/p>\n<p>You build up a lot of education over the course of your life. This helps you to develop, be healthy and create your well-being. Where do you want to develop? Is that already clear to you? Or perhaps you don't want to develop at all? This is where we infiltrate your thoughts in a revolutionary way. Because, shouldn't development be lifelong?<\/p>\n<p>Education gives you the stability, certainty and security in life that you have always wanted. How long do you want to keep building on this security?<\/p>\n<p>For Grabovoi, there is only infinity here. This is exactly what you will be guided towards here. And it doesn't matter how young you are - how many years of life you have already experienced. You will find out how you can continue to learn endlessly in a completely natural way. How this infinite learning works and how it helps you to live holistically and set harmonious impulses in society.<\/p>\n<p>This gives you the opportunity to reprogram your life and move into the future free from the undesirable effects of the past.<\/p>\n<p>Because: \"If you rest, you rust\" You certainly know the saying.<\/p>\n<p>Do you want to rest or progress naturally and keep yourself mentally (and therefore physically) fit?<\/p>\n<p>&nbsp;<\/p>\n<p>DIN A5 paperback<\/p>\n<p>with graphics and table for easier use<\/p>\n<p>57 pages that will accompany you and your loved ones throughout your life<\/p>\n<p>ISBN 978-3-754121-72-6<\/p>","protected":false},"excerpt":{"rendered":"<p>A newly revised and completed translation in appealing German.<\/p>\n<ul>\n<li>ISBN 978-3-754121-72-6<\/li>\n<\/ul>\n<p>Education gives you the stability, certainty and security in life that you have always wanted. How long do you want to keep building on this security?<\/p>\n<p>You are given the opportunity at the right time in your life to receive exactly the knowledge that will help you to develop optimally. You will be able to reprogram your life and move into the future free from the undesirable effects of the past.<\/p>\n<p>DIN A5 paperback<\/p>\n<p>with graphics and table for easier use<\/p>\n<p>57 pages that will accompany you and your loved ones throughout your life<\/p>","protected":false},"featured_media":2356,"comment_status":"open","ping_status":"closed","template":"","meta":[],"product_brand":[],"product_cat":[30],"product_tag":[34,63,38,39,47,31,60,61,33,62,35,36,32,37,67,41,68,69],"class_list":{"0":"post-2355","1":"product","2":"type-product","3":"status-publish","4":"has-post-thumbnail","6":"product_cat-buch","7":"product_tag-ausbildung","8":"product_tag-bew","9":"product_tag-bewusstsein","10":"product_tag-bewusstsein-erweitern","11":"product_tag-bewusstseinsentwicklung","12":"product_tag-bildung","13":"product_tag-bildung-nach-grabovoi","14":"product_tag-bildung-von-grabovoi","15":"product_tag-cordula-ahrens","16":"product_tag-erwachsenenbildung","17":"product_tag-erziehung","18":"product_tag-ewiges-leben","19":"product_tag-grabovoi","20":"product_tag-grigori-grabovoi","21":"product_tag-lehre-der-harmonischen-entwicklung","22":"product_tag-persoenlichkeitsentwicklung","23":"product_tag-praxis-der-steuerung","24":"product_tag-we-der-rettung","25":"latest_post","27":"first","28":"outofstock","29":"featured","30":"taxable","31":"shipping-taxable","32":"purchasable","33":"product-type-simple"},"yoast_head":"<!-- This site is optimized with the Yoast SEO plugin v27.1.1 - https:\/\/yoast.com\/product\/yoast-seo-wordpress\/ -->\n<title>(Aus-) Bildung von Grigori Grabovoi - Bildung ist jener Ansporn, der f\u00fcr ewige Stabilit\u00e4t sorgt - Dein Weg \u00fcber innere Freiheit zu mehr Erfolg!<\/title>\n<meta name=\"robots\" content=\"index, follow, max-snippet:-1, max-image-preview:large, max-video-preview:-1\" \/>\n<link rel=\"canonical\" href=\"https:\/\/cordula.coach\/en\/product\/education-3\/\" \/>\n<meta property=\"og:locale\" content=\"en_US\" \/>\n<meta property=\"og:type\" content=\"article\" \/>\n<meta property=\"og:title\" content=\"(Aus-) Bildung von Grigori Grabovoi - Bildung ist jener Ansporn, der f\u00fcr ewige Stabilit\u00e4t sorgt - Dein Weg \u00fcber innere Freiheit zu mehr Erfolg!\" \/>\n<meta property=\"og:description\" content=\"Eine neu \u00dcberarbeitete und komplettierte \u00dcbersetzung in ansprechendem Deutsch.   ISBN 978-3-754121-72-6  Bildung gibt Ihnen die Stabilit\u00e4t, Gewissheit und Sicherheit im Leben, die Sie schon immer haben wollen. Wie lange wollen Sie diese Sicherheit immer weiter ausbauen?  Sie erhalten die M\u00f6glichkeit zum Rechten Zeitpunkt in Ihren Leben genau das Wissen zu bekommen, dass Ihnen hilft sich optimal zu entwickeln. Ihr Leben somit neu zu programmieren und befreit von unerw\u00fcnschten Effekten der erlebten Vergangenheit in die Zukunft zu schreiten.  DIN A5 Taschenbuch  mit Grafiken und Tabelle zur leichteren Nutzung  57 Seiten, die Dich und Deine Liebsten Dein ganzes Leben begleiten\" \/>\n<meta property=\"og:url\" content=\"https:\/\/cordula.coach\/en\/product\/education-3\/\" \/>\n<meta property=\"og:site_name\" content=\"Dein Weg \u00fcber innere Freiheit zu mehr Erfolg!\" \/>\n<meta property=\"article:modified_time\" content=\"2026-03-03T19:40:37+00:00\" \/>\n<meta property=\"og:image\" content=\"https:\/\/cordula.coach\/wp-content\/uploads\/2021\/06\/Vorderseite-Bildung.jpg\" \/>\n\t<meta property=\"og:image:width\" content=\"840\" \/>\n\t<meta property=\"og:image:height\" content=\"1190\" \/>\n\t<meta property=\"og:image:type\" content=\"image\/jpeg\" \/>\n<meta name=\"twitter:card\" content=\"summary_large_image\" \/>\n<meta name=\"twitter:label1\" content=\"Est. reading time\" \/>\n\t<meta name=\"twitter:data1\" content=\"1 minute\" \/>\n<script type=\"application\/ld+json\" class=\"yoast-schema-graph\">{\"@context\":\"https:\/\/schema.org\",\"@graph\":[{\"@type\":\"WebPage\",\"@id\":\"https:\/\/cordula.coach\/product\/bildung\/\",\"url\":\"https:\/\/cordula.coach\/product\/bildung\/\",\"name\":\"(Aus-) Bildung von Grigori Grabovoi - Bildung ist jener Ansporn, der f\u00fcr ewige Stabilit\u00e4t sorgt - Dein Weg \u00fcber innere Freiheit zu mehr Erfolg!\",\"isPartOf\":{\"@id\":\"https:\/\/cordula.coach\/#website\"},\"primaryImageOfPage\":{\"@id\":\"https:\/\/cordula.coach\/product\/bildung\/#primaryimage\"},\"image\":{\"@id\":\"https:\/\/cordula.coach\/product\/bildung\/#primaryimage\"},\"thumbnailUrl\":\"https:\/\/cordula.coach\/wp-content\/uploads\/2021\/06\/Vorderseite-Bildung.jpg\",\"datePublished\":\"2021-06-02T11:05:51+00:00\",\"dateModified\":\"2026-03-03T19:40:37+00:00\",\"breadcrumb\":{\"@id\":\"https:\/\/cordula.coach\/product\/bildung\/#breadcrumb\"},\"inLanguage\":\"en-US\",\"potentialAction\":[{\"@type\":\"ReadAction\",\"target\":[\"https:\/\/cordula.coach\/product\/bildung\/\"]}]},{\"@type\":\"ImageObject\",\"inLanguage\":\"en-US\",\"@id\":\"https:\/\/cordula.coach\/product\/bildung\/#primaryimage\",\"url\":\"https:\/\/cordula.coach\/wp-content\/uploads\/2021\/06\/Vorderseite-Bildung.jpg\",\"contentUrl\":\"https:\/\/cordula.coach\/wp-content\/uploads\/2021\/06\/Vorderseite-Bildung.jpg\",\"width\":840,\"height\":1190},{\"@type\":\"BreadcrumbList\",\"@id\":\"https:\/\/cordula.coach\/product\/bildung\/#breadcrumb\",\"itemListElement\":[{\"@type\":\"ListItem\",\"position\":1,\"name\":\"Startseite\",\"item\":\"https:\/\/cordula.coach\/\"},{\"@type\":\"ListItem\",\"position\":2,\"name\":\"Shop\",\"item\":\"https:\/\/cordula.coach\/shop\/\"},{\"@type\":\"ListItem\",\"position\":3,\"name\":\"(Aus-) Bildung von Grigori Grabovoi &#8211; Bildung ist jener Ansporn, der f\u00fcr ewige Stabilit\u00e4t sorgt\"}]},{\"@type\":\"WebSite\",\"@id\":\"https:\/\/cordula.coach\/#website\",\"url\":\"https:\/\/cordula.coach\/\",\"name\":\"Dein Weg \u00fcber innere Freiheit zu mehr Erfolg!\",\"description\":\"Cordula Ahrens - Unternehmensberaterin und Coach f\u00fcr Dein Bewusstsein\",\"publisher\":{\"@id\":\"https:\/\/cordula.coach\/#organization\"},\"potentialAction\":[{\"@type\":\"SearchAction\",\"target\":{\"@type\":\"EntryPoint\",\"urlTemplate\":\"https:\/\/cordula.coach\/?s={search_term_string}\"},\"query-input\":{\"@type\":\"PropertyValueSpecification\",\"valueRequired\":true,\"valueName\":\"search_term_string\"}}],\"inLanguage\":\"en-US\"},{\"@type\":\"Organization\",\"@id\":\"https:\/\/cordula.coach\/#organization\",\"name\":\"Dein Weg \u00fcber innere Freiheit zu mehr Erfolg!\",\"url\":\"https:\/\/cordula.coach\/\",\"logo\":{\"@type\":\"ImageObject\",\"inLanguage\":\"en-US\",\"@id\":\"https:\/\/cordula.coach\/#\/schema\/logo\/image\/\",\"url\":\"https:\/\/cordula.coach\/wp-content\/uploads\/2020\/09\/cropped-Logo-gro\u0308sser-1-e1618052237872.png\",\"contentUrl\":\"https:\/\/cordula.coach\/wp-content\/uploads\/2020\/09\/cropped-Logo-gro\u0308sser-1-e1618052237872.png\",\"width\":60,\"height\":60,\"caption\":\"Dein Weg \u00fcber innere Freiheit zu mehr Erfolg!\"},\"image\":{\"@id\":\"https:\/\/cordula.coach\/#\/schema\/logo\/image\/\"}}]}<\/script>\n<!-- \/ Yoast SEO plugin. -->","yoast_head_json":{"title":"(Education by Grigori Grabovoi - Education is the incentive that ensures eternal stability - Your path to more success through inner freedom!","robots":{"index":"index","follow":"follow","max-snippet":"max-snippet:-1","max-image-preview":"max-image-preview:large","max-video-preview":"max-video-preview:-1"},"canonical":"https:\/\/cordula.coach\/en\/product\/education-3\/","og_locale":"en_US","og_type":"article","og_title":"(Aus-) Bildung von Grigori Grabovoi - Bildung ist jener Ansporn, der f\u00fcr ewige Stabilit\u00e4t sorgt - Dein Weg \u00fcber innere Freiheit zu mehr Erfolg!","og_description":"Eine neu \u00dcberarbeitete und komplettierte \u00dcbersetzung in ansprechendem Deutsch.   ISBN 978-3-754121-72-6  Bildung gibt Ihnen die Stabilit\u00e4t, Gewissheit und Sicherheit im Leben, die Sie schon immer haben wollen. Wie lange wollen Sie diese Sicherheit immer weiter ausbauen?  Sie erhalten die M\u00f6glichkeit zum Rechten Zeitpunkt in Ihren Leben genau das Wissen zu bekommen, dass Ihnen hilft sich optimal zu entwickeln. Ihr Leben somit neu zu programmieren und befreit von unerw\u00fcnschten Effekten der erlebten Vergangenheit in die Zukunft zu schreiten.  DIN A5 Taschenbuch  mit Grafiken und Tabelle zur leichteren Nutzung  57 Seiten, die Dich und Deine Liebsten Dein ganzes Leben begleiten","og_url":"https:\/\/cordula.coach\/en\/product\/education-3\/","og_site_name":"Dein Weg \u00fcber innere Freiheit zu mehr Erfolg!","article_modified_time":"2026-03-03T19:40:37+00:00","og_image":[{"width":840,"height":1190,"url":"https:\/\/cordula.coach\/wp-content\/uploads\/2021\/06\/Vorderseite-Bildung.jpg","type":"image\/jpeg"}],"twitter_card":"summary_large_image","twitter_misc":{"Est. reading time":"1 minute"},"schema":{"@context":"https:\/\/schema.org","@graph":[{"@type":"WebPage","@id":"https:\/\/cordula.coach\/product\/bildung\/","url":"https:\/\/cordula.coach\/product\/bildung\/","name":"(Education by Grigori Grabovoi - Education is the incentive that ensures eternal stability - Your path to more success through inner freedom!","isPartOf":{"@id":"https:\/\/cordula.coach\/#website"},"primaryImageOfPage":{"@id":"https:\/\/cordula.coach\/product\/bildung\/#primaryimage"},"image":{"@id":"https:\/\/cordula.coach\/product\/bildung\/#primaryimage"},"thumbnailUrl":"https:\/\/cordula.coach\/wp-content\/uploads\/2021\/06\/Vorderseite-Bildung.jpg","datePublished":"2021-06-02T11:05:51+00:00","dateModified":"2026-03-03T19:40:37+00:00","breadcrumb":{"@id":"https:\/\/cordula.coach\/product\/bildung\/#breadcrumb"},"inLanguage":"en-US","potentialAction":[{"@type":"ReadAction","target":["https:\/\/cordula.coach\/product\/bildung\/"]}]},{"@type":"ImageObject","inLanguage":"en-US","@id":"https:\/\/cordula.coach\/product\/bildung\/#primaryimage","url":"https:\/\/cordula.coach\/wp-content\/uploads\/2021\/06\/Vorderseite-Bildung.jpg","contentUrl":"https:\/\/cordula.coach\/wp-content\/uploads\/2021\/06\/Vorderseite-Bildung.jpg","width":840,"height":1190},{"@type":"BreadcrumbList","@id":"https:\/\/cordula.coach\/product\/bildung\/#breadcrumb","itemListElement":[{"@type":"ListItem","position":1,"name":"Startseite","item":"https:\/\/cordula.coach\/"},{"@type":"ListItem","position":2,"name":"Shop","item":"https:\/\/cordula.coach\/shop\/"},{"@type":"ListItem","position":3,"name":"(Aus-) Bildung von Grigori Grabovoi &#8211; Bildung ist jener Ansporn, der f\u00fcr ewige Stabilit\u00e4t sorgt"}]},{"@type":"WebSite","@id":"https:\/\/cordula.coach\/#website","url":"https:\/\/cordula.coach\/","name":"Your path to more success through inner freedom!","description":"Cordula Ahrens - Management consultant and coach for your consciousness","publisher":{"@id":"https:\/\/cordula.coach\/#organization"},"potentialAction":[{"@type":"SearchAction","target":{"@type":"EntryPoint","urlTemplate":"https:\/\/cordula.coach\/?s={search_term_string}"},"query-input":{"@type":"PropertyValueSpecification","valueRequired":true,"valueName":"search_term_string"}}],"inLanguage":"en-US"},{"@type":"Organization","@id":"https:\/\/cordula.coach\/#organization","name":"Your path to more success through inner freedom!","url":"https:\/\/cordula.coach\/","logo":{"@type":"ImageObject","inLanguage":"en-US","@id":"https:\/\/cordula.coach\/#\/schema\/logo\/image\/","url":"https:\/\/cordula.coach\/wp-content\/uploads\/2020\/09\/cropped-Logo-gro\u0308sser-1-e1618052237872.png","contentUrl":"https:\/\/cordula.coach\/wp-content\/uploads\/2020\/09\/cropped-Logo-gro\u0308sser-1-e1618052237872.png","width":60,"height":60,"caption":"Dein Weg \u00fcber innere Freiheit zu mehr Erfolg!"},"image":{"@id":"https:\/\/cordula.coach\/#\/schema\/logo\/image\/"}}]}},"_links":{"self":[{"href":"https:\/\/cordula.coach\/en\/wp-json\/wp\/v2\/product\/2355","targetHints":{"allow":["GET"]}}],"collection":[{"href":"https:\/\/cordula.coach\/en\/wp-json\/wp\/v2\/product"}],"about":[{"href":"https:\/\/cordula.coach\/en\/wp-json\/wp\/v2\/types\/product"}],"replies":[{"embeddable":true,"href":"https:\/\/cordula.coach\/en\/wp-json\/wp\/v2\/comments?post=2355"}],"wp:featuredmedia":[{"embeddable":true,"href":"https:\/\/cordula.coach\/en\/wp-json\/wp\/v2\/media\/2356"}],"wp:attachment":[{"href":"https:\/\/cordula.coach\/en\/wp-json\/wp\/v2\/media?parent=2355"}],"wp:term":[{"taxonomy":"product_brand","embeddable":true,"href":"https:\/\/cordula.coach\/en\/wp-json\/wp\/v2\/product_brand?post=2355"},{"taxonomy":"product_cat","embeddable":true,"href":"https:\/\/cordula.coach\/en\/wp-json\/wp\/v2\/product_cat?post=2355"},{"taxonomy":"product_tag","embeddable":true,"href":"https:\/\/cordula.coach\/en\/wp-json\/wp\/v2\/product_tag?post=2355"}],"curies":[{"name":"wp","href":"https:\/\/api.w.org\/{rel}","templated":true}]}}