{"id":2444,"date":"2021-09-10T13:38:35","date_gmt":"2021-09-10T11:38:35","guid":{"rendered":"https:\/\/cordula.coach\/?post_type=product&#038;p=2444"},"modified":"2026-03-19T11:55:57","modified_gmt":"2026-03-19T10:55:57","slug":"introduction","status":"publish","type":"product","link":"https:\/\/cordula.coach\/en\/product\/einfuehrung\/","title":{"rendered":"Introductory course to the teachings of Grigori Grabovoi"},"content":{"rendered":"<p>You can often read about the Grabovoi Codes or even the Grabovoi Codes List on the Internet. These Grabovoi numbers are part of Grigori Grabovoi's extensive teachings.<\/p>\n<p>The teaching for salvation and harmonious development.<\/p>\n<p>His worldwide experience in rescuing people and preventing disasters is based on certain principles. In this book you will be introduced to the basics of this teaching and why it is so special. Among other things, it is based on exact calculations of orthodox, i.e. today's higher mathematics. However, none of this is necessary for everyday application.<\/p>\n<p>The application is simple, easy and possible for everyone.<\/p>\n<p>In this teaching, they can find answers to all the questions they have not even dared to ask.<\/p>\n<p>The total oeuvre currently consists of over 353 published works and continues to grow.<\/p>\n<p>174 pages<\/p>\n<p>ISBN: 978-3-754163-45-0<\/p>","protected":false},"excerpt":{"rendered":"<p>You can often read about the Grabovoi Codes or even the Grabovoi Codes List on the Internet. These Grabovoi numbers are part of Grigori Grabovoi's extensive teachings.<\/p>","protected":false},"featured_media":2445,"comment_status":"open","ping_status":"closed","template":"","meta":[],"product_brand":[],"product_cat":[30],"product_tag":[47,33,32,66,37,71,70],"class_list":{"0":"post-2444","1":"product","2":"type-product","3":"status-publish","4":"has-post-thumbnail","6":"product_cat-buch","7":"product_tag-bewusstseinsentwicklung","8":"product_tag-cordula-ahrens","9":"product_tag-grabovoi","10":"product_tag-grabovoi-codes","11":"product_tag-grigori-grabovoi","12":"product_tag-grundlagen","13":"product_tag-rettung-und-harmonische-entwicklung","14":"latest_post","16":"first","17":"instock","18":"featured","19":"taxable","20":"shipping-taxable","21":"purchasable","22":"product-type-simple"},"yoast_head":"<!-- This site is optimized with the Yoast SEO plugin v27.1.1 - https:\/\/yoast.com\/product\/yoast-seo-wordpress\/ -->\n<title>Einf\u00fchrungskurs in die Lehre von Grigori Grabovoi - Dein Weg \u00fcber innere Freiheit zu mehr Erfolg!<\/title>\n<meta name=\"robots\" content=\"index, follow, max-snippet:-1, max-image-preview:large, max-video-preview:-1\" \/>\n<link rel=\"canonical\" href=\"https:\/\/cordula.coach\/en\/product\/introduction\/\" \/>\n<meta property=\"og:locale\" content=\"en_US\" \/>\n<meta property=\"og:type\" content=\"article\" \/>\n<meta property=\"og:title\" content=\"Einf\u00fchrungskurs in die Lehre von Grigori Grabovoi - Dein Weg \u00fcber innere Freiheit zu mehr Erfolg!\" \/>\n<meta property=\"og:description\" content=\"Vielfach liest man im Internet \u00fcber die Grabovoi Codes oder gar die Grabovoi Codes List. Diese Grabovoi Zahlen sind ein Teil der umfangreichen Lehre Grigori Grabovoi&#039;s.\" \/>\n<meta property=\"og:url\" content=\"https:\/\/cordula.coach\/en\/product\/introduction\/\" \/>\n<meta property=\"og:site_name\" content=\"Dein Weg \u00fcber innere Freiheit zu mehr Erfolg!\" \/>\n<meta property=\"article:modified_time\" content=\"2026-03-19T10:55:57+00:00\" \/>\n<meta name=\"twitter:card\" content=\"summary_large_image\" \/>\n<meta name=\"twitter:label1\" content=\"Est. reading time\" \/>\n\t<meta name=\"twitter:data1\" content=\"1 minute\" \/>\n<script type=\"application\/ld+json\" class=\"yoast-schema-graph\">{\"@context\":\"https:\/\/schema.org\",\"@graph\":[{\"@type\":\"WebPage\",\"@id\":\"https:\/\/cordula.coach\/product\/einfuehrung\/\",\"url\":\"https:\/\/cordula.coach\/product\/einfuehrung\/\",\"name\":\"Einf\u00fchrungskurs in die Lehre von Grigori Grabovoi - Dein Weg \u00fcber innere Freiheit zu mehr Erfolg!\",\"isPartOf\":{\"@id\":\"https:\/\/cordula.coach\/#website\"},\"primaryImageOfPage\":{\"@id\":\"https:\/\/cordula.coach\/product\/einfuehrung\/#primaryimage\"},\"image\":{\"@id\":\"https:\/\/cordula.coach\/product\/einfuehrung\/#primaryimage\"},\"thumbnailUrl\":\"https:\/\/cordula.coach\/wp-content\/uploads\/2021\/09\/2019-Einfu\u0308hrung-in-die-Lehren-von-Grigori-Grabovoi-Cover-pdf.jpg\",\"datePublished\":\"2021-09-10T11:38:35+00:00\",\"dateModified\":\"2026-03-19T10:55:57+00:00\",\"breadcrumb\":{\"@id\":\"https:\/\/cordula.coach\/product\/einfuehrung\/#breadcrumb\"},\"inLanguage\":\"en-US\",\"potentialAction\":[{\"@type\":\"ReadAction\",\"target\":[\"https:\/\/cordula.coach\/product\/einfuehrung\/\"]}]},{\"@type\":\"ImageObject\",\"inLanguage\":\"en-US\",\"@id\":\"https:\/\/cordula.coach\/product\/einfuehrung\/#primaryimage\",\"url\":\"https:\/\/cordula.coach\/wp-content\/uploads\/2021\/09\/2019-Einfu\u0308hrung-in-die-Lehren-von-Grigori-Grabovoi-Cover-pdf.jpg\",\"contentUrl\":\"https:\/\/cordula.coach\/wp-content\/uploads\/2021\/09\/2019-Einfu\u0308hrung-in-die-Lehren-von-Grigori-Grabovoi-Cover-pdf.jpg\"},{\"@type\":\"BreadcrumbList\",\"@id\":\"https:\/\/cordula.coach\/product\/einfuehrung\/#breadcrumb\",\"itemListElement\":[{\"@type\":\"ListItem\",\"position\":1,\"name\":\"Startseite\",\"item\":\"https:\/\/cordula.coach\/\"},{\"@type\":\"ListItem\",\"position\":2,\"name\":\"Shop\",\"item\":\"https:\/\/cordula.coach\/shop\/\"},{\"@type\":\"ListItem\",\"position\":3,\"name\":\"Einf\u00fchrungskurs in die Lehre von Grigori Grabovoi\"}]},{\"@type\":\"WebSite\",\"@id\":\"https:\/\/cordula.coach\/#website\",\"url\":\"https:\/\/cordula.coach\/\",\"name\":\"Dein Weg \u00fcber innere Freiheit zu mehr Erfolg!\",\"description\":\"Cordula Ahrens - Unternehmensberaterin und Coach f\u00fcr Dein Bewusstsein\",\"publisher\":{\"@id\":\"https:\/\/cordula.coach\/#organization\"},\"potentialAction\":[{\"@type\":\"SearchAction\",\"target\":{\"@type\":\"EntryPoint\",\"urlTemplate\":\"https:\/\/cordula.coach\/?s={search_term_string}\"},\"query-input\":{\"@type\":\"PropertyValueSpecification\",\"valueRequired\":true,\"valueName\":\"search_term_string\"}}],\"inLanguage\":\"en-US\"},{\"@type\":\"Organization\",\"@id\":\"https:\/\/cordula.coach\/#organization\",\"name\":\"Dein Weg \u00fcber innere Freiheit zu mehr Erfolg!\",\"url\":\"https:\/\/cordula.coach\/\",\"logo\":{\"@type\":\"ImageObject\",\"inLanguage\":\"en-US\",\"@id\":\"https:\/\/cordula.coach\/#\/schema\/logo\/image\/\",\"url\":\"https:\/\/cordula.coach\/wp-content\/uploads\/2020\/09\/cropped-Logo-gro\u0308sser-1-e1618052237872.png\",\"contentUrl\":\"https:\/\/cordula.coach\/wp-content\/uploads\/2020\/09\/cropped-Logo-gro\u0308sser-1-e1618052237872.png\",\"width\":60,\"height\":60,\"caption\":\"Dein Weg \u00fcber innere Freiheit zu mehr Erfolg!\"},\"image\":{\"@id\":\"https:\/\/cordula.coach\/#\/schema\/logo\/image\/\"}}]}<\/script>\n<!-- \/ Yoast SEO plugin. -->","yoast_head_json":{"title":"Introductory course in the teachings of Grigori Grabovoi - Your path to more success through inner freedom!","robots":{"index":"index","follow":"follow","max-snippet":"max-snippet:-1","max-image-preview":"max-image-preview:large","max-video-preview":"max-video-preview:-1"},"canonical":"https:\/\/cordula.coach\/en\/product\/introduction\/","og_locale":"en_US","og_type":"article","og_title":"Einf\u00fchrungskurs in die Lehre von Grigori Grabovoi - Dein Weg \u00fcber innere Freiheit zu mehr Erfolg!","og_description":"Vielfach liest man im Internet \u00fcber die Grabovoi Codes oder gar die Grabovoi Codes List. Diese Grabovoi Zahlen sind ein Teil der umfangreichen Lehre Grigori Grabovoi's.","og_url":"https:\/\/cordula.coach\/en\/product\/introduction\/","og_site_name":"Dein Weg \u00fcber innere Freiheit zu mehr Erfolg!","article_modified_time":"2026-03-19T10:55:57+00:00","twitter_card":"summary_large_image","twitter_misc":{"Est. reading time":"1 minute"},"schema":{"@context":"https:\/\/schema.org","@graph":[{"@type":"WebPage","@id":"https:\/\/cordula.coach\/product\/einfuehrung\/","url":"https:\/\/cordula.coach\/product\/einfuehrung\/","name":"Introductory course in the teachings of Grigori Grabovoi - Your path to more success through inner freedom!","isPartOf":{"@id":"https:\/\/cordula.coach\/#website"},"primaryImageOfPage":{"@id":"https:\/\/cordula.coach\/product\/einfuehrung\/#primaryimage"},"image":{"@id":"https:\/\/cordula.coach\/product\/einfuehrung\/#primaryimage"},"thumbnailUrl":"https:\/\/cordula.coach\/wp-content\/uploads\/2021\/09\/2019-Einfu\u0308hrung-in-die-Lehren-von-Grigori-Grabovoi-Cover-pdf.jpg","datePublished":"2021-09-10T11:38:35+00:00","dateModified":"2026-03-19T10:55:57+00:00","breadcrumb":{"@id":"https:\/\/cordula.coach\/product\/einfuehrung\/#breadcrumb"},"inLanguage":"en-US","potentialAction":[{"@type":"ReadAction","target":["https:\/\/cordula.coach\/product\/einfuehrung\/"]}]},{"@type":"ImageObject","inLanguage":"en-US","@id":"https:\/\/cordula.coach\/product\/einfuehrung\/#primaryimage","url":"https:\/\/cordula.coach\/wp-content\/uploads\/2021\/09\/2019-Einfu\u0308hrung-in-die-Lehren-von-Grigori-Grabovoi-Cover-pdf.jpg","contentUrl":"https:\/\/cordula.coach\/wp-content\/uploads\/2021\/09\/2019-Einfu\u0308hrung-in-die-Lehren-von-Grigori-Grabovoi-Cover-pdf.jpg"},{"@type":"BreadcrumbList","@id":"https:\/\/cordula.coach\/product\/einfuehrung\/#breadcrumb","itemListElement":[{"@type":"ListItem","position":1,"name":"Startseite","item":"https:\/\/cordula.coach\/"},{"@type":"ListItem","position":2,"name":"Shop","item":"https:\/\/cordula.coach\/shop\/"},{"@type":"ListItem","position":3,"name":"Einf\u00fchrungskurs in die Lehre von Grigori Grabovoi"}]},{"@type":"WebSite","@id":"https:\/\/cordula.coach\/#website","url":"https:\/\/cordula.coach\/","name":"Your path to more success through inner freedom!","description":"Cordula Ahrens - Management consultant and coach for your consciousness","publisher":{"@id":"https:\/\/cordula.coach\/#organization"},"potentialAction":[{"@type":"SearchAction","target":{"@type":"EntryPoint","urlTemplate":"https:\/\/cordula.coach\/?s={search_term_string}"},"query-input":{"@type":"PropertyValueSpecification","valueRequired":true,"valueName":"search_term_string"}}],"inLanguage":"en-US"},{"@type":"Organization","@id":"https:\/\/cordula.coach\/#organization","name":"Your path to more success through inner freedom!","url":"https:\/\/cordula.coach\/","logo":{"@type":"ImageObject","inLanguage":"en-US","@id":"https:\/\/cordula.coach\/#\/schema\/logo\/image\/","url":"https:\/\/cordula.coach\/wp-content\/uploads\/2020\/09\/cropped-Logo-gro\u0308sser-1-e1618052237872.png","contentUrl":"https:\/\/cordula.coach\/wp-content\/uploads\/2020\/09\/cropped-Logo-gro\u0308sser-1-e1618052237872.png","width":60,"height":60,"caption":"Dein Weg \u00fcber innere Freiheit zu mehr Erfolg!"},"image":{"@id":"https:\/\/cordula.coach\/#\/schema\/logo\/image\/"}}]}},"_links":{"self":[{"href":"https:\/\/cordula.coach\/en\/wp-json\/wp\/v2\/product\/2444","targetHints":{"allow":["GET"]}}],"collection":[{"href":"https:\/\/cordula.coach\/en\/wp-json\/wp\/v2\/product"}],"about":[{"href":"https:\/\/cordula.coach\/en\/wp-json\/wp\/v2\/types\/product"}],"replies":[{"embeddable":true,"href":"https:\/\/cordula.coach\/en\/wp-json\/wp\/v2\/comments?post=2444"}],"wp:featuredmedia":[{"embeddable":true,"href":"https:\/\/cordula.coach\/en\/wp-json\/wp\/v2\/media\/2445"}],"wp:attachment":[{"href":"https:\/\/cordula.coach\/en\/wp-json\/wp\/v2\/media?parent=2444"}],"wp:term":[{"taxonomy":"product_brand","embeddable":true,"href":"https:\/\/cordula.coach\/en\/wp-json\/wp\/v2\/product_brand?post=2444"},{"taxonomy":"product_cat","embeddable":true,"href":"https:\/\/cordula.coach\/en\/wp-json\/wp\/v2\/product_cat?post=2444"},{"taxonomy":"product_tag","embeddable":true,"href":"https:\/\/cordula.coach\/en\/wp-json\/wp\/v2\/product_tag?post=2444"}],"curies":[{"name":"wp","href":"https:\/\/api.w.org\/{rel}","templated":true}]}}