{"id":2457,"date":"2021-09-17T23:22:08","date_gmt":"2021-09-17T21:22:08","guid":{"rendered":"https:\/\/cordula.coach\/?post_type=product&#038;p=2457"},"modified":"2026-03-19T11:55:57","modified_gmt":"2026-03-19T10:55:57","slug":"rejuvenation","status":"publish","type":"product","link":"https:\/\/cordula.coach\/en\/product\/verjuengung\/","title":{"rendered":"Grigori Grabovoi's teaching about God. Rejuvenation."},"content":{"rendered":"<p>We all seek to feel or even be forever young. Grigori Grabovoi presents the reasons why it is important to be young. Broadly speaking, there are two reasons: the health reasons and the cosmetic or social reasons. Let us explain to you why you should actually be young. Let us show you how it works. Or would you rather grow old and feel old at the same time?<\/p>","protected":false},"excerpt":{"rendered":"<p>In biology I learned that all cells completely renew themselves every 7 years - so who decided that we get older?<\/p>\n<p>Since we have free will, only we can have determined this. Over the course of time, this has manifested as reality in the collective. In this work you will learn how you can change this truth for yourself and others with simple thought structures.<\/p>\n<p>Rejuvenation?<\/p>\n<p>Eternal youth?<\/p>\n<p>Healing becomes possible through rejuvenation.<\/p>\n<p>ISBN: 978-3-754166-46-8<\/p>","protected":false},"featured_media":2459,"comment_status":"open","ping_status":"closed","template":"","meta":[],"product_brand":[],"product_cat":[30],"product_tag":[],"class_list":{"0":"post-2457","1":"product","2":"type-product","3":"status-publish","4":"has-post-thumbnail","6":"product_cat-buch","7":"latest_post","9":"first","10":"instock","11":"featured","12":"taxable","13":"shipping-taxable","14":"purchasable","15":"product-type-simple"},"yoast_head":"<!-- This site is optimized with the Yoast SEO plugin v27.1.1 - https:\/\/yoast.com\/product\/yoast-seo-wordpress\/ -->\n<title>Die Lehre von Grigori Grabovoi \u00fcber Gott. Verj\u00fcngung. - Dein Weg \u00fcber innere Freiheit zu mehr Erfolg!<\/title>\n<meta name=\"robots\" content=\"index, follow, max-snippet:-1, max-image-preview:large, max-video-preview:-1\" \/>\n<link rel=\"canonical\" href=\"https:\/\/cordula.coach\/en\/product\/rejuvenation\/\" \/>\n<meta property=\"og:locale\" content=\"en_US\" \/>\n<meta property=\"og:type\" content=\"article\" \/>\n<meta property=\"og:title\" content=\"Die Lehre von Grigori Grabovoi \u00fcber Gott. Verj\u00fcngung. - Dein Weg \u00fcber innere Freiheit zu mehr Erfolg!\" \/>\n<meta property=\"og:description\" content=\"In Biologie habe ich gelernt, dass sich alle Zellen alle 7 Jahre komplett erneuern - also wer hat hier festgelegt, dass wir \u00e4lter werden?  Da wir den freien Willen haben, k\u00f6nnen nur wir das festgelegt haben. Im Laufe der Zeit hat sich dies im Kollektiv als Realit\u00e4t manifestiert. In diesem Werk erf\u00e4hrst Du, wie Du diese Wahrheit mit einfach Gedankenstrukturen wieder f\u00fcr Dich und andere \u00e4ndern kannst.  Verj\u00fcngung?  Ewige Jugend?  Heilen wird durch Verj\u00fcngen m\u00f6glich.  ISBN: 978-3-754166-46-8\" \/>\n<meta property=\"og:url\" content=\"https:\/\/cordula.coach\/en\/product\/rejuvenation\/\" \/>\n<meta property=\"og:site_name\" content=\"Dein Weg \u00fcber innere Freiheit zu mehr Erfolg!\" \/>\n<meta property=\"article:modified_time\" content=\"2026-03-19T10:55:57+00:00\" \/>\n<meta property=\"og:image\" content=\"https:\/\/cordula.coach\/wp-content\/uploads\/2021\/09\/20050228-Die-Lehre-von-Grigori-Grabovoi-u\u0308ber-Gott.-Verju\u0308ngung-Cover-vorne.png\" \/>\n\t<meta property=\"og:image:width\" content=\"1502\" \/>\n\t<meta property=\"og:image:height\" content=\"2124\" \/>\n\t<meta property=\"og:image:type\" content=\"image\/png\" \/>\n<meta name=\"twitter:card\" content=\"summary_large_image\" \/>\n<script type=\"application\/ld+json\" class=\"yoast-schema-graph\">{\"@context\":\"https:\/\/schema.org\",\"@graph\":[{\"@type\":\"WebPage\",\"@id\":\"https:\/\/cordula.coach\/product\/verjuengung\/\",\"url\":\"https:\/\/cordula.coach\/product\/verjuengung\/\",\"name\":\"Die Lehre von Grigori Grabovoi \u00fcber Gott. Verj\u00fcngung. - Dein Weg \u00fcber innere Freiheit zu mehr Erfolg!\",\"isPartOf\":{\"@id\":\"https:\/\/cordula.coach\/#website\"},\"primaryImageOfPage\":{\"@id\":\"https:\/\/cordula.coach\/product\/verjuengung\/#primaryimage\"},\"image\":{\"@id\":\"https:\/\/cordula.coach\/product\/verjuengung\/#primaryimage\"},\"thumbnailUrl\":\"https:\/\/cordula.coach\/wp-content\/uploads\/2021\/09\/20050228-Die-Lehre-von-Grigori-Grabovoi-u\u0308ber-Gott.-Verju\u0308ngung-Cover-vorne.png\",\"datePublished\":\"2021-09-17T21:22:08+00:00\",\"dateModified\":\"2026-03-19T10:55:57+00:00\",\"breadcrumb\":{\"@id\":\"https:\/\/cordula.coach\/product\/verjuengung\/#breadcrumb\"},\"inLanguage\":\"en-US\",\"potentialAction\":[{\"@type\":\"ReadAction\",\"target\":[\"https:\/\/cordula.coach\/product\/verjuengung\/\"]}]},{\"@type\":\"ImageObject\",\"inLanguage\":\"en-US\",\"@id\":\"https:\/\/cordula.coach\/product\/verjuengung\/#primaryimage\",\"url\":\"https:\/\/cordula.coach\/wp-content\/uploads\/2021\/09\/20050228-Die-Lehre-von-Grigori-Grabovoi-u\u0308ber-Gott.-Verju\u0308ngung-Cover-vorne.png\",\"contentUrl\":\"https:\/\/cordula.coach\/wp-content\/uploads\/2021\/09\/20050228-Die-Lehre-von-Grigori-Grabovoi-u\u0308ber-Gott.-Verju\u0308ngung-Cover-vorne.png\",\"width\":1502,\"height\":2124},{\"@type\":\"BreadcrumbList\",\"@id\":\"https:\/\/cordula.coach\/product\/verjuengung\/#breadcrumb\",\"itemListElement\":[{\"@type\":\"ListItem\",\"position\":1,\"name\":\"Startseite\",\"item\":\"https:\/\/cordula.coach\/\"},{\"@type\":\"ListItem\",\"position\":2,\"name\":\"Shop\",\"item\":\"https:\/\/cordula.coach\/shop\/\"},{\"@type\":\"ListItem\",\"position\":3,\"name\":\"Die Lehre von Grigori Grabovoi \u00fcber Gott. Verj\u00fcngung.\"}]},{\"@type\":\"WebSite\",\"@id\":\"https:\/\/cordula.coach\/#website\",\"url\":\"https:\/\/cordula.coach\/\",\"name\":\"Dein Weg \u00fcber innere Freiheit zu mehr Erfolg!\",\"description\":\"Cordula Ahrens - Unternehmensberaterin und Coach f\u00fcr Dein Bewusstsein\",\"publisher\":{\"@id\":\"https:\/\/cordula.coach\/#organization\"},\"potentialAction\":[{\"@type\":\"SearchAction\",\"target\":{\"@type\":\"EntryPoint\",\"urlTemplate\":\"https:\/\/cordula.coach\/?s={search_term_string}\"},\"query-input\":{\"@type\":\"PropertyValueSpecification\",\"valueRequired\":true,\"valueName\":\"search_term_string\"}}],\"inLanguage\":\"en-US\"},{\"@type\":\"Organization\",\"@id\":\"https:\/\/cordula.coach\/#organization\",\"name\":\"Dein Weg \u00fcber innere Freiheit zu mehr Erfolg!\",\"url\":\"https:\/\/cordula.coach\/\",\"logo\":{\"@type\":\"ImageObject\",\"inLanguage\":\"en-US\",\"@id\":\"https:\/\/cordula.coach\/#\/schema\/logo\/image\/\",\"url\":\"https:\/\/cordula.coach\/wp-content\/uploads\/2020\/09\/cropped-Logo-gro\u0308sser-1-e1618052237872.png\",\"contentUrl\":\"https:\/\/cordula.coach\/wp-content\/uploads\/2020\/09\/cropped-Logo-gro\u0308sser-1-e1618052237872.png\",\"width\":60,\"height\":60,\"caption\":\"Dein Weg \u00fcber innere Freiheit zu mehr Erfolg!\"},\"image\":{\"@id\":\"https:\/\/cordula.coach\/#\/schema\/logo\/image\/\"}}]}<\/script>\n<!-- \/ Yoast SEO plugin. -->","yoast_head_json":{"title":"Grigori Grabovoi's teaching about God. Rejuvenation. - Your path to more success through inner freedom!","robots":{"index":"index","follow":"follow","max-snippet":"max-snippet:-1","max-image-preview":"max-image-preview:large","max-video-preview":"max-video-preview:-1"},"canonical":"https:\/\/cordula.coach\/en\/product\/rejuvenation\/","og_locale":"en_US","og_type":"article","og_title":"Die Lehre von Grigori Grabovoi \u00fcber Gott. Verj\u00fcngung. - Dein Weg \u00fcber innere Freiheit zu mehr Erfolg!","og_description":"In Biologie habe ich gelernt, dass sich alle Zellen alle 7 Jahre komplett erneuern - also wer hat hier festgelegt, dass wir \u00e4lter werden?  Da wir den freien Willen haben, k\u00f6nnen nur wir das festgelegt haben. Im Laufe der Zeit hat sich dies im Kollektiv als Realit\u00e4t manifestiert. In diesem Werk erf\u00e4hrst Du, wie Du diese Wahrheit mit einfach Gedankenstrukturen wieder f\u00fcr Dich und andere \u00e4ndern kannst.  Verj\u00fcngung?  Ewige Jugend?  Heilen wird durch Verj\u00fcngen m\u00f6glich.  ISBN: 978-3-754166-46-8","og_url":"https:\/\/cordula.coach\/en\/product\/rejuvenation\/","og_site_name":"Dein Weg \u00fcber innere Freiheit zu mehr Erfolg!","article_modified_time":"2026-03-19T10:55:57+00:00","og_image":[{"width":1502,"height":2124,"url":"https:\/\/cordula.coach\/wp-content\/uploads\/2021\/09\/20050228-Die-Lehre-von-Grigori-Grabovoi-u\u0308ber-Gott.-Verju\u0308ngung-Cover-vorne.png","type":"image\/png"}],"twitter_card":"summary_large_image","schema":{"@context":"https:\/\/schema.org","@graph":[{"@type":"WebPage","@id":"https:\/\/cordula.coach\/product\/verjuengung\/","url":"https:\/\/cordula.coach\/product\/verjuengung\/","name":"Grigori Grabovoi's teaching about God. Rejuvenation. - Your path to more success through inner freedom!","isPartOf":{"@id":"https:\/\/cordula.coach\/#website"},"primaryImageOfPage":{"@id":"https:\/\/cordula.coach\/product\/verjuengung\/#primaryimage"},"image":{"@id":"https:\/\/cordula.coach\/product\/verjuengung\/#primaryimage"},"thumbnailUrl":"https:\/\/cordula.coach\/wp-content\/uploads\/2021\/09\/20050228-Die-Lehre-von-Grigori-Grabovoi-u\u0308ber-Gott.-Verju\u0308ngung-Cover-vorne.png","datePublished":"2021-09-17T21:22:08+00:00","dateModified":"2026-03-19T10:55:57+00:00","breadcrumb":{"@id":"https:\/\/cordula.coach\/product\/verjuengung\/#breadcrumb"},"inLanguage":"en-US","potentialAction":[{"@type":"ReadAction","target":["https:\/\/cordula.coach\/product\/verjuengung\/"]}]},{"@type":"ImageObject","inLanguage":"en-US","@id":"https:\/\/cordula.coach\/product\/verjuengung\/#primaryimage","url":"https:\/\/cordula.coach\/wp-content\/uploads\/2021\/09\/20050228-Die-Lehre-von-Grigori-Grabovoi-u\u0308ber-Gott.-Verju\u0308ngung-Cover-vorne.png","contentUrl":"https:\/\/cordula.coach\/wp-content\/uploads\/2021\/09\/20050228-Die-Lehre-von-Grigori-Grabovoi-u\u0308ber-Gott.-Verju\u0308ngung-Cover-vorne.png","width":1502,"height":2124},{"@type":"BreadcrumbList","@id":"https:\/\/cordula.coach\/product\/verjuengung\/#breadcrumb","itemListElement":[{"@type":"ListItem","position":1,"name":"Startseite","item":"https:\/\/cordula.coach\/"},{"@type":"ListItem","position":2,"name":"Shop","item":"https:\/\/cordula.coach\/shop\/"},{"@type":"ListItem","position":3,"name":"Die Lehre von Grigori Grabovoi \u00fcber Gott. Verj\u00fcngung."}]},{"@type":"WebSite","@id":"https:\/\/cordula.coach\/#website","url":"https:\/\/cordula.coach\/","name":"Your path to more success through inner freedom!","description":"Cordula Ahrens - Management consultant and coach for your consciousness","publisher":{"@id":"https:\/\/cordula.coach\/#organization"},"potentialAction":[{"@type":"SearchAction","target":{"@type":"EntryPoint","urlTemplate":"https:\/\/cordula.coach\/?s={search_term_string}"},"query-input":{"@type":"PropertyValueSpecification","valueRequired":true,"valueName":"search_term_string"}}],"inLanguage":"en-US"},{"@type":"Organization","@id":"https:\/\/cordula.coach\/#organization","name":"Your path to more success through inner freedom!","url":"https:\/\/cordula.coach\/","logo":{"@type":"ImageObject","inLanguage":"en-US","@id":"https:\/\/cordula.coach\/#\/schema\/logo\/image\/","url":"https:\/\/cordula.coach\/wp-content\/uploads\/2020\/09\/cropped-Logo-gro\u0308sser-1-e1618052237872.png","contentUrl":"https:\/\/cordula.coach\/wp-content\/uploads\/2020\/09\/cropped-Logo-gro\u0308sser-1-e1618052237872.png","width":60,"height":60,"caption":"Dein Weg \u00fcber innere Freiheit zu mehr Erfolg!"},"image":{"@id":"https:\/\/cordula.coach\/#\/schema\/logo\/image\/"}}]}},"_links":{"self":[{"href":"https:\/\/cordula.coach\/en\/wp-json\/wp\/v2\/product\/2457","targetHints":{"allow":["GET"]}}],"collection":[{"href":"https:\/\/cordula.coach\/en\/wp-json\/wp\/v2\/product"}],"about":[{"href":"https:\/\/cordula.coach\/en\/wp-json\/wp\/v2\/types\/product"}],"replies":[{"embeddable":true,"href":"https:\/\/cordula.coach\/en\/wp-json\/wp\/v2\/comments?post=2457"}],"wp:featuredmedia":[{"embeddable":true,"href":"https:\/\/cordula.coach\/en\/wp-json\/wp\/v2\/media\/2459"}],"wp:attachment":[{"href":"https:\/\/cordula.coach\/en\/wp-json\/wp\/v2\/media?parent=2457"}],"wp:term":[{"taxonomy":"product_brand","embeddable":true,"href":"https:\/\/cordula.coach\/en\/wp-json\/wp\/v2\/product_brand?post=2457"},{"taxonomy":"product_cat","embeddable":true,"href":"https:\/\/cordula.coach\/en\/wp-json\/wp\/v2\/product_cat?post=2457"},{"taxonomy":"product_tag","embeddable":true,"href":"https:\/\/cordula.coach\/en\/wp-json\/wp\/v2\/product_tag?post=2457"}],"curies":[{"name":"wp","href":"https:\/\/api.w.org\/{rel}","templated":true}]}}