{"id":2460,"date":"2021-09-17T23:28:34","date_gmt":"2021-09-17T21:28:34","guid":{"rendered":"https:\/\/cordula.coach\/?post_type=product&#038;p=2460"},"modified":"2026-03-03T20:42:44","modified_gmt":"2026-03-03T19:42:44","slug":"happiness","status":"publish","type":"product","link":"https:\/\/cordula.coach\/en\/product\/glueckseligkeit\/","title":{"rendered":"Grigori Grabovoi's teaching about God. Organization of bliss."},"content":{"rendered":"<p>When are we happy or blissful?<\/p>\n<p>How can we control this in order to have more of it?<\/p>\n<p>In this book, Dr. Grabovoi informs us about the functionality of happiness. How happiness actually works - scientifically proven - when we are particularly happy and how we can also make other people happy with a certain way of thinking.<\/p>\n<p>&nbsp;<\/p>\n<p>My translation has been revised and concretizes the use of the terms happiness, being happy, and bliss in the translation.<\/p>\n<p>ISBN: 978-3-754166-47-5<\/p>","protected":false},"excerpt":{"rendered":"<p>We all strive for bliss, we all want to be happy.<\/p>\n<p>How can this be so easy?<\/p>\n<p>Grabovoi explains to us what our structure of bliss is based on and how we activate it.<\/p>\n<p>The happier we are, the more bliss there is on earth and the longer we live.<\/p>\n<p>Immerse yourself and experience the activation of your bliss just by reading.<\/p>","protected":false},"featured_media":2462,"comment_status":"open","ping_status":"closed","template":"","meta":[],"product_brand":[],"product_cat":[30],"product_tag":[],"class_list":{"0":"post-2460","1":"product","2":"type-product","3":"status-publish","4":"has-post-thumbnail","6":"product_cat-buch","7":"latest_post","9":"first","10":"instock","11":"featured","12":"taxable","13":"shipping-taxable","14":"purchasable","15":"product-type-simple"},"yoast_head":"<!-- This site is optimized with the Yoast SEO plugin v27.1.1 - https:\/\/yoast.com\/product\/yoast-seo-wordpress\/ -->\n<title>Die Lehre von Grigori Grabovoi \u00fcber Gott. Organisation der Gl\u00fcckseligkeit. - Dein Weg \u00fcber innere Freiheit zu mehr Erfolg!<\/title>\n<meta name=\"robots\" content=\"index, follow, max-snippet:-1, max-image-preview:large, max-video-preview:-1\" \/>\n<link rel=\"canonical\" href=\"https:\/\/cordula.coach\/en\/product\/happiness\/\" \/>\n<meta property=\"og:locale\" content=\"en_US\" \/>\n<meta property=\"og:type\" content=\"article\" \/>\n<meta property=\"og:title\" content=\"Die Lehre von Grigori Grabovoi \u00fcber Gott. Organisation der Gl\u00fcckseligkeit. - Dein Weg \u00fcber innere Freiheit zu mehr Erfolg!\" \/>\n<meta property=\"og:description\" content=\"Wir alle streben nach Gl\u00fcckseligkeit, wollen gl\u00fccklich sein.  Wie kann dies ganz einfach sein?  Grabovoi kl\u00e4rt uns dar\u00fcber auf, worin unsere Struktur der Gl\u00fcckseligkeit begr\u00fcndet liegt und wie wir sie aktivieren.  Je gl\u00fccklicher wir sind, je mehr Gl\u00fcckseligkeit gibt es auf der Erde und umso l\u00e4nger leben wir.  Tauchen Sie ein und erleben Sie allein beim Lesen die Aktivierung Ihrer Gl\u00fcckseligkeit.\" \/>\n<meta property=\"og:url\" content=\"https:\/\/cordula.coach\/en\/product\/happiness\/\" \/>\n<meta property=\"og:site_name\" content=\"Dein Weg \u00fcber innere Freiheit zu mehr Erfolg!\" \/>\n<meta property=\"article:modified_time\" content=\"2026-03-03T19:42:44+00:00\" \/>\n<meta property=\"og:image\" content=\"https:\/\/cordula.coach\/wp-content\/uploads\/2021\/09\/20040505-Organisation-der-Glu\u0308ckseligkeit-Cover-vorne.jpg\" \/>\n\t<meta property=\"og:image:width\" content=\"1346\" \/>\n\t<meta property=\"og:image:height\" content=\"1914\" \/>\n\t<meta property=\"og:image:type\" content=\"image\/jpeg\" \/>\n<meta name=\"twitter:card\" content=\"summary_large_image\" \/>\n<script type=\"application\/ld+json\" class=\"yoast-schema-graph\">{\"@context\":\"https:\/\/schema.org\",\"@graph\":[{\"@type\":\"WebPage\",\"@id\":\"https:\/\/cordula.coach\/product\/glueckseligkeit\/\",\"url\":\"https:\/\/cordula.coach\/product\/glueckseligkeit\/\",\"name\":\"Die Lehre von Grigori Grabovoi \u00fcber Gott. Organisation der Gl\u00fcckseligkeit. - Dein Weg \u00fcber innere Freiheit zu mehr Erfolg!\",\"isPartOf\":{\"@id\":\"https:\/\/cordula.coach\/#website\"},\"primaryImageOfPage\":{\"@id\":\"https:\/\/cordula.coach\/product\/glueckseligkeit\/#primaryimage\"},\"image\":{\"@id\":\"https:\/\/cordula.coach\/product\/glueckseligkeit\/#primaryimage\"},\"thumbnailUrl\":\"https:\/\/cordula.coach\/wp-content\/uploads\/2021\/09\/20040505-Organisation-der-Glu\u0308ckseligkeit-Cover-vorne.jpg\",\"datePublished\":\"2021-09-17T21:28:34+00:00\",\"dateModified\":\"2026-03-03T19:42:44+00:00\",\"breadcrumb\":{\"@id\":\"https:\/\/cordula.coach\/product\/glueckseligkeit\/#breadcrumb\"},\"inLanguage\":\"en-US\",\"potentialAction\":[{\"@type\":\"ReadAction\",\"target\":[\"https:\/\/cordula.coach\/product\/glueckseligkeit\/\"]}]},{\"@type\":\"ImageObject\",\"inLanguage\":\"en-US\",\"@id\":\"https:\/\/cordula.coach\/product\/glueckseligkeit\/#primaryimage\",\"url\":\"https:\/\/cordula.coach\/wp-content\/uploads\/2021\/09\/20040505-Organisation-der-Glu\u0308ckseligkeit-Cover-vorne.jpg\",\"contentUrl\":\"https:\/\/cordula.coach\/wp-content\/uploads\/2021\/09\/20040505-Organisation-der-Glu\u0308ckseligkeit-Cover-vorne.jpg\",\"width\":1346,\"height\":1914},{\"@type\":\"BreadcrumbList\",\"@id\":\"https:\/\/cordula.coach\/product\/glueckseligkeit\/#breadcrumb\",\"itemListElement\":[{\"@type\":\"ListItem\",\"position\":1,\"name\":\"Startseite\",\"item\":\"https:\/\/cordula.coach\/\"},{\"@type\":\"ListItem\",\"position\":2,\"name\":\"Shop\",\"item\":\"https:\/\/cordula.coach\/shop\/\"},{\"@type\":\"ListItem\",\"position\":3,\"name\":\"Die Lehre von Grigori Grabovoi \u00fcber Gott. Organisation der Gl\u00fcckseligkeit.\"}]},{\"@type\":\"WebSite\",\"@id\":\"https:\/\/cordula.coach\/#website\",\"url\":\"https:\/\/cordula.coach\/\",\"name\":\"Dein Weg \u00fcber innere Freiheit zu mehr Erfolg!\",\"description\":\"Cordula Ahrens - Unternehmensberaterin und Coach f\u00fcr Dein Bewusstsein\",\"publisher\":{\"@id\":\"https:\/\/cordula.coach\/#organization\"},\"potentialAction\":[{\"@type\":\"SearchAction\",\"target\":{\"@type\":\"EntryPoint\",\"urlTemplate\":\"https:\/\/cordula.coach\/?s={search_term_string}\"},\"query-input\":{\"@type\":\"PropertyValueSpecification\",\"valueRequired\":true,\"valueName\":\"search_term_string\"}}],\"inLanguage\":\"en-US\"},{\"@type\":\"Organization\",\"@id\":\"https:\/\/cordula.coach\/#organization\",\"name\":\"Dein Weg \u00fcber innere Freiheit zu mehr Erfolg!\",\"url\":\"https:\/\/cordula.coach\/\",\"logo\":{\"@type\":\"ImageObject\",\"inLanguage\":\"en-US\",\"@id\":\"https:\/\/cordula.coach\/#\/schema\/logo\/image\/\",\"url\":\"https:\/\/cordula.coach\/wp-content\/uploads\/2020\/09\/cropped-Logo-gro\u0308sser-1-e1618052237872.png\",\"contentUrl\":\"https:\/\/cordula.coach\/wp-content\/uploads\/2020\/09\/cropped-Logo-gro\u0308sser-1-e1618052237872.png\",\"width\":60,\"height\":60,\"caption\":\"Dein Weg \u00fcber innere Freiheit zu mehr Erfolg!\"},\"image\":{\"@id\":\"https:\/\/cordula.coach\/#\/schema\/logo\/image\/\"}}]}<\/script>\n<!-- \/ Yoast SEO plugin. -->","yoast_head_json":{"title":"Grigori Grabovoi's teaching about God. Organization of bliss. - Your path to more success through inner freedom!","robots":{"index":"index","follow":"follow","max-snippet":"max-snippet:-1","max-image-preview":"max-image-preview:large","max-video-preview":"max-video-preview:-1"},"canonical":"https:\/\/cordula.coach\/en\/product\/happiness\/","og_locale":"en_US","og_type":"article","og_title":"Die Lehre von Grigori Grabovoi \u00fcber Gott. Organisation der Gl\u00fcckseligkeit. - Dein Weg \u00fcber innere Freiheit zu mehr Erfolg!","og_description":"Wir alle streben nach Gl\u00fcckseligkeit, wollen gl\u00fccklich sein.  Wie kann dies ganz einfach sein?  Grabovoi kl\u00e4rt uns dar\u00fcber auf, worin unsere Struktur der Gl\u00fcckseligkeit begr\u00fcndet liegt und wie wir sie aktivieren.  Je gl\u00fccklicher wir sind, je mehr Gl\u00fcckseligkeit gibt es auf der Erde und umso l\u00e4nger leben wir.  Tauchen Sie ein und erleben Sie allein beim Lesen die Aktivierung Ihrer Gl\u00fcckseligkeit.","og_url":"https:\/\/cordula.coach\/en\/product\/happiness\/","og_site_name":"Dein Weg \u00fcber innere Freiheit zu mehr Erfolg!","article_modified_time":"2026-03-03T19:42:44+00:00","og_image":[{"width":1346,"height":1914,"url":"https:\/\/cordula.coach\/wp-content\/uploads\/2021\/09\/20040505-Organisation-der-Glu\u0308ckseligkeit-Cover-vorne.jpg","type":"image\/jpeg"}],"twitter_card":"summary_large_image","schema":{"@context":"https:\/\/schema.org","@graph":[{"@type":"WebPage","@id":"https:\/\/cordula.coach\/product\/glueckseligkeit\/","url":"https:\/\/cordula.coach\/product\/glueckseligkeit\/","name":"Grigori Grabovoi's teaching about God. Organization of bliss. - Your path to more success through inner freedom!","isPartOf":{"@id":"https:\/\/cordula.coach\/#website"},"primaryImageOfPage":{"@id":"https:\/\/cordula.coach\/product\/glueckseligkeit\/#primaryimage"},"image":{"@id":"https:\/\/cordula.coach\/product\/glueckseligkeit\/#primaryimage"},"thumbnailUrl":"https:\/\/cordula.coach\/wp-content\/uploads\/2021\/09\/20040505-Organisation-der-Glu\u0308ckseligkeit-Cover-vorne.jpg","datePublished":"2021-09-17T21:28:34+00:00","dateModified":"2026-03-03T19:42:44+00:00","breadcrumb":{"@id":"https:\/\/cordula.coach\/product\/glueckseligkeit\/#breadcrumb"},"inLanguage":"en-US","potentialAction":[{"@type":"ReadAction","target":["https:\/\/cordula.coach\/product\/glueckseligkeit\/"]}]},{"@type":"ImageObject","inLanguage":"en-US","@id":"https:\/\/cordula.coach\/product\/glueckseligkeit\/#primaryimage","url":"https:\/\/cordula.coach\/wp-content\/uploads\/2021\/09\/20040505-Organisation-der-Glu\u0308ckseligkeit-Cover-vorne.jpg","contentUrl":"https:\/\/cordula.coach\/wp-content\/uploads\/2021\/09\/20040505-Organisation-der-Glu\u0308ckseligkeit-Cover-vorne.jpg","width":1346,"height":1914},{"@type":"BreadcrumbList","@id":"https:\/\/cordula.coach\/product\/glueckseligkeit\/#breadcrumb","itemListElement":[{"@type":"ListItem","position":1,"name":"Startseite","item":"https:\/\/cordula.coach\/"},{"@type":"ListItem","position":2,"name":"Shop","item":"https:\/\/cordula.coach\/shop\/"},{"@type":"ListItem","position":3,"name":"Die Lehre von Grigori Grabovoi \u00fcber Gott. Organisation der Gl\u00fcckseligkeit."}]},{"@type":"WebSite","@id":"https:\/\/cordula.coach\/#website","url":"https:\/\/cordula.coach\/","name":"Your path to more success through inner freedom!","description":"Cordula Ahrens - Management consultant and coach for your consciousness","publisher":{"@id":"https:\/\/cordula.coach\/#organization"},"potentialAction":[{"@type":"SearchAction","target":{"@type":"EntryPoint","urlTemplate":"https:\/\/cordula.coach\/?s={search_term_string}"},"query-input":{"@type":"PropertyValueSpecification","valueRequired":true,"valueName":"search_term_string"}}],"inLanguage":"en-US"},{"@type":"Organization","@id":"https:\/\/cordula.coach\/#organization","name":"Your path to more success through inner freedom!","url":"https:\/\/cordula.coach\/","logo":{"@type":"ImageObject","inLanguage":"en-US","@id":"https:\/\/cordula.coach\/#\/schema\/logo\/image\/","url":"https:\/\/cordula.coach\/wp-content\/uploads\/2020\/09\/cropped-Logo-gro\u0308sser-1-e1618052237872.png","contentUrl":"https:\/\/cordula.coach\/wp-content\/uploads\/2020\/09\/cropped-Logo-gro\u0308sser-1-e1618052237872.png","width":60,"height":60,"caption":"Dein Weg \u00fcber innere Freiheit zu mehr Erfolg!"},"image":{"@id":"https:\/\/cordula.coach\/#\/schema\/logo\/image\/"}}]}},"_links":{"self":[{"href":"https:\/\/cordula.coach\/en\/wp-json\/wp\/v2\/product\/2460","targetHints":{"allow":["GET"]}}],"collection":[{"href":"https:\/\/cordula.coach\/en\/wp-json\/wp\/v2\/product"}],"about":[{"href":"https:\/\/cordula.coach\/en\/wp-json\/wp\/v2\/types\/product"}],"replies":[{"embeddable":true,"href":"https:\/\/cordula.coach\/en\/wp-json\/wp\/v2\/comments?post=2460"}],"wp:featuredmedia":[{"embeddable":true,"href":"https:\/\/cordula.coach\/en\/wp-json\/wp\/v2\/media\/2462"}],"wp:attachment":[{"href":"https:\/\/cordula.coach\/en\/wp-json\/wp\/v2\/media?parent=2460"}],"wp:term":[{"taxonomy":"product_brand","embeddable":true,"href":"https:\/\/cordula.coach\/en\/wp-json\/wp\/v2\/product_brand?post=2460"},{"taxonomy":"product_cat","embeddable":true,"href":"https:\/\/cordula.coach\/en\/wp-json\/wp\/v2\/product_cat?post=2460"},{"taxonomy":"product_tag","embeddable":true,"href":"https:\/\/cordula.coach\/en\/wp-json\/wp\/v2\/product_tag?post=2460"}],"curies":[{"name":"wp","href":"https:\/\/api.w.org\/{rel}","templated":true}]}}