{"id":2503,"date":"2022-02-27T08:32:07","date_gmt":"2022-02-27T07:32:07","guid":{"rendered":"https:\/\/cordula.coach\/?post_type=product&#038;p=2503"},"modified":"2026-02-22T09:26:50","modified_gmt":"2026-02-22T08:26:50","slug":"numerical-series-for-psychological-standardization-a-o-volume-1-2","status":"publish","type":"product","link":"https:\/\/cordula.coach\/en\/product\/zahlenreihen-zur-psychologischen-normierung-a-o-band-1-2\/","title":{"rendered":"Number series for psychological standardization A-O (Volume 1\/2)"},"content":{"rendered":"<p><strong>Every grievance in life has its causes in our thought patterns - the psyche.<\/strong><\/p>\n<p>This applies to health as well as to relationships, finances, career and global events.<\/p>\n<p>With the series of numbers assigned in the book to various concepts of psychology, Dr. Grigori Grabovoi gives us an exact <strong>Help to positively influence personal and global thinking<\/strong>for the benefit of all.<\/p>\n<p>These series of numbers are a daily <strong>Tool for more harmony, health and success in all situations in life<\/strong>.<\/p>\n<p>\ud83d\ude80 The foreword contains important <strong>Notes<\/strong> for use.<\/p>\n<p>\ud83d\ude80 In the introduction, more than 9 <strong>Methods<\/strong> for the effective use of the number series in this work.<\/p>\n<p>\ud83d\ude80 There is a detailed alphabetical list of <strong>Index<\/strong> - Unique in its kind.<\/p>\n<p>\ud83d\ude80 The appendix contains valuable <strong>Additional information<\/strong> of the author on the meanings and possible uses of the individual digits in connection with these series of numbers for psychological normalization. (Transmitted live by Dr. Grabovoi during my seminar in Belgrade with the 22 PRK-1U)<\/p>\n<p><strong>Worth knowing<\/strong>Psychology literally means: The study of the soul.<\/p>\n<p>The order of the terms is almost magical - if you read them in order, something very special happens. Unfortunately, this is not the case with the old (faulty) edition. Still, I'm glad I had that edition before this one came out.<\/p>\n<p>The work is available for practical use as DIN A5 <strong>Ring binder<\/strong> designed. It has 372 pages.<\/p>\n<p>In relation to the previous edition in German, the terms are in the order explicitly specified by the author and over 120 errors have been corrected or missing terms added in this 1st volume alone.<\/p>\n<p>&nbsp;<\/p>\n<p>An intensive training course on the book is available in <a href=\"https:\/\/akademie.cordula.coach\/s\/cordula.coach\/psychologie22\">Cordula's Academy<\/a><\/p>","protected":false},"excerpt":{"rendered":"<p>Dr. Grabovoi's series of numbers for psychological normalization help to steer your thought patterns in a super beneficial direction for you and all people. Also the thought patterns of others.<\/p>\n<p>This revised edition resolves over 120 serious errors in the previous translation in all editions.<\/p>\n<p>The series of numbers bring you into the frequency of acting in harmony with your soul again: Freer, lighter, more successful.<\/p>\n<p>This translation corresponds to the author's requirements and has been corrected or supplemented in over 120 cases, in accordance with the Russian original.<\/p>\n<p>In any case, it makes sense to book a training course in order to implement the application most effectively. (<a href=\"https:\/\/akademie.cordula.coach\">https:\/\/akademie.cordula.coach<\/a>)<\/p>\n<p>ISBN: 978-3-754966-57-0<\/p>","protected":false},"featured_media":2504,"comment_status":"open","ping_status":"closed","template":"","meta":[],"product_brand":[],"product_cat":[30],"product_tag":[38,78,75,32,37,76,73,74,77],"class_list":{"0":"post-2503","1":"product","2":"type-product","3":"status-publish","4":"has-post-thumbnail","6":"product_cat-buch","7":"product_tag-bewusstsein","8":"product_tag-frequenzerhoehung","9":"product_tag-gedanken","10":"product_tag-grabovoi","11":"product_tag-grigori-grabovoi","12":"product_tag-positives-denken","13":"product_tag-psychologie","14":"product_tag-psychologische-normierung","15":"product_tag-zahlenreihen-grabovois","16":"latest_post","18":"first","19":"instock","20":"featured","21":"taxable","22":"shipping-taxable","23":"purchasable","24":"product-type-simple"},"yoast_head":"<!-- This site is optimized with the Yoast SEO plugin v27.1.1 - https:\/\/yoast.com\/product\/yoast-seo-wordpress\/ -->\n<title>Zahlenreihen zur Psychologischen Normierung A-O (Band 1\/2) - Dein Weg \u00fcber innere Freiheit zu mehr Erfolg!<\/title>\n<meta name=\"robots\" content=\"index, follow, max-snippet:-1, max-image-preview:large, max-video-preview:-1\" \/>\n<link rel=\"canonical\" href=\"https:\/\/cordula.coach\/en\/product\/numerical-series-for-psychological-standardization-a-o-volume-1-2\/\" \/>\n<meta property=\"og:locale\" content=\"en_US\" \/>\n<meta property=\"og:type\" content=\"article\" \/>\n<meta property=\"og:title\" content=\"Zahlenreihen zur Psychologischen Normierung A-O (Band 1\/2) - Dein Weg \u00fcber innere Freiheit zu mehr Erfolg!\" \/>\n<meta property=\"og:description\" content=\"Die Zahlenreihen zur Psychologischen Normierung von Dr. Grabovoi helfen Deine Gedankenmuster in eine super vorteilhafte Richtung f\u00fcr Dich und alle Menschen zu lenken. Auch die Gedankenmuster anderer.  Diese \u00fcberarbeitete Ausgabe l\u00f6st \u00fcber 120 gravierende Fehler der bisherigen \u00dcbersetzung in allen Auflagen.  Die Zahlenreihen bringen Dich in die Frequenz, wieder mit Deiner Seele im Einklang zu handeln: Freier, leichter, erfolgreicher.  Diese \u00dcbersetzung entspricht den Forderungen des Autors und wurde in \u00fcber 120 F\u00e4llen korrigiert bzw. erg\u00e4nzt, gem\u00e4\u00df dem russischen Original.  Es ist in jedem Fall sinnvoll, dazu eine Ausbildung zu buchen, um die Anwendung am effektivsten umzusetzen. (https:\/\/akademie.cordula.coach)  ISBN: 978-3-754966-57-0\" \/>\n<meta property=\"og:url\" content=\"https:\/\/cordula.coach\/en\/product\/numerical-series-for-psychological-standardization-a-o-volume-1-2\/\" \/>\n<meta property=\"og:site_name\" content=\"Dein Weg \u00fcber innere Freiheit zu mehr Erfolg!\" \/>\n<meta property=\"article:modified_time\" content=\"2026-02-22T08:26:50+00:00\" \/>\n<meta property=\"og:image\" content=\"https:\/\/cordula.coach\/wp-content\/uploads\/2022\/02\/2003_Zahlenreihen-zur-Psychologischen-Normierung-Cover-vorne-scaled.jpg\" \/>\n\t<meta property=\"og:image:width\" content=\"1807\" \/>\n\t<meta property=\"og:image:height\" content=\"2560\" \/>\n\t<meta property=\"og:image:type\" content=\"image\/jpeg\" \/>\n<meta name=\"twitter:card\" content=\"summary_large_image\" \/>\n<meta name=\"twitter:label1\" content=\"Est. reading time\" \/>\n\t<meta name=\"twitter:data1\" content=\"1 minute\" \/>\n<script type=\"application\/ld+json\" class=\"yoast-schema-graph\">{\"@context\":\"https:\/\/schema.org\",\"@graph\":[{\"@type\":\"WebPage\",\"@id\":\"https:\/\/cordula.coach\/product\/zahlenreihen-zur-psychologischen-normierung-a-o-band-1-2\/\",\"url\":\"https:\/\/cordula.coach\/product\/zahlenreihen-zur-psychologischen-normierung-a-o-band-1-2\/\",\"name\":\"Zahlenreihen zur Psychologischen Normierung A-O (Band 1\/2) - Dein Weg \u00fcber innere Freiheit zu mehr Erfolg!\",\"isPartOf\":{\"@id\":\"https:\/\/cordula.coach\/#website\"},\"primaryImageOfPage\":{\"@id\":\"https:\/\/cordula.coach\/product\/zahlenreihen-zur-psychologischen-normierung-a-o-band-1-2\/#primaryimage\"},\"image\":{\"@id\":\"https:\/\/cordula.coach\/product\/zahlenreihen-zur-psychologischen-normierung-a-o-band-1-2\/#primaryimage\"},\"thumbnailUrl\":\"https:\/\/cordula.coach\/wp-content\/uploads\/2022\/02\/2003_Zahlenreihen-zur-Psychologischen-Normierung-Cover-vorne-scaled.jpg\",\"datePublished\":\"2022-02-27T07:32:07+00:00\",\"dateModified\":\"2026-02-22T08:26:50+00:00\",\"breadcrumb\":{\"@id\":\"https:\/\/cordula.coach\/product\/zahlenreihen-zur-psychologischen-normierung-a-o-band-1-2\/#breadcrumb\"},\"inLanguage\":\"en-US\",\"potentialAction\":[{\"@type\":\"ReadAction\",\"target\":[\"https:\/\/cordula.coach\/product\/zahlenreihen-zur-psychologischen-normierung-a-o-band-1-2\/\"]}]},{\"@type\":\"ImageObject\",\"inLanguage\":\"en-US\",\"@id\":\"https:\/\/cordula.coach\/product\/zahlenreihen-zur-psychologischen-normierung-a-o-band-1-2\/#primaryimage\",\"url\":\"https:\/\/cordula.coach\/wp-content\/uploads\/2022\/02\/2003_Zahlenreihen-zur-Psychologischen-Normierung-Cover-vorne-scaled.jpg\",\"contentUrl\":\"https:\/\/cordula.coach\/wp-content\/uploads\/2022\/02\/2003_Zahlenreihen-zur-Psychologischen-Normierung-Cover-vorne-scaled.jpg\",\"width\":1807,\"height\":2560},{\"@type\":\"BreadcrumbList\",\"@id\":\"https:\/\/cordula.coach\/product\/zahlenreihen-zur-psychologischen-normierung-a-o-band-1-2\/#breadcrumb\",\"itemListElement\":[{\"@type\":\"ListItem\",\"position\":1,\"name\":\"Startseite\",\"item\":\"https:\/\/cordula.coach\/\"},{\"@type\":\"ListItem\",\"position\":2,\"name\":\"Shop\",\"item\":\"https:\/\/cordula.coach\/shop\/\"},{\"@type\":\"ListItem\",\"position\":3,\"name\":\"Zahlenreihen zur Psychologischen Normierung A-O (Band 1\/2)\"}]},{\"@type\":\"WebSite\",\"@id\":\"https:\/\/cordula.coach\/#website\",\"url\":\"https:\/\/cordula.coach\/\",\"name\":\"Dein Weg \u00fcber innere Freiheit zu mehr Erfolg!\",\"description\":\"Cordula Ahrens - Unternehmensberaterin und Coach f\u00fcr Dein Bewusstsein\",\"publisher\":{\"@id\":\"https:\/\/cordula.coach\/#organization\"},\"potentialAction\":[{\"@type\":\"SearchAction\",\"target\":{\"@type\":\"EntryPoint\",\"urlTemplate\":\"https:\/\/cordula.coach\/?s={search_term_string}\"},\"query-input\":{\"@type\":\"PropertyValueSpecification\",\"valueRequired\":true,\"valueName\":\"search_term_string\"}}],\"inLanguage\":\"en-US\"},{\"@type\":\"Organization\",\"@id\":\"https:\/\/cordula.coach\/#organization\",\"name\":\"Dein Weg \u00fcber innere Freiheit zu mehr Erfolg!\",\"url\":\"https:\/\/cordula.coach\/\",\"logo\":{\"@type\":\"ImageObject\",\"inLanguage\":\"en-US\",\"@id\":\"https:\/\/cordula.coach\/#\/schema\/logo\/image\/\",\"url\":\"https:\/\/cordula.coach\/wp-content\/uploads\/2020\/09\/cropped-Logo-gro\u0308sser-1-e1618052237872.png\",\"contentUrl\":\"https:\/\/cordula.coach\/wp-content\/uploads\/2020\/09\/cropped-Logo-gro\u0308sser-1-e1618052237872.png\",\"width\":60,\"height\":60,\"caption\":\"Dein Weg \u00fcber innere Freiheit zu mehr Erfolg!\"},\"image\":{\"@id\":\"https:\/\/cordula.coach\/#\/schema\/logo\/image\/\"}}]}<\/script>\n<!-- \/ Yoast SEO plugin. -->","yoast_head_json":{"title":"Number series for psychological standardization A-O (Volume 1\/2) - Your path to more success through inner freedom!","robots":{"index":"index","follow":"follow","max-snippet":"max-snippet:-1","max-image-preview":"max-image-preview:large","max-video-preview":"max-video-preview:-1"},"canonical":"https:\/\/cordula.coach\/en\/product\/numerical-series-for-psychological-standardization-a-o-volume-1-2\/","og_locale":"en_US","og_type":"article","og_title":"Zahlenreihen zur Psychologischen Normierung A-O (Band 1\/2) - Dein Weg \u00fcber innere Freiheit zu mehr Erfolg!","og_description":"Die Zahlenreihen zur Psychologischen Normierung von Dr. Grabovoi helfen Deine Gedankenmuster in eine super vorteilhafte Richtung f\u00fcr Dich und alle Menschen zu lenken. Auch die Gedankenmuster anderer.  Diese \u00fcberarbeitete Ausgabe l\u00f6st \u00fcber 120 gravierende Fehler der bisherigen \u00dcbersetzung in allen Auflagen.  Die Zahlenreihen bringen Dich in die Frequenz, wieder mit Deiner Seele im Einklang zu handeln: Freier, leichter, erfolgreicher.  Diese \u00dcbersetzung entspricht den Forderungen des Autors und wurde in \u00fcber 120 F\u00e4llen korrigiert bzw. erg\u00e4nzt, gem\u00e4\u00df dem russischen Original.  Es ist in jedem Fall sinnvoll, dazu eine Ausbildung zu buchen, um die Anwendung am effektivsten umzusetzen. (https:\/\/akademie.cordula.coach)  ISBN: 978-3-754966-57-0","og_url":"https:\/\/cordula.coach\/en\/product\/numerical-series-for-psychological-standardization-a-o-volume-1-2\/","og_site_name":"Dein Weg \u00fcber innere Freiheit zu mehr Erfolg!","article_modified_time":"2026-02-22T08:26:50+00:00","og_image":[{"width":1807,"height":2560,"url":"https:\/\/cordula.coach\/wp-content\/uploads\/2022\/02\/2003_Zahlenreihen-zur-Psychologischen-Normierung-Cover-vorne-scaled.jpg","type":"image\/jpeg"}],"twitter_card":"summary_large_image","twitter_misc":{"Est. reading time":"1 minute"},"schema":{"@context":"https:\/\/schema.org","@graph":[{"@type":"WebPage","@id":"https:\/\/cordula.coach\/product\/zahlenreihen-zur-psychologischen-normierung-a-o-band-1-2\/","url":"https:\/\/cordula.coach\/product\/zahlenreihen-zur-psychologischen-normierung-a-o-band-1-2\/","name":"Number series for psychological standardization A-O (Volume 1\/2) - Your path to more success through inner freedom!","isPartOf":{"@id":"https:\/\/cordula.coach\/#website"},"primaryImageOfPage":{"@id":"https:\/\/cordula.coach\/product\/zahlenreihen-zur-psychologischen-normierung-a-o-band-1-2\/#primaryimage"},"image":{"@id":"https:\/\/cordula.coach\/product\/zahlenreihen-zur-psychologischen-normierung-a-o-band-1-2\/#primaryimage"},"thumbnailUrl":"https:\/\/cordula.coach\/wp-content\/uploads\/2022\/02\/2003_Zahlenreihen-zur-Psychologischen-Normierung-Cover-vorne-scaled.jpg","datePublished":"2022-02-27T07:32:07+00:00","dateModified":"2026-02-22T08:26:50+00:00","breadcrumb":{"@id":"https:\/\/cordula.coach\/product\/zahlenreihen-zur-psychologischen-normierung-a-o-band-1-2\/#breadcrumb"},"inLanguage":"en-US","potentialAction":[{"@type":"ReadAction","target":["https:\/\/cordula.coach\/product\/zahlenreihen-zur-psychologischen-normierung-a-o-band-1-2\/"]}]},{"@type":"ImageObject","inLanguage":"en-US","@id":"https:\/\/cordula.coach\/product\/zahlenreihen-zur-psychologischen-normierung-a-o-band-1-2\/#primaryimage","url":"https:\/\/cordula.coach\/wp-content\/uploads\/2022\/02\/2003_Zahlenreihen-zur-Psychologischen-Normierung-Cover-vorne-scaled.jpg","contentUrl":"https:\/\/cordula.coach\/wp-content\/uploads\/2022\/02\/2003_Zahlenreihen-zur-Psychologischen-Normierung-Cover-vorne-scaled.jpg","width":1807,"height":2560},{"@type":"BreadcrumbList","@id":"https:\/\/cordula.coach\/product\/zahlenreihen-zur-psychologischen-normierung-a-o-band-1-2\/#breadcrumb","itemListElement":[{"@type":"ListItem","position":1,"name":"Startseite","item":"https:\/\/cordula.coach\/"},{"@type":"ListItem","position":2,"name":"Shop","item":"https:\/\/cordula.coach\/shop\/"},{"@type":"ListItem","position":3,"name":"Zahlenreihen zur Psychologischen Normierung A-O (Band 1\/2)"}]},{"@type":"WebSite","@id":"https:\/\/cordula.coach\/#website","url":"https:\/\/cordula.coach\/","name":"Your path to more success through inner freedom!","description":"Cordula Ahrens - Management consultant and coach for your consciousness","publisher":{"@id":"https:\/\/cordula.coach\/#organization"},"potentialAction":[{"@type":"SearchAction","target":{"@type":"EntryPoint","urlTemplate":"https:\/\/cordula.coach\/?s={search_term_string}"},"query-input":{"@type":"PropertyValueSpecification","valueRequired":true,"valueName":"search_term_string"}}],"inLanguage":"en-US"},{"@type":"Organization","@id":"https:\/\/cordula.coach\/#organization","name":"Your path to more success through inner freedom!","url":"https:\/\/cordula.coach\/","logo":{"@type":"ImageObject","inLanguage":"en-US","@id":"https:\/\/cordula.coach\/#\/schema\/logo\/image\/","url":"https:\/\/cordula.coach\/wp-content\/uploads\/2020\/09\/cropped-Logo-gro\u0308sser-1-e1618052237872.png","contentUrl":"https:\/\/cordula.coach\/wp-content\/uploads\/2020\/09\/cropped-Logo-gro\u0308sser-1-e1618052237872.png","width":60,"height":60,"caption":"Dein Weg \u00fcber innere Freiheit zu mehr Erfolg!"},"image":{"@id":"https:\/\/cordula.coach\/#\/schema\/logo\/image\/"}}]}},"_links":{"self":[{"href":"https:\/\/cordula.coach\/en\/wp-json\/wp\/v2\/product\/2503","targetHints":{"allow":["GET"]}}],"collection":[{"href":"https:\/\/cordula.coach\/en\/wp-json\/wp\/v2\/product"}],"about":[{"href":"https:\/\/cordula.coach\/en\/wp-json\/wp\/v2\/types\/product"}],"replies":[{"embeddable":true,"href":"https:\/\/cordula.coach\/en\/wp-json\/wp\/v2\/comments?post=2503"}],"wp:featuredmedia":[{"embeddable":true,"href":"https:\/\/cordula.coach\/en\/wp-json\/wp\/v2\/media\/2504"}],"wp:attachment":[{"href":"https:\/\/cordula.coach\/en\/wp-json\/wp\/v2\/media?parent=2503"}],"wp:term":[{"taxonomy":"product_brand","embeddable":true,"href":"https:\/\/cordula.coach\/en\/wp-json\/wp\/v2\/product_brand?post=2503"},{"taxonomy":"product_cat","embeddable":true,"href":"https:\/\/cordula.coach\/en\/wp-json\/wp\/v2\/product_cat?post=2503"},{"taxonomy":"product_tag","embeddable":true,"href":"https:\/\/cordula.coach\/en\/wp-json\/wp\/v2\/product_tag?post=2503"}],"curies":[{"name":"wp","href":"https:\/\/api.w.org\/{rel}","templated":true}]}}