{"id":2819,"date":"2024-10-10T18:02:44","date_gmt":"2024-10-10T16:02:44","guid":{"rendered":"https:\/\/cordula.coach\/?post_type=product&#038;p=2819"},"modified":"2026-02-22T09:26:49","modified_gmt":"2026-02-22T08:26:49","slug":"numbers-for-a-successful-business-hardcover","status":"publish","type":"product","link":"https:\/\/cordula.coach\/en\/product\/zahlen-fuer-ein-erfolgreiches-business-hardcover\/","title":{"rendered":"Figures for a successful business - Hardcover"},"content":{"rendered":"<p>Hardcover with thread binding, 218 pages with detailed index<\/p>\n<p>The \"Number Series for a Successful Business\" aims to teach you how you can not only achieve your business goals through targeted applications of these number series, but also gain a deeper understanding of sustainable development.<\/p>\n<p>May you not only gain practical knowledge through the pages of this work, but also be inspired to explore new perspectives in your life and work. This book compiles series of figures on various areas of business management.<\/p>\n<p>The series of numbers act like a laser in a very specific way. By reading these numbers and applying them in the respective context, information that was previously difficult to access is activated.<\/p>\n<p>For example, if there is a problem and no solution seems to be in sight, the user can use the numbers to get new ideas about who else he\/she can turn to or what other options are available that he\/she has not yet considered. Information that was previously closed becomes accessible again.<\/p>\n<p>The special feature:<\/p>\n<p>- An introduction by the translator and editor Cordula Ahrens (business coach for about 20 years)<br \/>\n- The technical terms are not simply translated, but adapted to German business language<br \/>\n- The order of the concepts corresponds to the original<br \/>\n- An alphabetical index has been added to make it easier to find the required content<br \/>\n- A reading by Grabovoi to explain the special nature of the economy in the future, for which these contents and figures prepare.<\/p>\n<p>Available for all countries outside Germany from Amazon (https:\/\/www.amazon.de\/dp\/B0DJ965BP2).<\/p>\n<p>&nbsp;<\/p>","protected":false},"excerpt":{"rendered":"<p>Be more successful in business?<\/p>\n<p>The easiest way to do this is to change, polish or improve your mindset.<\/p>\n<p>This happens automatically by reading a few pages of this book every day, for example. For bigger challenges, you can also consult a coach like Cordula Ahrens.<\/p>","protected":false},"featured_media":2812,"comment_status":"open","ping_status":"closed","template":"","meta":[],"product_brand":[],"product_cat":[30],"product_tag":[85,31,33,62,32,66,84,41],"class_list":{"0":"post-2819","1":"product","2":"type-product","3":"status-publish","4":"has-post-thumbnail","6":"product_cat-buch","7":"product_tag-aludroc","8":"product_tag-bildung","9":"product_tag-cordula-ahrens","10":"product_tag-erwachsenenbildung","11":"product_tag-grabovoi","12":"product_tag-grabovoi-codes","13":"product_tag-grabovoi-numbers","14":"product_tag-persoenlichkeitsentwicklung","15":"latest_post","17":"first","18":"instock","19":"taxable","20":"shipping-taxable","21":"purchasable","22":"product-type-simple"},"yoast_head":"<!-- This site is optimized with the Yoast SEO plugin v27.1.1 - https:\/\/yoast.com\/product\/yoast-seo-wordpress\/ -->\n<title>Zahlen f\u00fcr ein erfolgreiches Business - Hardcover - Dein Weg \u00fcber innere Freiheit zu mehr Erfolg!<\/title>\n<meta name=\"robots\" content=\"index, follow, max-snippet:-1, max-image-preview:large, max-video-preview:-1\" \/>\n<link rel=\"canonical\" href=\"https:\/\/cordula.coach\/en\/product\/numbers-for-a-successful-business-hardcover\/\" \/>\n<meta property=\"og:locale\" content=\"en_US\" \/>\n<meta property=\"og:type\" content=\"article\" \/>\n<meta property=\"og:title\" content=\"Zahlen f\u00fcr ein erfolgreiches Business - Hardcover - Dein Weg \u00fcber innere Freiheit zu mehr Erfolg!\" \/>\n<meta property=\"og:description\" content=\"Im Business erfolgreicher sein?  Am leichtesten ist das, indem das Mindset ge\u00e4ndert oder aufpoliert bzw. verbessert wird.  Dies passiert z.B. durch das t\u00e4gliche Lesen einiger Seiten dieses Buches automatisch. Bei gr\u00f6\u00dferen Herausforderungen gerne auch einen Coach einschalten, wie Cordula Ahrens.\" \/>\n<meta property=\"og:url\" content=\"https:\/\/cordula.coach\/en\/product\/numbers-for-a-successful-business-hardcover\/\" \/>\n<meta property=\"og:site_name\" content=\"Dein Weg \u00fcber innere Freiheit zu mehr Erfolg!\" \/>\n<meta property=\"article:modified_time\" content=\"2026-02-22T08:26:49+00:00\" \/>\n<meta name=\"twitter:card\" content=\"summary_large_image\" \/>\n<meta name=\"twitter:label1\" content=\"Est. reading time\" \/>\n\t<meta name=\"twitter:data1\" content=\"1 minute\" \/>\n<script type=\"application\/ld+json\" class=\"yoast-schema-graph\">{\"@context\":\"https:\/\/schema.org\",\"@graph\":[{\"@type\":\"WebPage\",\"@id\":\"https:\/\/cordula.coach\/product\/zahlen-fuer-ein-erfolgreiches-business-hardcover\/\",\"url\":\"https:\/\/cordula.coach\/product\/zahlen-fuer-ein-erfolgreiches-business-hardcover\/\",\"name\":\"Zahlen f\u00fcr ein erfolgreiches Business - Hardcover - Dein Weg \u00fcber innere Freiheit zu mehr Erfolg!\",\"isPartOf\":{\"@id\":\"https:\/\/cordula.coach\/#website\"},\"primaryImageOfPage\":{\"@id\":\"https:\/\/cordula.coach\/product\/zahlen-fuer-ein-erfolgreiches-business-hardcover\/#primaryimage\"},\"image\":{\"@id\":\"https:\/\/cordula.coach\/product\/zahlen-fuer-ein-erfolgreiches-business-hardcover\/#primaryimage\"},\"thumbnailUrl\":\"https:\/\/cordula.coach\/wp-content\/uploads\/2024\/09\/Frontpage.png\",\"datePublished\":\"2024-10-10T16:02:44+00:00\",\"dateModified\":\"2026-02-22T08:26:49+00:00\",\"breadcrumb\":{\"@id\":\"https:\/\/cordula.coach\/product\/zahlen-fuer-ein-erfolgreiches-business-hardcover\/#breadcrumb\"},\"inLanguage\":\"en-US\",\"potentialAction\":[{\"@type\":\"ReadAction\",\"target\":[\"https:\/\/cordula.coach\/product\/zahlen-fuer-ein-erfolgreiches-business-hardcover\/\"]}]},{\"@type\":\"ImageObject\",\"inLanguage\":\"en-US\",\"@id\":\"https:\/\/cordula.coach\/product\/zahlen-fuer-ein-erfolgreiches-business-hardcover\/#primaryimage\",\"url\":\"https:\/\/cordula.coach\/wp-content\/uploads\/2024\/09\/Frontpage.png\",\"contentUrl\":\"https:\/\/cordula.coach\/wp-content\/uploads\/2024\/09\/Frontpage.png\",\"width\":1409,\"height\":2000},{\"@type\":\"BreadcrumbList\",\"@id\":\"https:\/\/cordula.coach\/product\/zahlen-fuer-ein-erfolgreiches-business-hardcover\/#breadcrumb\",\"itemListElement\":[{\"@type\":\"ListItem\",\"position\":1,\"name\":\"Startseite\",\"item\":\"https:\/\/cordula.coach\/\"},{\"@type\":\"ListItem\",\"position\":2,\"name\":\"Shop\",\"item\":\"https:\/\/cordula.coach\/shop\/\"},{\"@type\":\"ListItem\",\"position\":3,\"name\":\"Zahlen f\u00fcr ein erfolgreiches Business &#8211; Hardcover\"}]},{\"@type\":\"WebSite\",\"@id\":\"https:\/\/cordula.coach\/#website\",\"url\":\"https:\/\/cordula.coach\/\",\"name\":\"Dein Weg \u00fcber innere Freiheit zu mehr Erfolg!\",\"description\":\"Cordula Ahrens - Unternehmensberaterin und Coach f\u00fcr Dein Bewusstsein\",\"publisher\":{\"@id\":\"https:\/\/cordula.coach\/#organization\"},\"potentialAction\":[{\"@type\":\"SearchAction\",\"target\":{\"@type\":\"EntryPoint\",\"urlTemplate\":\"https:\/\/cordula.coach\/?s={search_term_string}\"},\"query-input\":{\"@type\":\"PropertyValueSpecification\",\"valueRequired\":true,\"valueName\":\"search_term_string\"}}],\"inLanguage\":\"en-US\"},{\"@type\":\"Organization\",\"@id\":\"https:\/\/cordula.coach\/#organization\",\"name\":\"Dein Weg \u00fcber innere Freiheit zu mehr Erfolg!\",\"url\":\"https:\/\/cordula.coach\/\",\"logo\":{\"@type\":\"ImageObject\",\"inLanguage\":\"en-US\",\"@id\":\"https:\/\/cordula.coach\/#\/schema\/logo\/image\/\",\"url\":\"https:\/\/cordula.coach\/wp-content\/uploads\/2020\/09\/cropped-Logo-gro\u0308sser-1-e1618052237872.png\",\"contentUrl\":\"https:\/\/cordula.coach\/wp-content\/uploads\/2020\/09\/cropped-Logo-gro\u0308sser-1-e1618052237872.png\",\"width\":60,\"height\":60,\"caption\":\"Dein Weg \u00fcber innere Freiheit zu mehr Erfolg!\"},\"image\":{\"@id\":\"https:\/\/cordula.coach\/#\/schema\/logo\/image\/\"}}]}<\/script>\n<!-- \/ Yoast SEO plugin. -->","yoast_head_json":{"title":"Numbers for a successful business - Hardcover - Your path to more success through inner freedom!","robots":{"index":"index","follow":"follow","max-snippet":"max-snippet:-1","max-image-preview":"max-image-preview:large","max-video-preview":"max-video-preview:-1"},"canonical":"https:\/\/cordula.coach\/en\/product\/numbers-for-a-successful-business-hardcover\/","og_locale":"en_US","og_type":"article","og_title":"Zahlen f\u00fcr ein erfolgreiches Business - Hardcover - Dein Weg \u00fcber innere Freiheit zu mehr Erfolg!","og_description":"Im Business erfolgreicher sein?  Am leichtesten ist das, indem das Mindset ge\u00e4ndert oder aufpoliert bzw. verbessert wird.  Dies passiert z.B. durch das t\u00e4gliche Lesen einiger Seiten dieses Buches automatisch. Bei gr\u00f6\u00dferen Herausforderungen gerne auch einen Coach einschalten, wie Cordula Ahrens.","og_url":"https:\/\/cordula.coach\/en\/product\/numbers-for-a-successful-business-hardcover\/","og_site_name":"Dein Weg \u00fcber innere Freiheit zu mehr Erfolg!","article_modified_time":"2026-02-22T08:26:49+00:00","twitter_card":"summary_large_image","twitter_misc":{"Est. reading time":"1 minute"},"schema":{"@context":"https:\/\/schema.org","@graph":[{"@type":"WebPage","@id":"https:\/\/cordula.coach\/product\/zahlen-fuer-ein-erfolgreiches-business-hardcover\/","url":"https:\/\/cordula.coach\/product\/zahlen-fuer-ein-erfolgreiches-business-hardcover\/","name":"Numbers for a successful business - Hardcover - Your path to more success through inner freedom!","isPartOf":{"@id":"https:\/\/cordula.coach\/#website"},"primaryImageOfPage":{"@id":"https:\/\/cordula.coach\/product\/zahlen-fuer-ein-erfolgreiches-business-hardcover\/#primaryimage"},"image":{"@id":"https:\/\/cordula.coach\/product\/zahlen-fuer-ein-erfolgreiches-business-hardcover\/#primaryimage"},"thumbnailUrl":"https:\/\/cordula.coach\/wp-content\/uploads\/2024\/09\/Frontpage.png","datePublished":"2024-10-10T16:02:44+00:00","dateModified":"2026-02-22T08:26:49+00:00","breadcrumb":{"@id":"https:\/\/cordula.coach\/product\/zahlen-fuer-ein-erfolgreiches-business-hardcover\/#breadcrumb"},"inLanguage":"en-US","potentialAction":[{"@type":"ReadAction","target":["https:\/\/cordula.coach\/product\/zahlen-fuer-ein-erfolgreiches-business-hardcover\/"]}]},{"@type":"ImageObject","inLanguage":"en-US","@id":"https:\/\/cordula.coach\/product\/zahlen-fuer-ein-erfolgreiches-business-hardcover\/#primaryimage","url":"https:\/\/cordula.coach\/wp-content\/uploads\/2024\/09\/Frontpage.png","contentUrl":"https:\/\/cordula.coach\/wp-content\/uploads\/2024\/09\/Frontpage.png","width":1409,"height":2000},{"@type":"BreadcrumbList","@id":"https:\/\/cordula.coach\/product\/zahlen-fuer-ein-erfolgreiches-business-hardcover\/#breadcrumb","itemListElement":[{"@type":"ListItem","position":1,"name":"Startseite","item":"https:\/\/cordula.coach\/"},{"@type":"ListItem","position":2,"name":"Shop","item":"https:\/\/cordula.coach\/shop\/"},{"@type":"ListItem","position":3,"name":"Zahlen f\u00fcr ein erfolgreiches Business &#8211; Hardcover"}]},{"@type":"WebSite","@id":"https:\/\/cordula.coach\/#website","url":"https:\/\/cordula.coach\/","name":"Your path to more success through inner freedom!","description":"Cordula Ahrens - Management consultant and coach for your consciousness","publisher":{"@id":"https:\/\/cordula.coach\/#organization"},"potentialAction":[{"@type":"SearchAction","target":{"@type":"EntryPoint","urlTemplate":"https:\/\/cordula.coach\/?s={search_term_string}"},"query-input":{"@type":"PropertyValueSpecification","valueRequired":true,"valueName":"search_term_string"}}],"inLanguage":"en-US"},{"@type":"Organization","@id":"https:\/\/cordula.coach\/#organization","name":"Your path to more success through inner freedom!","url":"https:\/\/cordula.coach\/","logo":{"@type":"ImageObject","inLanguage":"en-US","@id":"https:\/\/cordula.coach\/#\/schema\/logo\/image\/","url":"https:\/\/cordula.coach\/wp-content\/uploads\/2020\/09\/cropped-Logo-gro\u0308sser-1-e1618052237872.png","contentUrl":"https:\/\/cordula.coach\/wp-content\/uploads\/2020\/09\/cropped-Logo-gro\u0308sser-1-e1618052237872.png","width":60,"height":60,"caption":"Dein Weg \u00fcber innere Freiheit zu mehr Erfolg!"},"image":{"@id":"https:\/\/cordula.coach\/#\/schema\/logo\/image\/"}}]}},"_links":{"self":[{"href":"https:\/\/cordula.coach\/en\/wp-json\/wp\/v2\/product\/2819","targetHints":{"allow":["GET"]}}],"collection":[{"href":"https:\/\/cordula.coach\/en\/wp-json\/wp\/v2\/product"}],"about":[{"href":"https:\/\/cordula.coach\/en\/wp-json\/wp\/v2\/types\/product"}],"replies":[{"embeddable":true,"href":"https:\/\/cordula.coach\/en\/wp-json\/wp\/v2\/comments?post=2819"}],"wp:featuredmedia":[{"embeddable":true,"href":"https:\/\/cordula.coach\/en\/wp-json\/wp\/v2\/media\/2812"}],"wp:attachment":[{"href":"https:\/\/cordula.coach\/en\/wp-json\/wp\/v2\/media?parent=2819"}],"wp:term":[{"taxonomy":"product_brand","embeddable":true,"href":"https:\/\/cordula.coach\/en\/wp-json\/wp\/v2\/product_brand?post=2819"},{"taxonomy":"product_cat","embeddable":true,"href":"https:\/\/cordula.coach\/en\/wp-json\/wp\/v2\/product_cat?post=2819"},{"taxonomy":"product_tag","embeddable":true,"href":"https:\/\/cordula.coach\/en\/wp-json\/wp\/v2\/product_tag?post=2819"}],"curies":[{"name":"wp","href":"https:\/\/api.w.org\/{rel}","templated":true}]}}