{"id":2149,"date":"2021-04-10T17:52:32","date_gmt":"2021-04-10T15:52:32","guid":{"rendered":"https:\/\/cordula.coach\/?page_id=2149"},"modified":"2025-01-28T18:33:09","modified_gmt":"2025-01-28T17:33:09","slug":"prk-1u","status":"publish","type":"page","link":"https:\/\/cordula.coach\/it\/prk-1u\/","title":{"rendered":"PRK-1U"},"content":{"rendered":"<div data-elementor-type=\"wp-page\" data-elementor-id=\"2149\" class=\"elementor elementor-2149\">\n\t\t\t\t<div class=\"elementor-element elementor-element-21e8d16 e-flex e-con-boxed wpr-particle-no wpr-jarallax-no wpr-parallax-no wpr-sticky-section-no e-con e-parent\" data-id=\"21e8d16\" data-element_type=\"container\" data-e-type=\"container\">\n\t\t\t\t\t<div class=\"e-con-inner\">\n\t\t\t\t<div class=\"elementor-element elementor-element-bc88d17 elementor-widget elementor-widget-image\" data-id=\"bc88d17\" data-element_type=\"widget\" data-e-type=\"widget\" data-widget_type=\"image.default\">\n\t\t\t\t\t\t\t\t\t\t\t\t\t\t\t<img fetchpriority=\"high\" decoding=\"async\" width=\"1024\" height=\"729\" src=\"https:\/\/cordula.coach\/wp-content\/uploads\/2021\/04\/Bildschirmfoto-2021-04-11-um-11.36.14-1024x729.png\" class=\"attachment-large size-large wp-image-2198\" alt=\"\" srcset=\"https:\/\/cordula.coach\/wp-content\/uploads\/2021\/04\/Bildschirmfoto-2021-04-11-um-11.36.14-1024x729.png 1024w, https:\/\/cordula.coach\/wp-content\/uploads\/2021\/04\/Bildschirmfoto-2021-04-11-um-11.36.14-300x214.png 300w, https:\/\/cordula.coach\/wp-content\/uploads\/2021\/04\/Bildschirmfoto-2021-04-11-um-11.36.14-600x427.png 600w, https:\/\/cordula.coach\/wp-content\/uploads\/2021\/04\/Bildschirmfoto-2021-04-11-um-11.36.14-768x547.png 768w, https:\/\/cordula.coach\/wp-content\/uploads\/2021\/04\/Bildschirmfoto-2021-04-11-um-11.36.14-84x60.png 84w, https:\/\/cordula.coach\/wp-content\/uploads\/2021\/04\/Bildschirmfoto-2021-04-11-um-11.36.14.png 1278w\" sizes=\"(max-width: 1024px) 100vw, 1024px\" \/>\t\t\t\t\t\t\t\t\t\t\t\t\t\t\t<\/div>\n\t\t\t\t\t<\/div>\n\t\t\t\t<\/div>\n\t\t<div class=\"elementor-element elementor-element-380a5afe e-flex e-con-boxed wpr-particle-no wpr-jarallax-no wpr-parallax-no wpr-sticky-section-no e-con e-parent\" data-id=\"380a5afe\" data-element_type=\"container\" data-e-type=\"container\">\n\t\t\t\t\t<div class=\"e-con-inner\">\n\t\t\t\t<div class=\"elementor-element elementor-element-4a9d4ecd elementor-widget elementor-widget-text-editor\" data-id=\"4a9d4ecd\" data-element_type=\"widget\" data-e-type=\"widget\" data-widget_type=\"text-editor.default\">\n\t\t\t\t\t\t\t\t\t\n<p>Il PRK-1U ha molte facce.<\/p>\n\n<p>L'esterno si differenzia per la disposizione delle lenti e pu\u00f2 presentare anche una placca d'argento con diamanti. Esiste anche un dispositivo unico con un piccolo specchio all'esterno.<\/p>\n\n<p>\u00a0<\/p>\n\n<p class=\"has-normal-font-size\">Il PRK-1U \u00e8 un'innovazione tecnologica senza precedenti nel mondo scientifico di oggi. \u00c8 stato sviluppato dal fisico e matematico russo Grigori Grabovoi ed \u00e8 il risultato di oltre 20 anni di ricerca e sviluppo.<\/p>\n\n<div class=\"wp-block-media-text alignwide is-stacked-on-mobile\">\n<figure class=\"wp-block-media-text__media\"><img decoding=\"async\" width=\"1024\" height=\"683\" class=\"wp-image-2201 size-full\" src=\"https:\/\/cordula.coach\/wp-content\/uploads\/2021\/04\/woman-1446557_1920-1024x683.jpg\" alt=\"\" srcset=\"https:\/\/cordula.coach\/wp-content\/uploads\/2021\/04\/woman-1446557_1920-1024x683.jpg 1024w, https:\/\/cordula.coach\/wp-content\/uploads\/2021\/04\/woman-1446557_1920-300x200.jpg 300w, https:\/\/cordula.coach\/wp-content\/uploads\/2021\/04\/woman-1446557_1920-600x400.jpg 600w, https:\/\/cordula.coach\/wp-content\/uploads\/2021\/04\/woman-1446557_1920-768x512.jpg 768w, https:\/\/cordula.coach\/wp-content\/uploads\/2021\/04\/woman-1446557_1920-1536x1024.jpg 1536w, https:\/\/cordula.coach\/wp-content\/uploads\/2021\/04\/woman-1446557_1920-90x60.jpg 90w, https:\/\/cordula.coach\/wp-content\/uploads\/2021\/04\/woman-1446557_1920.jpg 1920w\" sizes=\"(max-width: 1024px) 100vw, 1024px\" \/><\/figure>\n<div class=\"wp-block-media-text__content\">\n<p class=\"has-normal-font-size\">\u00c8 il risultato della teoria della sintesi ondulatoria e delle leggi della meccanica quantistica, che dimostrano che la radiazione del <strong>Pensieri<\/strong> pu\u00f2 avere due stati quantici allo stesso tempo. Il dottor Grigori Grabovoi ha dimostrato che i pensieri sono un biosegnale elettromagnetico, <strong>un'onda debole di luce che influenza tutti gli elementi della realt\u00e0.<\/strong><\/p>\n<\/div>\n<\/div>\n\n<p>\u00a0<\/p>\n\n<p>Il dispositivo PRK-1U cattura le onde informative dei nostri pensieri e le amplifica in modo che possano agire sulla realt\u00e0 in modo pi\u00f9 efficace, pi\u00f9 preciso e pi\u00f9 rapido per normalizzare qualsiasi situazione.<\/p>\n\n<div class=\"wp-block-media-text alignwide has-media-on-the-right is-stacked-on-mobile\">\n<div class=\"wp-block-media-text__content\">\n<p class=\"has-normal-font-size\">Grazie ai suoi sistemi ottici ed elettromagnetici, il PRK-1U focalizza la radiazione dei pensieri, permettendole di esercitare una reale influenza sulla nostra realt\u00e0 fisica. Questo \u00e8 ci\u00f2 che il dottor Grigori Grabovoi chiama controllo della realt\u00e0.<br \/>Come supporto reale, partecipa alla strutturazione e allo sviluppo della nostra coscienza, che diventa sempre pi\u00f9 densa, concentrata ed efficiente. <strong>Creazione della nostra realt\u00e0 fisica e sottile <\/strong>diventa.<\/p>\n<\/div>\n<figure class=\"wp-block-media-text__media\"><img decoding=\"async\" class=\"wp-image-2203 size-full\" src=\"https:\/\/cordula.coach\/wp-content\/uploads\/2021\/04\/IMG_9773-1024x667.jpeg\" alt=\"\" \/><\/figure>\n<\/div>\n\n<p>\u00a0<\/p>\n\n<p>Come un gigantesco magnete, assorbe anche tutte le informazioni standard del nostro ambiente e ce le restituisce in forma altamente concentrata. Il nostro organismo si sincronizza a queste informazioni come un diapason e con il tempo impara a generare da solo questa vibrazione. <strong>Dopo un certo tempo<\/strong> di applicazione (pi\u00f9 o meno lungo, a seconda del grado di sviluppo della nostra coscienza), <strong>il nostro organismo genera in modo permanente questa vibrazione ottimale da solo e non abbiamo pi\u00f9 bisogno del dispositivo.<\/strong>.<\/p>\n\n<p>Quando parliamo di informazione, intendiamo le onde quantistiche che formano il campo informativo ottimale in cui siamo immersi. Questa informazione non pu\u00f2 che essere di grande utilit\u00e0 per noi, perch\u00e9 \u00e8 la fonte della vita.<\/p>\n\n<p>Emettendo queste informazioni vibrazionali ottimali, il PRK-1U migliora significativamente la nostra concentrazione, aumenta la velocit\u00e0 e la produttivit\u00e0 del nostro pensiero e promuove lo sviluppo di tutte le nostre capacit\u00e0 extrasensoriali.<\/p>\n\n<p>Infine, il dispositivo analizza l'intensit\u00e0 di radiazione richiesta da ciascuna cellula e aumenta l'intensit\u00e0 di radiazione della cellula target utilizzando i suoi campi ottici ed elettromagnetici.<\/p>\n\n<p>Grazie alla fisica quantistica e al dottor Grigori Grabovoi, oggi sappiamo che la strutturazione e lo sviluppo della coscienza umana e la concentrazione del pensiero hanno un'influenza originale sulla realt\u00e0 che viviamo.<\/p>\n\n<p>\u00a0<\/p>\n\n<h2 class=\"wp-block-heading has-text-align-center\">Il PRK-1U si basa sulle invenzioni brevettate<\/h2>\n\n<h2 class=\"wp-block-heading has-text-align-center\">del dottor Grigori Grabovoi<\/h2>\n\n<p style=\"font-size: 12px;\">PRK-1U e i metodi menzionati non sono destinati a curare o diagnosticare alcuna malattia. Vengono forniti solo a titolo sperimentale, senza alcuna promessa di risultati. Non esonerano in alcun modo l'utente dall'eseguire un trattamento o dal consultare un medico.<\/p>\n\t\t\t\t\t\t\t\t<\/div>\n\t\t\t\t\t<\/div>\n\t\t\t\t<\/div>\n\t\t<div class=\"elementor-element elementor-element-d191ad0 e-flex e-con-boxed wpr-particle-no wpr-jarallax-no wpr-parallax-no wpr-sticky-section-no e-con e-parent\" data-id=\"d191ad0\" data-element_type=\"container\" data-e-type=\"container\">\n\t\t\t\t\t<div class=\"e-con-inner\">\n\t\t<div class=\"elementor-element elementor-element-eca3045 e-con-full e-flex wpr-particle-no wpr-jarallax-no wpr-parallax-no wpr-sticky-section-no e-con e-child\" data-id=\"eca3045\" data-element_type=\"container\" data-e-type=\"container\">\n\t\t\t\t<\/div>\n\t\t<div class=\"elementor-element elementor-element-bc99c7f e-con-full e-flex wpr-particle-no wpr-jarallax-no wpr-parallax-no wpr-sticky-section-no e-con e-child\" data-id=\"bc99c7f\" data-element_type=\"container\" data-e-type=\"container\">\n\t\t\t\t<\/div>\n\t\t\t\t\t<\/div>\n\t\t\t\t<\/div>\n\t\t<div class=\"elementor-element elementor-element-bcafc55 e-flex e-con-boxed wpr-particle-no wpr-jarallax-no wpr-parallax-no wpr-sticky-section-no e-con e-parent\" data-id=\"bcafc55\" data-element_type=\"container\" data-e-type=\"container\">\n\t\t\t\t\t<div class=\"e-con-inner\">\n\t\t\t\t\t<\/div>\n\t\t\t\t<\/div>\n\t\t<div class=\"elementor-element elementor-element-7619522 e-flex e-con-boxed wpr-particle-no wpr-jarallax-no wpr-parallax-no wpr-sticky-section-no e-con e-parent\" data-id=\"7619522\" data-element_type=\"container\" data-e-type=\"container\">\n\t\t\t\t\t<div class=\"e-con-inner\">\n\t\t\t\t<div class=\"elementor-element elementor-element-2cb2bd9 elementor-align-center elementor-widget elementor-widget-button\" data-id=\"2cb2bd9\" data-element_type=\"widget\" data-e-type=\"widget\" data-widget_type=\"button.default\">\n\t\t\t\t\t\t\t\t\t\t<a class=\"elementor-button elementor-button-link elementor-size-sm\" href=\"https:\/\/cordula.coach\/it\/grigori-grabovoi\/\">\n\t\t\t\t\t\t<span class=\"elementor-button-content-wrapper\">\n\t\t\t\t\t\t\t\t\t<span class=\"elementor-button-text\">Informazioni sul Prof Dr. Grigori Grabovoi<\/span>\n\t\t\t\t\t<\/span>\n\t\t\t\t\t<\/a>\n\t\t\t\t\t\t\t\t<\/div>\n\t\t\t\t\t<\/div>\n\t\t\t\t<\/div>\n\t\t\t\t<\/div>","protected":false},"excerpt":{"rendered":"<p>Il PRK-1U ha molte facce. Il suo esterno si differenzia per la disposizione delle lenti e pu\u00f2 anche avere una placca d'argento con diamanti. Esiste anche un dispositivo unico con un piccolo specchio all'esterno.   Il PRK-1U \u00e8 un'innovazione tecnologica senza precedenti nel mondo scientifico di oggi. \u00c8 stato sviluppato dal ... <\/p>","protected":false},"author":33,"featured_media":0,"parent":0,"menu_order":0,"comment_status":"closed","ping_status":"closed","template":"","meta":{"footnotes":""},"class_list":["post-2149","page","type-page","status-publish","hentry","latest_post"],"yoast_head":"<!-- This site is optimized with the Yoast SEO plugin v27.1.1 - https:\/\/yoast.com\/product\/yoast-seo-wordpress\/ -->\n<title>PRK-1U - Dein Weg \u00fcber innere Freiheit zu mehr Erfolg!<\/title>\n<meta name=\"robots\" content=\"index, follow, max-snippet:-1, max-image-preview:large, max-video-preview:-1\" \/>\n<link rel=\"canonical\" href=\"https:\/\/cordula.coach\/it\/prk-1u\/\" \/>\n<meta property=\"og:locale\" content=\"it_IT\" \/>\n<meta property=\"og:type\" content=\"article\" \/>\n<meta property=\"og:title\" content=\"PRK-1U - Dein Weg \u00fcber innere Freiheit zu mehr Erfolg!\" \/>\n<meta property=\"og:description\" content=\"Das PRK-1U hat viele Gesichter. Sein Au\u00dfen unterscheidet sich in der Anordnung der Linsen und es hat evtl. noch eine Silberplatte mit Diamanten. Es gibt sogar ein einzigartiges Ger\u00e4t mit einem kleinen Spiegel auf seiner Au\u00dfenseite. \u00a0 Das PRK-1U ist eine noch nie dagewesene technologische Innovation in der heutigen wissenschaftlichen Welt. Es wurde von dem &hellip;\" \/>\n<meta property=\"og:url\" content=\"https:\/\/cordula.coach\/it\/prk-1u\/\" \/>\n<meta property=\"og:site_name\" content=\"Dein Weg \u00fcber innere Freiheit zu mehr Erfolg!\" \/>\n<meta property=\"article:modified_time\" content=\"2025-01-28T17:33:09+00:00\" \/>\n<meta property=\"og:image\" content=\"https:\/\/cordula.coach\/wp-content\/uploads\/2021\/04\/Bildschirmfoto-2021-04-11-um-11.36.14.png\" \/>\n\t<meta property=\"og:image:width\" content=\"1278\" \/>\n\t<meta property=\"og:image:height\" content=\"910\" \/>\n\t<meta property=\"og:image:type\" content=\"image\/png\" \/>\n<meta name=\"twitter:card\" content=\"summary_large_image\" \/>\n<meta name=\"twitter:label1\" content=\"Tempo di lettura stimato\" \/>\n\t<meta name=\"twitter:data1\" content=\"2 minuti\" \/>\n<script type=\"application\/ld+json\" class=\"yoast-schema-graph\">{\"@context\":\"https:\/\/schema.org\",\"@graph\":[{\"@type\":\"WebPage\",\"@id\":\"https:\/\/cordula.coach\/prk-1u\/\",\"url\":\"https:\/\/cordula.coach\/prk-1u\/\",\"name\":\"PRK-1U - Dein Weg \u00fcber innere Freiheit zu mehr Erfolg!\",\"isPartOf\":{\"@id\":\"https:\/\/cordula.coach\/#website\"},\"primaryImageOfPage\":{\"@id\":\"https:\/\/cordula.coach\/prk-1u\/#primaryimage\"},\"image\":{\"@id\":\"https:\/\/cordula.coach\/prk-1u\/#primaryimage\"},\"thumbnailUrl\":\"https:\/\/cordula.coach\/wp-content\/uploads\/2021\/04\/Bildschirmfoto-2021-04-11-um-11.36.14-1024x729.png\",\"datePublished\":\"2021-04-10T15:52:32+00:00\",\"dateModified\":\"2025-01-28T17:33:09+00:00\",\"breadcrumb\":{\"@id\":\"https:\/\/cordula.coach\/prk-1u\/#breadcrumb\"},\"inLanguage\":\"it-IT\",\"potentialAction\":[{\"@type\":\"ReadAction\",\"target\":[\"https:\/\/cordula.coach\/prk-1u\/\"]}]},{\"@type\":\"ImageObject\",\"inLanguage\":\"it-IT\",\"@id\":\"https:\/\/cordula.coach\/prk-1u\/#primaryimage\",\"url\":\"https:\/\/cordula.coach\/wp-content\/uploads\/2021\/04\/Bildschirmfoto-2021-04-11-um-11.36.14-1024x729.png\",\"contentUrl\":\"https:\/\/cordula.coach\/wp-content\/uploads\/2021\/04\/Bildschirmfoto-2021-04-11-um-11.36.14-1024x729.png\"},{\"@type\":\"BreadcrumbList\",\"@id\":\"https:\/\/cordula.coach\/prk-1u\/#breadcrumb\",\"itemListElement\":[{\"@type\":\"ListItem\",\"position\":1,\"name\":\"Startseite\",\"item\":\"https:\/\/cordula.coach\/\"},{\"@type\":\"ListItem\",\"position\":2,\"name\":\"PRK-1U\"}]},{\"@type\":\"WebSite\",\"@id\":\"https:\/\/cordula.coach\/#website\",\"url\":\"https:\/\/cordula.coach\/\",\"name\":\"Dein Weg \u00fcber innere Freiheit zu mehr Erfolg!\",\"description\":\"Cordula Ahrens - Unternehmensberaterin und Coach f\u00fcr Dein Bewusstsein\",\"publisher\":{\"@id\":\"https:\/\/cordula.coach\/#organization\"},\"potentialAction\":[{\"@type\":\"SearchAction\",\"target\":{\"@type\":\"EntryPoint\",\"urlTemplate\":\"https:\/\/cordula.coach\/?s={search_term_string}\"},\"query-input\":{\"@type\":\"PropertyValueSpecification\",\"valueRequired\":true,\"valueName\":\"search_term_string\"}}],\"inLanguage\":\"it-IT\"},{\"@type\":\"Organization\",\"@id\":\"https:\/\/cordula.coach\/#organization\",\"name\":\"Dein Weg \u00fcber innere Freiheit zu mehr Erfolg!\",\"url\":\"https:\/\/cordula.coach\/\",\"logo\":{\"@type\":\"ImageObject\",\"inLanguage\":\"it-IT\",\"@id\":\"https:\/\/cordula.coach\/#\/schema\/logo\/image\/\",\"url\":\"https:\/\/cordula.coach\/wp-content\/uploads\/2020\/09\/cropped-Logo-gro\u0308sser-1-e1618052237872.png\",\"contentUrl\":\"https:\/\/cordula.coach\/wp-content\/uploads\/2020\/09\/cropped-Logo-gro\u0308sser-1-e1618052237872.png\",\"width\":60,\"height\":60,\"caption\":\"Dein Weg \u00fcber innere Freiheit zu mehr Erfolg!\"},\"image\":{\"@id\":\"https:\/\/cordula.coach\/#\/schema\/logo\/image\/\"}}]}<\/script>\n<!-- \/ Yoast SEO plugin. -->","yoast_head_json":{"title":"PRK-1U - Il suo percorso verso un maggiore successo attraverso la libert\u00e0 interiore!","robots":{"index":"index","follow":"follow","max-snippet":"max-snippet:-1","max-image-preview":"max-image-preview:large","max-video-preview":"max-video-preview:-1"},"canonical":"https:\/\/cordula.coach\/it\/prk-1u\/","og_locale":"it_IT","og_type":"article","og_title":"PRK-1U - Dein Weg \u00fcber innere Freiheit zu mehr Erfolg!","og_description":"Das PRK-1U hat viele Gesichter. Sein Au\u00dfen unterscheidet sich in der Anordnung der Linsen und es hat evtl. noch eine Silberplatte mit Diamanten. Es gibt sogar ein einzigartiges Ger\u00e4t mit einem kleinen Spiegel auf seiner Au\u00dfenseite. \u00a0 Das PRK-1U ist eine noch nie dagewesene technologische Innovation in der heutigen wissenschaftlichen Welt. Es wurde von dem &hellip;","og_url":"https:\/\/cordula.coach\/it\/prk-1u\/","og_site_name":"Dein Weg \u00fcber innere Freiheit zu mehr Erfolg!","article_modified_time":"2025-01-28T17:33:09+00:00","og_image":[{"width":1278,"height":910,"url":"https:\/\/cordula.coach\/wp-content\/uploads\/2021\/04\/Bildschirmfoto-2021-04-11-um-11.36.14.png","type":"image\/png"}],"twitter_card":"summary_large_image","twitter_misc":{"Tempo di lettura stimato":"2 minuti"},"schema":{"@context":"https:\/\/schema.org","@graph":[{"@type":"WebPage","@id":"https:\/\/cordula.coach\/prk-1u\/","url":"https:\/\/cordula.coach\/prk-1u\/","name":"PRK-1U - Il suo percorso verso un maggiore successo attraverso la libert\u00e0 interiore!","isPartOf":{"@id":"https:\/\/cordula.coach\/#website"},"primaryImageOfPage":{"@id":"https:\/\/cordula.coach\/prk-1u\/#primaryimage"},"image":{"@id":"https:\/\/cordula.coach\/prk-1u\/#primaryimage"},"thumbnailUrl":"https:\/\/cordula.coach\/wp-content\/uploads\/2021\/04\/Bildschirmfoto-2021-04-11-um-11.36.14-1024x729.png","datePublished":"2021-04-10T15:52:32+00:00","dateModified":"2025-01-28T17:33:09+00:00","breadcrumb":{"@id":"https:\/\/cordula.coach\/prk-1u\/#breadcrumb"},"inLanguage":"it-IT","potentialAction":[{"@type":"ReadAction","target":["https:\/\/cordula.coach\/prk-1u\/"]}]},{"@type":"ImageObject","inLanguage":"it-IT","@id":"https:\/\/cordula.coach\/prk-1u\/#primaryimage","url":"https:\/\/cordula.coach\/wp-content\/uploads\/2021\/04\/Bildschirmfoto-2021-04-11-um-11.36.14-1024x729.png","contentUrl":"https:\/\/cordula.coach\/wp-content\/uploads\/2021\/04\/Bildschirmfoto-2021-04-11-um-11.36.14-1024x729.png"},{"@type":"BreadcrumbList","@id":"https:\/\/cordula.coach\/prk-1u\/#breadcrumb","itemListElement":[{"@type":"ListItem","position":1,"name":"Startseite","item":"https:\/\/cordula.coach\/"},{"@type":"ListItem","position":2,"name":"PRK-1U"}]},{"@type":"WebSite","@id":"https:\/\/cordula.coach\/#website","url":"https:\/\/cordula.coach\/","name":"Il vostro percorso verso un maggiore successo attraverso la libert\u00e0 interiore!","description":"Cordula Ahrens - Consulente di gestione e coach per la vostra consapevolezza","publisher":{"@id":"https:\/\/cordula.coach\/#organization"},"potentialAction":[{"@type":"SearchAction","target":{"@type":"EntryPoint","urlTemplate":"https:\/\/cordula.coach\/?s={search_term_string}"},"query-input":{"@type":"PropertyValueSpecification","valueRequired":true,"valueName":"search_term_string"}}],"inLanguage":"it-IT"},{"@type":"Organization","@id":"https:\/\/cordula.coach\/#organization","name":"Il vostro percorso verso un maggiore successo attraverso la libert\u00e0 interiore!","url":"https:\/\/cordula.coach\/","logo":{"@type":"ImageObject","inLanguage":"it-IT","@id":"https:\/\/cordula.coach\/#\/schema\/logo\/image\/","url":"https:\/\/cordula.coach\/wp-content\/uploads\/2020\/09\/cropped-Logo-gro\u0308sser-1-e1618052237872.png","contentUrl":"https:\/\/cordula.coach\/wp-content\/uploads\/2020\/09\/cropped-Logo-gro\u0308sser-1-e1618052237872.png","width":60,"height":60,"caption":"Dein Weg \u00fcber innere Freiheit zu mehr Erfolg!"},"image":{"@id":"https:\/\/cordula.coach\/#\/schema\/logo\/image\/"}}]}},"_links":{"self":[{"href":"https:\/\/cordula.coach\/it\/wp-json\/wp\/v2\/pages\/2149","targetHints":{"allow":["GET"]}}],"collection":[{"href":"https:\/\/cordula.coach\/it\/wp-json\/wp\/v2\/pages"}],"about":[{"href":"https:\/\/cordula.coach\/it\/wp-json\/wp\/v2\/types\/page"}],"author":[{"embeddable":true,"href":"https:\/\/cordula.coach\/it\/wp-json\/wp\/v2\/users\/33"}],"replies":[{"embeddable":true,"href":"https:\/\/cordula.coach\/it\/wp-json\/wp\/v2\/comments?post=2149"}],"version-history":[{"count":10,"href":"https:\/\/cordula.coach\/it\/wp-json\/wp\/v2\/pages\/2149\/revisions"}],"predecessor-version":[{"id":3005,"href":"https:\/\/cordula.coach\/it\/wp-json\/wp\/v2\/pages\/2149\/revisions\/3005"}],"wp:attachment":[{"href":"https:\/\/cordula.coach\/it\/wp-json\/wp\/v2\/media?parent=2149"}],"curies":[{"name":"wp","href":"https:\/\/api.w.org\/{rel}","templated":true}]}}