{"id":2345,"date":"2021-06-02T10:02:39","date_gmt":"2021-06-02T08:02:39","guid":{"rendered":"https:\/\/cordula.coach\/?post_type=product&#038;p=2345"},"modified":"2026-03-19T11:55:57","modified_gmt":"2026-03-19T10:55:57","slug":"libro-degli-adempimenti","status":"publish","type":"product","link":"https:\/\/cordula.coach\/it\/product\/erfuellungsbuch\/","title":{"rendered":"Il vostro libro della realizzazione: routine mattutina e serale per il vostro successo"},"content":{"rendered":"<p>E se tutto ci\u00f2 che si pu\u00f2 immaginare potesse diventare realt\u00e0?<\/p>\n<p>S\u00ec, credo che sia stato <span id=\"more_text\">\u00c8 stata una delle prime cose che la maggior parte dei genitori ci ha tolto dall'abitudine di fare.<\/span><\/p>\n<p><span id=\"more_text\"><br \/>\nFrasi come:<br \/>\n\"<em>Si pu\u00f2 desiderare molto quando la giornata \u00e8 lunga<\/em>.\"<br \/>\nForse sono caduti anche nella vostra infanzia.<\/span><\/p>\n<p><span id=\"more_text\"><br \/>\nCon questo <strong>Libro dell'adempimento<\/strong> imparerete a credere di nuovo nei vostri desideri. <strong>La fede<\/strong> \u00e8 il passo che precede il <strong>Conoscenza<\/strong>. Anche se sapete gi\u00e0 che le cose che volete davvero sono sempre state realizzate nella vostra vita, giusto?<\/span><\/p>\n<p><span id=\"more_text\"><br \/>\nUtilizzate quindi questo libro per aiutarvi <strong>I vostri veri desideri <\/strong>a<strong> adempiere<\/strong>per portarli nella vostra realt\u00e0 attraverso le vostre possibilit\u00e0 di visualizzazione.<\/span><\/p>\n<p><span id=\"more_text\"><br \/>\nE se non ci credete ancora, so che funziona!<br \/>\nSi pu\u00f2 solo fingere di sapere all'inizio finch\u00e9 non si sa.<br \/>\nSe sapete gi\u00e0 che \u00e8 cos\u00ec, accelerate il processo nella vostra vita con l'aiuto di questo libro sulla realizzazione.<\/span><\/p>\n<p><span id=\"more_text\"><br \/>\n<strong>Realizzare l'evento o l'obiettivo desiderato<\/strong><\/span><\/p>\n<p><span id=\"more_text\"><br \/>\nIl vostro sar\u00e0 fatto - quindi ricominciate a VOLERLO!<\/span><\/p>\n<p><span id=\"more_text\"><br \/>\nUn libro di <strong>Cordula Ahrens<\/strong><br \/>\nIl vostro allenatore della chiarezza per una maggiore consapevolezza e motivazione<\/span><\/p>\n<p>&nbsp;<\/p>\n<p>DIN A5<\/p>\n<p>Pratica rilegatura a spirale<\/p>\n<p>136 pagine - per 3 mesi (o pi\u00f9) di compagnia nella vostra vita.<\/p>\n<p>ISBN: 978-3-754966-60-0<\/p>\n<p>Pu\u00f2 essere utilizzato come libro di accompagnamento del Coaching Premium \"Salto quantico nella sua libert\u00e0\".<\/p>","protected":false},"excerpt":{"rendered":"<p>Il vostro compagno quotidiano per i rituali del mattino e della sera. Porta <strong>Gioia<\/strong> nella vostra vita.<\/p>\n<p>Vi aiuta a <strong>maggiore sicurezza e stabilit\u00e0 nella vita quotidiana.<\/strong><\/p>\n<p>Come libro di accompagnamento, \u00e8 ideale per il mio programma \"Salto quantico nella sua libert\u00e0\".<\/p>\n<p>Adatto a tutti, indipendentemente dall'et\u00e0.<\/p>","protected":false},"featured_media":2582,"comment_status":"open","ping_status":"closed","template":"","meta":[],"product_brand":[],"product_cat":[30],"product_tag":[33,57,32,66,65,37,55,41,59,45,56,58],"class_list":{"0":"post-2345","1":"product","2":"type-product","3":"status-publish","4":"has-post-thumbnail","6":"product_cat-buch","7":"product_tag-cordula-ahrens","8":"product_tag-erfolgstagebuch","9":"product_tag-grabovoi","10":"product_tag-grabovoi-codes","11":"product_tag-grabovoi-numers","12":"product_tag-grigori-grabovoi","13":"product_tag-magical-morning","14":"product_tag-persoenlichkeitsentwicklung","15":"product_tag-routine","16":"product_tag-stabilitaet","17":"product_tag-tagesroutinen","18":"product_tag-wunscherfuellung","19":"latest_post","21":"first","22":"instock","23":"featured","24":"taxable","25":"shipping-taxable","26":"purchasable","27":"product-type-simple"},"yoast_head":"<!-- This site is optimized with the Yoast SEO plugin v27.1.1 - https:\/\/yoast.com\/product\/yoast-seo-wordpress\/ -->\n<title>Dein Erf\u00fcllungsbuch - Morgen und Abendroutine f\u00fcr Deinen Erfolg - Dein Weg \u00fcber innere Freiheit zu mehr Erfolg!<\/title>\n<meta name=\"robots\" content=\"index, follow, max-snippet:-1, max-image-preview:large, max-video-preview:-1\" \/>\n<link rel=\"canonical\" href=\"https:\/\/cordula.coach\/it\/prodotto\/libro-degli-adempimenti\/\" \/>\n<meta property=\"og:locale\" content=\"it_IT\" \/>\n<meta property=\"og:type\" content=\"article\" \/>\n<meta property=\"og:title\" content=\"Dein Erf\u00fcllungsbuch - Morgen und Abendroutine f\u00fcr Deinen Erfolg - Dein Weg \u00fcber innere Freiheit zu mehr Erfolg!\" \/>\n<meta property=\"og:description\" content=\"Dein Ausf\u00fcllbuch als t\u00e4gliche Begleitung zu Deine Morgen- und Abendritualen. Es bringt Freude in Dein Leben.  Es verhilft Dir zu mehr Sicherheit und Stabilit\u00e4t im Alltag.  Als Begleitbuch ist es optimal in meinem Programm &quot;Quantensprung in Deinen Freiheit&quot;.  Nutzbar f\u00fcr jeden Menschen egal in welchem Alter.\" \/>\n<meta property=\"og:url\" content=\"https:\/\/cordula.coach\/it\/prodotto\/libro-degli-adempimenti\/\" \/>\n<meta property=\"og:site_name\" content=\"Dein Weg \u00fcber innere Freiheit zu mehr Erfolg!\" \/>\n<meta property=\"article:modified_time\" content=\"2026-03-19T10:55:57+00:00\" \/>\n<meta property=\"og:image\" content=\"https:\/\/cordula.coach\/wp-content\/uploads\/2021\/06\/Erfu\u0308llungsbuch-Cover-vorne-scaled.jpg\" \/>\n\t<meta property=\"og:image:width\" content=\"1807\" \/>\n\t<meta property=\"og:image:height\" content=\"2560\" \/>\n\t<meta property=\"og:image:type\" content=\"image\/jpeg\" \/>\n<meta name=\"twitter:card\" content=\"summary_large_image\" \/>\n<meta name=\"twitter:label1\" content=\"Tempo di lettura stimato\" \/>\n\t<meta name=\"twitter:data1\" content=\"1 minuto\" \/>\n<script type=\"application\/ld+json\" class=\"yoast-schema-graph\">{\"@context\":\"https:\/\/schema.org\",\"@graph\":[{\"@type\":\"WebPage\",\"@id\":\"https:\/\/cordula.coach\/product\/erfuellungsbuch\/\",\"url\":\"https:\/\/cordula.coach\/product\/erfuellungsbuch\/\",\"name\":\"Dein Erf\u00fcllungsbuch - Morgen und Abendroutine f\u00fcr Deinen Erfolg - Dein Weg \u00fcber innere Freiheit zu mehr Erfolg!\",\"isPartOf\":{\"@id\":\"https:\/\/cordula.coach\/#website\"},\"primaryImageOfPage\":{\"@id\":\"https:\/\/cordula.coach\/product\/erfuellungsbuch\/#primaryimage\"},\"image\":{\"@id\":\"https:\/\/cordula.coach\/product\/erfuellungsbuch\/#primaryimage\"},\"thumbnailUrl\":\"https:\/\/cordula.coach\/wp-content\/uploads\/2021\/06\/Erfu\u0308llungsbuch-Cover-vorne-scaled.jpg\",\"datePublished\":\"2021-06-02T08:02:39+00:00\",\"dateModified\":\"2026-03-19T10:55:57+00:00\",\"breadcrumb\":{\"@id\":\"https:\/\/cordula.coach\/product\/erfuellungsbuch\/#breadcrumb\"},\"inLanguage\":\"it-IT\",\"potentialAction\":[{\"@type\":\"ReadAction\",\"target\":[\"https:\/\/cordula.coach\/product\/erfuellungsbuch\/\"]}]},{\"@type\":\"ImageObject\",\"inLanguage\":\"it-IT\",\"@id\":\"https:\/\/cordula.coach\/product\/erfuellungsbuch\/#primaryimage\",\"url\":\"https:\/\/cordula.coach\/wp-content\/uploads\/2021\/06\/Erfu\u0308llungsbuch-Cover-vorne-scaled.jpg\",\"contentUrl\":\"https:\/\/cordula.coach\/wp-content\/uploads\/2021\/06\/Erfu\u0308llungsbuch-Cover-vorne-scaled.jpg\",\"width\":1807,\"height\":2560},{\"@type\":\"BreadcrumbList\",\"@id\":\"https:\/\/cordula.coach\/product\/erfuellungsbuch\/#breadcrumb\",\"itemListElement\":[{\"@type\":\"ListItem\",\"position\":1,\"name\":\"Startseite\",\"item\":\"https:\/\/cordula.coach\/\"},{\"@type\":\"ListItem\",\"position\":2,\"name\":\"Shop\",\"item\":\"https:\/\/cordula.coach\/shop\/\"},{\"@type\":\"ListItem\",\"position\":3,\"name\":\"Dein Erf\u00fcllungsbuch &#8211; Morgen und Abendroutine f\u00fcr Deinen Erfolg\"}]},{\"@type\":\"WebSite\",\"@id\":\"https:\/\/cordula.coach\/#website\",\"url\":\"https:\/\/cordula.coach\/\",\"name\":\"Dein Weg \u00fcber innere Freiheit zu mehr Erfolg!\",\"description\":\"Cordula Ahrens - Unternehmensberaterin und Coach f\u00fcr Dein Bewusstsein\",\"publisher\":{\"@id\":\"https:\/\/cordula.coach\/#organization\"},\"potentialAction\":[{\"@type\":\"SearchAction\",\"target\":{\"@type\":\"EntryPoint\",\"urlTemplate\":\"https:\/\/cordula.coach\/?s={search_term_string}\"},\"query-input\":{\"@type\":\"PropertyValueSpecification\",\"valueRequired\":true,\"valueName\":\"search_term_string\"}}],\"inLanguage\":\"it-IT\"},{\"@type\":\"Organization\",\"@id\":\"https:\/\/cordula.coach\/#organization\",\"name\":\"Dein Weg \u00fcber innere Freiheit zu mehr Erfolg!\",\"url\":\"https:\/\/cordula.coach\/\",\"logo\":{\"@type\":\"ImageObject\",\"inLanguage\":\"it-IT\",\"@id\":\"https:\/\/cordula.coach\/#\/schema\/logo\/image\/\",\"url\":\"https:\/\/cordula.coach\/wp-content\/uploads\/2020\/09\/cropped-Logo-gro\u0308sser-1-e1618052237872.png\",\"contentUrl\":\"https:\/\/cordula.coach\/wp-content\/uploads\/2020\/09\/cropped-Logo-gro\u0308sser-1-e1618052237872.png\",\"width\":60,\"height\":60,\"caption\":\"Dein Weg \u00fcber innere Freiheit zu mehr Erfolg!\"},\"image\":{\"@id\":\"https:\/\/cordula.coach\/#\/schema\/logo\/image\/\"}}]}<\/script>\n<!-- \/ Yoast SEO plugin. -->","yoast_head_json":{"title":"Il suo libro della realizzazione - Routine mattutine e serali per il suo successo - Il suo percorso verso un maggiore successo attraverso la libert\u00e0 interiore!","robots":{"index":"index","follow":"follow","max-snippet":"max-snippet:-1","max-image-preview":"max-image-preview:large","max-video-preview":"max-video-preview:-1"},"canonical":"https:\/\/cordula.coach\/it\/prodotto\/libro-degli-adempimenti\/","og_locale":"it_IT","og_type":"article","og_title":"Dein Erf\u00fcllungsbuch - Morgen und Abendroutine f\u00fcr Deinen Erfolg - Dein Weg \u00fcber innere Freiheit zu mehr Erfolg!","og_description":"Dein Ausf\u00fcllbuch als t\u00e4gliche Begleitung zu Deine Morgen- und Abendritualen. Es bringt Freude in Dein Leben.  Es verhilft Dir zu mehr Sicherheit und Stabilit\u00e4t im Alltag.  Als Begleitbuch ist es optimal in meinem Programm \"Quantensprung in Deinen Freiheit\".  Nutzbar f\u00fcr jeden Menschen egal in welchem Alter.","og_url":"https:\/\/cordula.coach\/it\/prodotto\/libro-degli-adempimenti\/","og_site_name":"Dein Weg \u00fcber innere Freiheit zu mehr Erfolg!","article_modified_time":"2026-03-19T10:55:57+00:00","og_image":[{"width":1807,"height":2560,"url":"https:\/\/cordula.coach\/wp-content\/uploads\/2021\/06\/Erfu\u0308llungsbuch-Cover-vorne-scaled.jpg","type":"image\/jpeg"}],"twitter_card":"summary_large_image","twitter_misc":{"Tempo di lettura stimato":"1 minuto"},"schema":{"@context":"https:\/\/schema.org","@graph":[{"@type":"WebPage","@id":"https:\/\/cordula.coach\/product\/erfuellungsbuch\/","url":"https:\/\/cordula.coach\/product\/erfuellungsbuch\/","name":"Il suo libro della realizzazione - Routine mattutine e serali per il suo successo - Il suo percorso verso un maggiore successo attraverso la libert\u00e0 interiore!","isPartOf":{"@id":"https:\/\/cordula.coach\/#website"},"primaryImageOfPage":{"@id":"https:\/\/cordula.coach\/product\/erfuellungsbuch\/#primaryimage"},"image":{"@id":"https:\/\/cordula.coach\/product\/erfuellungsbuch\/#primaryimage"},"thumbnailUrl":"https:\/\/cordula.coach\/wp-content\/uploads\/2021\/06\/Erfu\u0308llungsbuch-Cover-vorne-scaled.jpg","datePublished":"2021-06-02T08:02:39+00:00","dateModified":"2026-03-19T10:55:57+00:00","breadcrumb":{"@id":"https:\/\/cordula.coach\/product\/erfuellungsbuch\/#breadcrumb"},"inLanguage":"it-IT","potentialAction":[{"@type":"ReadAction","target":["https:\/\/cordula.coach\/product\/erfuellungsbuch\/"]}]},{"@type":"ImageObject","inLanguage":"it-IT","@id":"https:\/\/cordula.coach\/product\/erfuellungsbuch\/#primaryimage","url":"https:\/\/cordula.coach\/wp-content\/uploads\/2021\/06\/Erfu\u0308llungsbuch-Cover-vorne-scaled.jpg","contentUrl":"https:\/\/cordula.coach\/wp-content\/uploads\/2021\/06\/Erfu\u0308llungsbuch-Cover-vorne-scaled.jpg","width":1807,"height":2560},{"@type":"BreadcrumbList","@id":"https:\/\/cordula.coach\/product\/erfuellungsbuch\/#breadcrumb","itemListElement":[{"@type":"ListItem","position":1,"name":"Startseite","item":"https:\/\/cordula.coach\/"},{"@type":"ListItem","position":2,"name":"Shop","item":"https:\/\/cordula.coach\/shop\/"},{"@type":"ListItem","position":3,"name":"Dein Erf\u00fcllungsbuch &#8211; Morgen und Abendroutine f\u00fcr Deinen Erfolg"}]},{"@type":"WebSite","@id":"https:\/\/cordula.coach\/#website","url":"https:\/\/cordula.coach\/","name":"Il vostro percorso verso un maggiore successo attraverso la libert\u00e0 interiore!","description":"Cordula Ahrens - Consulente di gestione e coach per la vostra consapevolezza","publisher":{"@id":"https:\/\/cordula.coach\/#organization"},"potentialAction":[{"@type":"SearchAction","target":{"@type":"EntryPoint","urlTemplate":"https:\/\/cordula.coach\/?s={search_term_string}"},"query-input":{"@type":"PropertyValueSpecification","valueRequired":true,"valueName":"search_term_string"}}],"inLanguage":"it-IT"},{"@type":"Organization","@id":"https:\/\/cordula.coach\/#organization","name":"Il vostro percorso verso un maggiore successo attraverso la libert\u00e0 interiore!","url":"https:\/\/cordula.coach\/","logo":{"@type":"ImageObject","inLanguage":"it-IT","@id":"https:\/\/cordula.coach\/#\/schema\/logo\/image\/","url":"https:\/\/cordula.coach\/wp-content\/uploads\/2020\/09\/cropped-Logo-gro\u0308sser-1-e1618052237872.png","contentUrl":"https:\/\/cordula.coach\/wp-content\/uploads\/2020\/09\/cropped-Logo-gro\u0308sser-1-e1618052237872.png","width":60,"height":60,"caption":"Dein Weg \u00fcber innere Freiheit zu mehr Erfolg!"},"image":{"@id":"https:\/\/cordula.coach\/#\/schema\/logo\/image\/"}}]}},"_links":{"self":[{"href":"https:\/\/cordula.coach\/it\/wp-json\/wp\/v2\/product\/2345","targetHints":{"allow":["GET"]}}],"collection":[{"href":"https:\/\/cordula.coach\/it\/wp-json\/wp\/v2\/product"}],"about":[{"href":"https:\/\/cordula.coach\/it\/wp-json\/wp\/v2\/types\/product"}],"replies":[{"embeddable":true,"href":"https:\/\/cordula.coach\/it\/wp-json\/wp\/v2\/comments?post=2345"}],"wp:featuredmedia":[{"embeddable":true,"href":"https:\/\/cordula.coach\/it\/wp-json\/wp\/v2\/media\/2582"}],"wp:attachment":[{"href":"https:\/\/cordula.coach\/it\/wp-json\/wp\/v2\/media?parent=2345"}],"wp:term":[{"taxonomy":"product_brand","embeddable":true,"href":"https:\/\/cordula.coach\/it\/wp-json\/wp\/v2\/product_brand?post=2345"},{"taxonomy":"product_cat","embeddable":true,"href":"https:\/\/cordula.coach\/it\/wp-json\/wp\/v2\/product_cat?post=2345"},{"taxonomy":"product_tag","embeddable":true,"href":"https:\/\/cordula.coach\/it\/wp-json\/wp\/v2\/product_tag?post=2345"}],"curies":[{"name":"wp","href":"https:\/\/api.w.org\/{rel}","templated":true}]}}