{"id":2351,"date":"2021-06-02T12:47:58","date_gmt":"2021-06-02T10:47:58","guid":{"rendered":"https:\/\/cordula.coach\/?post_type=product&#038;p=2351"},"modified":"2026-03-19T11:55:57","modified_gmt":"2026-03-19T10:55:57","slug":"metodi-di-concentrazione","status":"publish","type":"product","link":"https:\/\/cordula.coach\/it\/product\/konzentrationsmethoden\/","title":{"rendered":"Metodi di concentrazione e metodi di concentrazione raggruppati per giorni del mese"},"content":{"rendered":"<p>Una nuova traduzione riveduta e corretta di due opere. I metodi di concentrazione per ogni giorno del mese e I metodi di concentrazione raggruppati per giorno del mese. Praticamente un raccoglitore ad anelli per l'uso quotidiano. Esercizi per ogni giorno del mese per lo sviluppo della vostra coscienza, per uno sviluppo favorevole degli eventi della vita, per il raggiungimento di una salute perfetta e per stabilire l'armonia con il battito dell'universo.<\/p>\n<p>&nbsp;<\/p>\n<p>Le concentrazioni giornaliere di Grigori Grabovoi\u00ae in combinazione con i raggruppamenti mensili proposti.<\/p>\n<p>&nbsp;<\/p>\n<p>DIN A5<\/p>\n<p>Pratica rilegatura a spirale<\/p>\n<p>89 pagine di conoscenza concentrata per la vostra trasformazione<\/p>\n<p>&nbsp;<\/p>\n<p>Se desiderate seguire un corso con 92 registrazioni video, a cui potete accedere anche tramite un'app, utilizzate il seguente link: https:\/\/akademie.cordula.coach\/s\/cordula.coach\/EwigerFokus<\/p>","protected":false},"excerpt":{"rendered":"<p>Esercizi quotidiani per lo sviluppo della coscienza, per l'evoluzione favorevole degli eventi, per il raggiungimento di una salute perfetta e per stabilire l'armonia con il battito dell'universo.<\/p>","protected":false},"featured_media":2354,"comment_status":"open","ping_status":"closed","template":"","meta":[],"product_brand":[],"product_cat":[30],"product_tag":[38,47,33,46,64,44,32,37,48,43,41,45],"class_list":{"0":"post-2351","1":"product","2":"type-product","3":"status-publish","4":"has-post-thumbnail","6":"product_cat-buch","7":"product_tag-bewusstsein","8":"product_tag-bewusstseinsentwicklung","9":"product_tag-cordula-ahrens","10":"product_tag-entwicklung","11":"product_tag-erfolgreich-sein","12":"product_tag-fokus","13":"product_tag-grabovoi","14":"product_tag-grigori-grabovoi","15":"product_tag-hellsicht-entwickeln","16":"product_tag-konzentration","17":"product_tag-persoenlichkeitsentwicklung","18":"product_tag-stabilitaet","19":"latest_post","21":"first","22":"instock","23":"featured","24":"taxable","25":"shipping-taxable","26":"purchasable","27":"product-type-simple"},"yoast_head":"<!-- This site is optimized with the Yoast SEO plugin v27.1.1 - https:\/\/yoast.com\/product\/yoast-seo-wordpress\/ -->\n<title>Konzentrationsmethoden und Konzentrationsmethoden, gruppiert nach Monatstagen - Dein Weg \u00fcber innere Freiheit zu mehr Erfolg!<\/title>\n<meta name=\"robots\" content=\"index, follow, max-snippet:-1, max-image-preview:large, max-video-preview:-1\" \/>\n<link rel=\"canonical\" href=\"https:\/\/cordula.coach\/it\/prodotto\/metodi-di-concentrazione\/\" \/>\n<meta property=\"og:locale\" content=\"it_IT\" \/>\n<meta property=\"og:type\" content=\"article\" \/>\n<meta property=\"og:title\" content=\"Konzentrationsmethoden und Konzentrationsmethoden, gruppiert nach Monatstagen - Dein Weg \u00fcber innere Freiheit zu mehr Erfolg!\" \/>\n<meta property=\"og:description\" content=\"\u00dcbungen f\u00fcr jeden Tag zur Bewusstseinsentwicklung, f\u00fcr g\u00fcnstige Entwicklung von Ereignissen, zur Erlangung vollkommener Gesundheit und zur Herstellung der Harmonie mit dem Pulsschlag des Universums.\" \/>\n<meta property=\"og:url\" content=\"https:\/\/cordula.coach\/it\/prodotto\/metodi-di-concentrazione\/\" \/>\n<meta property=\"og:site_name\" content=\"Dein Weg \u00fcber innere Freiheit zu mehr Erfolg!\" \/>\n<meta property=\"article:modified_time\" content=\"2026-03-19T10:55:57+00:00\" \/>\n<meta property=\"og:image\" content=\"https:\/\/cordula.coach\/wp-content\/uploads\/2021\/06\/Druck-Vorderseite-Tageskonzentrationen-und-Monatsgruppierungen-ebook-mit-links-gro\u0308ssere-Schrift.jpg\" \/>\n\t<meta property=\"og:image:width\" content=\"840\" \/>\n\t<meta property=\"og:image:height\" content=\"1190\" \/>\n\t<meta property=\"og:image:type\" content=\"image\/jpeg\" \/>\n<meta name=\"twitter:card\" content=\"summary_large_image\" \/>\n<meta name=\"twitter:label1\" content=\"Tempo di lettura stimato\" \/>\n\t<meta name=\"twitter:data1\" content=\"1 minuto\" \/>\n<script type=\"application\/ld+json\" class=\"yoast-schema-graph\">{\"@context\":\"https:\/\/schema.org\",\"@graph\":[{\"@type\":\"WebPage\",\"@id\":\"https:\/\/cordula.coach\/product\/konzentrationsmethoden\/\",\"url\":\"https:\/\/cordula.coach\/product\/konzentrationsmethoden\/\",\"name\":\"Konzentrationsmethoden und Konzentrationsmethoden, gruppiert nach Monatstagen - Dein Weg \u00fcber innere Freiheit zu mehr Erfolg!\",\"isPartOf\":{\"@id\":\"https:\/\/cordula.coach\/#website\"},\"primaryImageOfPage\":{\"@id\":\"https:\/\/cordula.coach\/product\/konzentrationsmethoden\/#primaryimage\"},\"image\":{\"@id\":\"https:\/\/cordula.coach\/product\/konzentrationsmethoden\/#primaryimage\"},\"thumbnailUrl\":\"https:\/\/cordula.coach\/wp-content\/uploads\/2021\/06\/Druck-Vorderseite-Tageskonzentrationen-und-Monatsgruppierungen-ebook-mit-links-gro\u0308ssere-Schrift.jpg\",\"datePublished\":\"2021-06-02T10:47:58+00:00\",\"dateModified\":\"2026-03-19T10:55:57+00:00\",\"breadcrumb\":{\"@id\":\"https:\/\/cordula.coach\/product\/konzentrationsmethoden\/#breadcrumb\"},\"inLanguage\":\"it-IT\",\"potentialAction\":[{\"@type\":\"ReadAction\",\"target\":[\"https:\/\/cordula.coach\/product\/konzentrationsmethoden\/\"]}]},{\"@type\":\"ImageObject\",\"inLanguage\":\"it-IT\",\"@id\":\"https:\/\/cordula.coach\/product\/konzentrationsmethoden\/#primaryimage\",\"url\":\"https:\/\/cordula.coach\/wp-content\/uploads\/2021\/06\/Druck-Vorderseite-Tageskonzentrationen-und-Monatsgruppierungen-ebook-mit-links-gro\u0308ssere-Schrift.jpg\",\"contentUrl\":\"https:\/\/cordula.coach\/wp-content\/uploads\/2021\/06\/Druck-Vorderseite-Tageskonzentrationen-und-Monatsgruppierungen-ebook-mit-links-gro\u0308ssere-Schrift.jpg\",\"width\":840,\"height\":1190},{\"@type\":\"BreadcrumbList\",\"@id\":\"https:\/\/cordula.coach\/product\/konzentrationsmethoden\/#breadcrumb\",\"itemListElement\":[{\"@type\":\"ListItem\",\"position\":1,\"name\":\"Startseite\",\"item\":\"https:\/\/cordula.coach\/\"},{\"@type\":\"ListItem\",\"position\":2,\"name\":\"Shop\",\"item\":\"https:\/\/cordula.coach\/shop\/\"},{\"@type\":\"ListItem\",\"position\":3,\"name\":\"Konzentrationsmethoden und Konzentrationsmethoden, gruppiert nach Monatstagen\"}]},{\"@type\":\"WebSite\",\"@id\":\"https:\/\/cordula.coach\/#website\",\"url\":\"https:\/\/cordula.coach\/\",\"name\":\"Dein Weg \u00fcber innere Freiheit zu mehr Erfolg!\",\"description\":\"Cordula Ahrens - Unternehmensberaterin und Coach f\u00fcr Dein Bewusstsein\",\"publisher\":{\"@id\":\"https:\/\/cordula.coach\/#organization\"},\"potentialAction\":[{\"@type\":\"SearchAction\",\"target\":{\"@type\":\"EntryPoint\",\"urlTemplate\":\"https:\/\/cordula.coach\/?s={search_term_string}\"},\"query-input\":{\"@type\":\"PropertyValueSpecification\",\"valueRequired\":true,\"valueName\":\"search_term_string\"}}],\"inLanguage\":\"it-IT\"},{\"@type\":\"Organization\",\"@id\":\"https:\/\/cordula.coach\/#organization\",\"name\":\"Dein Weg \u00fcber innere Freiheit zu mehr Erfolg!\",\"url\":\"https:\/\/cordula.coach\/\",\"logo\":{\"@type\":\"ImageObject\",\"inLanguage\":\"it-IT\",\"@id\":\"https:\/\/cordula.coach\/#\/schema\/logo\/image\/\",\"url\":\"https:\/\/cordula.coach\/wp-content\/uploads\/2020\/09\/cropped-Logo-gro\u0308sser-1-e1618052237872.png\",\"contentUrl\":\"https:\/\/cordula.coach\/wp-content\/uploads\/2020\/09\/cropped-Logo-gro\u0308sser-1-e1618052237872.png\",\"width\":60,\"height\":60,\"caption\":\"Dein Weg \u00fcber innere Freiheit zu mehr Erfolg!\"},\"image\":{\"@id\":\"https:\/\/cordula.coach\/#\/schema\/logo\/image\/\"}}]}<\/script>\n<!-- \/ Yoast SEO plugin. -->","yoast_head_json":{"title":"Metodi di concentrazione e metodi di concentrazione, raggruppati per giorni del mese - il suo percorso verso un maggiore successo attraverso la libert\u00e0 interiore!","robots":{"index":"index","follow":"follow","max-snippet":"max-snippet:-1","max-image-preview":"max-image-preview:large","max-video-preview":"max-video-preview:-1"},"canonical":"https:\/\/cordula.coach\/it\/prodotto\/metodi-di-concentrazione\/","og_locale":"it_IT","og_type":"article","og_title":"Konzentrationsmethoden und Konzentrationsmethoden, gruppiert nach Monatstagen - Dein Weg \u00fcber innere Freiheit zu mehr Erfolg!","og_description":"\u00dcbungen f\u00fcr jeden Tag zur Bewusstseinsentwicklung, f\u00fcr g\u00fcnstige Entwicklung von Ereignissen, zur Erlangung vollkommener Gesundheit und zur Herstellung der Harmonie mit dem Pulsschlag des Universums.","og_url":"https:\/\/cordula.coach\/it\/prodotto\/metodi-di-concentrazione\/","og_site_name":"Dein Weg \u00fcber innere Freiheit zu mehr Erfolg!","article_modified_time":"2026-03-19T10:55:57+00:00","og_image":[{"width":840,"height":1190,"url":"https:\/\/cordula.coach\/wp-content\/uploads\/2021\/06\/Druck-Vorderseite-Tageskonzentrationen-und-Monatsgruppierungen-ebook-mit-links-gro\u0308ssere-Schrift.jpg","type":"image\/jpeg"}],"twitter_card":"summary_large_image","twitter_misc":{"Tempo di lettura stimato":"1 minuto"},"schema":{"@context":"https:\/\/schema.org","@graph":[{"@type":"WebPage","@id":"https:\/\/cordula.coach\/product\/konzentrationsmethoden\/","url":"https:\/\/cordula.coach\/product\/konzentrationsmethoden\/","name":"Metodi di concentrazione e metodi di concentrazione, raggruppati per giorni del mese - il suo percorso verso un maggiore successo attraverso la libert\u00e0 interiore!","isPartOf":{"@id":"https:\/\/cordula.coach\/#website"},"primaryImageOfPage":{"@id":"https:\/\/cordula.coach\/product\/konzentrationsmethoden\/#primaryimage"},"image":{"@id":"https:\/\/cordula.coach\/product\/konzentrationsmethoden\/#primaryimage"},"thumbnailUrl":"https:\/\/cordula.coach\/wp-content\/uploads\/2021\/06\/Druck-Vorderseite-Tageskonzentrationen-und-Monatsgruppierungen-ebook-mit-links-gro\u0308ssere-Schrift.jpg","datePublished":"2021-06-02T10:47:58+00:00","dateModified":"2026-03-19T10:55:57+00:00","breadcrumb":{"@id":"https:\/\/cordula.coach\/product\/konzentrationsmethoden\/#breadcrumb"},"inLanguage":"it-IT","potentialAction":[{"@type":"ReadAction","target":["https:\/\/cordula.coach\/product\/konzentrationsmethoden\/"]}]},{"@type":"ImageObject","inLanguage":"it-IT","@id":"https:\/\/cordula.coach\/product\/konzentrationsmethoden\/#primaryimage","url":"https:\/\/cordula.coach\/wp-content\/uploads\/2021\/06\/Druck-Vorderseite-Tageskonzentrationen-und-Monatsgruppierungen-ebook-mit-links-gro\u0308ssere-Schrift.jpg","contentUrl":"https:\/\/cordula.coach\/wp-content\/uploads\/2021\/06\/Druck-Vorderseite-Tageskonzentrationen-und-Monatsgruppierungen-ebook-mit-links-gro\u0308ssere-Schrift.jpg","width":840,"height":1190},{"@type":"BreadcrumbList","@id":"https:\/\/cordula.coach\/product\/konzentrationsmethoden\/#breadcrumb","itemListElement":[{"@type":"ListItem","position":1,"name":"Startseite","item":"https:\/\/cordula.coach\/"},{"@type":"ListItem","position":2,"name":"Shop","item":"https:\/\/cordula.coach\/shop\/"},{"@type":"ListItem","position":3,"name":"Konzentrationsmethoden und Konzentrationsmethoden, gruppiert nach Monatstagen"}]},{"@type":"WebSite","@id":"https:\/\/cordula.coach\/#website","url":"https:\/\/cordula.coach\/","name":"Il vostro percorso verso un maggiore successo attraverso la libert\u00e0 interiore!","description":"Cordula Ahrens - Consulente di gestione e coach per la vostra consapevolezza","publisher":{"@id":"https:\/\/cordula.coach\/#organization"},"potentialAction":[{"@type":"SearchAction","target":{"@type":"EntryPoint","urlTemplate":"https:\/\/cordula.coach\/?s={search_term_string}"},"query-input":{"@type":"PropertyValueSpecification","valueRequired":true,"valueName":"search_term_string"}}],"inLanguage":"it-IT"},{"@type":"Organization","@id":"https:\/\/cordula.coach\/#organization","name":"Il vostro percorso verso un maggiore successo attraverso la libert\u00e0 interiore!","url":"https:\/\/cordula.coach\/","logo":{"@type":"ImageObject","inLanguage":"it-IT","@id":"https:\/\/cordula.coach\/#\/schema\/logo\/image\/","url":"https:\/\/cordula.coach\/wp-content\/uploads\/2020\/09\/cropped-Logo-gro\u0308sser-1-e1618052237872.png","contentUrl":"https:\/\/cordula.coach\/wp-content\/uploads\/2020\/09\/cropped-Logo-gro\u0308sser-1-e1618052237872.png","width":60,"height":60,"caption":"Dein Weg \u00fcber innere Freiheit zu mehr Erfolg!"},"image":{"@id":"https:\/\/cordula.coach\/#\/schema\/logo\/image\/"}}]}},"_links":{"self":[{"href":"https:\/\/cordula.coach\/it\/wp-json\/wp\/v2\/product\/2351","targetHints":{"allow":["GET"]}}],"collection":[{"href":"https:\/\/cordula.coach\/it\/wp-json\/wp\/v2\/product"}],"about":[{"href":"https:\/\/cordula.coach\/it\/wp-json\/wp\/v2\/types\/product"}],"replies":[{"embeddable":true,"href":"https:\/\/cordula.coach\/it\/wp-json\/wp\/v2\/comments?post=2351"}],"wp:featuredmedia":[{"embeddable":true,"href":"https:\/\/cordula.coach\/it\/wp-json\/wp\/v2\/media\/2354"}],"wp:attachment":[{"href":"https:\/\/cordula.coach\/it\/wp-json\/wp\/v2\/media?parent=2351"}],"wp:term":[{"taxonomy":"product_brand","embeddable":true,"href":"https:\/\/cordula.coach\/it\/wp-json\/wp\/v2\/product_brand?post=2351"},{"taxonomy":"product_cat","embeddable":true,"href":"https:\/\/cordula.coach\/it\/wp-json\/wp\/v2\/product_cat?post=2351"},{"taxonomy":"product_tag","embeddable":true,"href":"https:\/\/cordula.coach\/it\/wp-json\/wp\/v2\/product_tag?post=2351"}],"curies":[{"name":"wp","href":"https:\/\/api.w.org\/{rel}","templated":true}]}}