{"id":2444,"date":"2021-09-10T13:38:35","date_gmt":"2021-09-10T11:38:35","guid":{"rendered":"https:\/\/cordula.coach\/?post_type=product&#038;p=2444"},"modified":"2026-03-19T11:55:57","modified_gmt":"2026-03-19T10:55:57","slug":"introduzione","status":"publish","type":"product","link":"https:\/\/cordula.coach\/it\/product\/einfuehrung\/","title":{"rendered":"Corso introduttivo agli insegnamenti di Grigori Grabovoi"},"content":{"rendered":"<p>Su Internet si possono leggere spesso i Codici Grabovoi o anche l'Elenco dei Codici Grabovoi. Questi numeri Grabovoi fanno parte dei numerosi insegnamenti di Grigori Grabovoi.<\/p>\n<p>L'insegnamento per la salvezza e lo sviluppo armonioso.<\/p>\n<p>La sua esperienza mondiale nel salvataggio di persone e nella prevenzione di disastri si basa su alcuni principi. In questo libro vi verranno presentate le basi di questo insegnamento e il motivo per cui \u00e8 cos\u00ec speciale. Tra l'altro, si basa su calcoli esatti della matematica ortodossa, cio\u00e8 quella superiore di oggi. Tuttavia, nulla di tutto ci\u00f2 \u00e8 necessario per l'applicazione quotidiana.<\/p>\n<p>L'applicazione \u00e8 semplice, facile e alla portata di tutti.<\/p>\n<p>In questo insegnamento possono trovare risposta a tutte le domande che non hanno mai osato porre.<\/p>\n<p>L'opera completa \u00e8 attualmente composta da oltre 353 lavori pubblicati e continua a crescere.<\/p>\n<p>174 pagine<\/p>\n<p>ISBN: 978-3-754163-45-0<\/p>","protected":false},"excerpt":{"rendered":"<p>Su Internet si possono leggere spesso i Codici Grabovoi o anche l'Elenco dei Codici Grabovoi. Questi numeri Grabovoi fanno parte dei numerosi insegnamenti di Grigori Grabovoi.<\/p>","protected":false},"featured_media":2445,"comment_status":"open","ping_status":"closed","template":"","meta":[],"product_brand":[],"product_cat":[30],"product_tag":[47,33,32,66,37,71,70],"class_list":{"0":"post-2444","1":"product","2":"type-product","3":"status-publish","4":"has-post-thumbnail","6":"product_cat-buch","7":"product_tag-bewusstseinsentwicklung","8":"product_tag-cordula-ahrens","9":"product_tag-grabovoi","10":"product_tag-grabovoi-codes","11":"product_tag-grigori-grabovoi","12":"product_tag-grundlagen","13":"product_tag-rettung-und-harmonische-entwicklung","14":"latest_post","16":"first","17":"instock","18":"featured","19":"taxable","20":"shipping-taxable","21":"purchasable","22":"product-type-simple"},"yoast_head":"<!-- This site is optimized with the Yoast SEO plugin v27.1.1 - https:\/\/yoast.com\/product\/yoast-seo-wordpress\/ -->\n<title>Einf\u00fchrungskurs in die Lehre von Grigori Grabovoi - Dein Weg \u00fcber innere Freiheit zu mehr Erfolg!<\/title>\n<meta name=\"robots\" content=\"index, follow, max-snippet:-1, max-image-preview:large, max-video-preview:-1\" \/>\n<link rel=\"canonical\" href=\"https:\/\/cordula.coach\/it\/prodotto\/introduzione\/\" \/>\n<meta property=\"og:locale\" content=\"it_IT\" \/>\n<meta property=\"og:type\" content=\"article\" \/>\n<meta property=\"og:title\" content=\"Einf\u00fchrungskurs in die Lehre von Grigori Grabovoi - Dein Weg \u00fcber innere Freiheit zu mehr Erfolg!\" \/>\n<meta property=\"og:description\" content=\"Vielfach liest man im Internet \u00fcber die Grabovoi Codes oder gar die Grabovoi Codes List. Diese Grabovoi Zahlen sind ein Teil der umfangreichen Lehre Grigori Grabovoi&#039;s.\" \/>\n<meta property=\"og:url\" content=\"https:\/\/cordula.coach\/it\/prodotto\/introduzione\/\" \/>\n<meta property=\"og:site_name\" content=\"Dein Weg \u00fcber innere Freiheit zu mehr Erfolg!\" \/>\n<meta property=\"article:modified_time\" content=\"2026-03-19T10:55:57+00:00\" \/>\n<meta name=\"twitter:card\" content=\"summary_large_image\" \/>\n<meta name=\"twitter:label1\" content=\"Tempo di lettura stimato\" \/>\n\t<meta name=\"twitter:data1\" content=\"1 minuto\" \/>\n<script type=\"application\/ld+json\" class=\"yoast-schema-graph\">{\"@context\":\"https:\/\/schema.org\",\"@graph\":[{\"@type\":\"WebPage\",\"@id\":\"https:\/\/cordula.coach\/product\/einfuehrung\/\",\"url\":\"https:\/\/cordula.coach\/product\/einfuehrung\/\",\"name\":\"Einf\u00fchrungskurs in die Lehre von Grigori Grabovoi - Dein Weg \u00fcber innere Freiheit zu mehr Erfolg!\",\"isPartOf\":{\"@id\":\"https:\/\/cordula.coach\/#website\"},\"primaryImageOfPage\":{\"@id\":\"https:\/\/cordula.coach\/product\/einfuehrung\/#primaryimage\"},\"image\":{\"@id\":\"https:\/\/cordula.coach\/product\/einfuehrung\/#primaryimage\"},\"thumbnailUrl\":\"https:\/\/cordula.coach\/wp-content\/uploads\/2021\/09\/2019-Einfu\u0308hrung-in-die-Lehren-von-Grigori-Grabovoi-Cover-pdf.jpg\",\"datePublished\":\"2021-09-10T11:38:35+00:00\",\"dateModified\":\"2026-03-19T10:55:57+00:00\",\"breadcrumb\":{\"@id\":\"https:\/\/cordula.coach\/product\/einfuehrung\/#breadcrumb\"},\"inLanguage\":\"it-IT\",\"potentialAction\":[{\"@type\":\"ReadAction\",\"target\":[\"https:\/\/cordula.coach\/product\/einfuehrung\/\"]}]},{\"@type\":\"ImageObject\",\"inLanguage\":\"it-IT\",\"@id\":\"https:\/\/cordula.coach\/product\/einfuehrung\/#primaryimage\",\"url\":\"https:\/\/cordula.coach\/wp-content\/uploads\/2021\/09\/2019-Einfu\u0308hrung-in-die-Lehren-von-Grigori-Grabovoi-Cover-pdf.jpg\",\"contentUrl\":\"https:\/\/cordula.coach\/wp-content\/uploads\/2021\/09\/2019-Einfu\u0308hrung-in-die-Lehren-von-Grigori-Grabovoi-Cover-pdf.jpg\"},{\"@type\":\"BreadcrumbList\",\"@id\":\"https:\/\/cordula.coach\/product\/einfuehrung\/#breadcrumb\",\"itemListElement\":[{\"@type\":\"ListItem\",\"position\":1,\"name\":\"Startseite\",\"item\":\"https:\/\/cordula.coach\/\"},{\"@type\":\"ListItem\",\"position\":2,\"name\":\"Shop\",\"item\":\"https:\/\/cordula.coach\/shop\/\"},{\"@type\":\"ListItem\",\"position\":3,\"name\":\"Einf\u00fchrungskurs in die Lehre von Grigori Grabovoi\"}]},{\"@type\":\"WebSite\",\"@id\":\"https:\/\/cordula.coach\/#website\",\"url\":\"https:\/\/cordula.coach\/\",\"name\":\"Dein Weg \u00fcber innere Freiheit zu mehr Erfolg!\",\"description\":\"Cordula Ahrens - Unternehmensberaterin und Coach f\u00fcr Dein Bewusstsein\",\"publisher\":{\"@id\":\"https:\/\/cordula.coach\/#organization\"},\"potentialAction\":[{\"@type\":\"SearchAction\",\"target\":{\"@type\":\"EntryPoint\",\"urlTemplate\":\"https:\/\/cordula.coach\/?s={search_term_string}\"},\"query-input\":{\"@type\":\"PropertyValueSpecification\",\"valueRequired\":true,\"valueName\":\"search_term_string\"}}],\"inLanguage\":\"it-IT\"},{\"@type\":\"Organization\",\"@id\":\"https:\/\/cordula.coach\/#organization\",\"name\":\"Dein Weg \u00fcber innere Freiheit zu mehr Erfolg!\",\"url\":\"https:\/\/cordula.coach\/\",\"logo\":{\"@type\":\"ImageObject\",\"inLanguage\":\"it-IT\",\"@id\":\"https:\/\/cordula.coach\/#\/schema\/logo\/image\/\",\"url\":\"https:\/\/cordula.coach\/wp-content\/uploads\/2020\/09\/cropped-Logo-gro\u0308sser-1-e1618052237872.png\",\"contentUrl\":\"https:\/\/cordula.coach\/wp-content\/uploads\/2020\/09\/cropped-Logo-gro\u0308sser-1-e1618052237872.png\",\"width\":60,\"height\":60,\"caption\":\"Dein Weg \u00fcber innere Freiheit zu mehr Erfolg!\"},\"image\":{\"@id\":\"https:\/\/cordula.coach\/#\/schema\/logo\/image\/\"}}]}<\/script>\n<!-- \/ Yoast SEO plugin. -->","yoast_head_json":{"title":"Corso introduttivo agli insegnamenti di Grigori Grabovoi - Il suo percorso verso un maggiore successo attraverso la libert\u00e0 interiore!","robots":{"index":"index","follow":"follow","max-snippet":"max-snippet:-1","max-image-preview":"max-image-preview:large","max-video-preview":"max-video-preview:-1"},"canonical":"https:\/\/cordula.coach\/it\/prodotto\/introduzione\/","og_locale":"it_IT","og_type":"article","og_title":"Einf\u00fchrungskurs in die Lehre von Grigori Grabovoi - Dein Weg \u00fcber innere Freiheit zu mehr Erfolg!","og_description":"Vielfach liest man im Internet \u00fcber die Grabovoi Codes oder gar die Grabovoi Codes List. Diese Grabovoi Zahlen sind ein Teil der umfangreichen Lehre Grigori Grabovoi's.","og_url":"https:\/\/cordula.coach\/it\/prodotto\/introduzione\/","og_site_name":"Dein Weg \u00fcber innere Freiheit zu mehr Erfolg!","article_modified_time":"2026-03-19T10:55:57+00:00","twitter_card":"summary_large_image","twitter_misc":{"Tempo di lettura stimato":"1 minuto"},"schema":{"@context":"https:\/\/schema.org","@graph":[{"@type":"WebPage","@id":"https:\/\/cordula.coach\/product\/einfuehrung\/","url":"https:\/\/cordula.coach\/product\/einfuehrung\/","name":"Corso introduttivo agli insegnamenti di Grigori Grabovoi - Il suo percorso verso un maggiore successo attraverso la libert\u00e0 interiore!","isPartOf":{"@id":"https:\/\/cordula.coach\/#website"},"primaryImageOfPage":{"@id":"https:\/\/cordula.coach\/product\/einfuehrung\/#primaryimage"},"image":{"@id":"https:\/\/cordula.coach\/product\/einfuehrung\/#primaryimage"},"thumbnailUrl":"https:\/\/cordula.coach\/wp-content\/uploads\/2021\/09\/2019-Einfu\u0308hrung-in-die-Lehren-von-Grigori-Grabovoi-Cover-pdf.jpg","datePublished":"2021-09-10T11:38:35+00:00","dateModified":"2026-03-19T10:55:57+00:00","breadcrumb":{"@id":"https:\/\/cordula.coach\/product\/einfuehrung\/#breadcrumb"},"inLanguage":"it-IT","potentialAction":[{"@type":"ReadAction","target":["https:\/\/cordula.coach\/product\/einfuehrung\/"]}]},{"@type":"ImageObject","inLanguage":"it-IT","@id":"https:\/\/cordula.coach\/product\/einfuehrung\/#primaryimage","url":"https:\/\/cordula.coach\/wp-content\/uploads\/2021\/09\/2019-Einfu\u0308hrung-in-die-Lehren-von-Grigori-Grabovoi-Cover-pdf.jpg","contentUrl":"https:\/\/cordula.coach\/wp-content\/uploads\/2021\/09\/2019-Einfu\u0308hrung-in-die-Lehren-von-Grigori-Grabovoi-Cover-pdf.jpg"},{"@type":"BreadcrumbList","@id":"https:\/\/cordula.coach\/product\/einfuehrung\/#breadcrumb","itemListElement":[{"@type":"ListItem","position":1,"name":"Startseite","item":"https:\/\/cordula.coach\/"},{"@type":"ListItem","position":2,"name":"Shop","item":"https:\/\/cordula.coach\/shop\/"},{"@type":"ListItem","position":3,"name":"Einf\u00fchrungskurs in die Lehre von Grigori Grabovoi"}]},{"@type":"WebSite","@id":"https:\/\/cordula.coach\/#website","url":"https:\/\/cordula.coach\/","name":"Il vostro percorso verso un maggiore successo attraverso la libert\u00e0 interiore!","description":"Cordula Ahrens - Consulente di gestione e coach per la vostra consapevolezza","publisher":{"@id":"https:\/\/cordula.coach\/#organization"},"potentialAction":[{"@type":"SearchAction","target":{"@type":"EntryPoint","urlTemplate":"https:\/\/cordula.coach\/?s={search_term_string}"},"query-input":{"@type":"PropertyValueSpecification","valueRequired":true,"valueName":"search_term_string"}}],"inLanguage":"it-IT"},{"@type":"Organization","@id":"https:\/\/cordula.coach\/#organization","name":"Il vostro percorso verso un maggiore successo attraverso la libert\u00e0 interiore!","url":"https:\/\/cordula.coach\/","logo":{"@type":"ImageObject","inLanguage":"it-IT","@id":"https:\/\/cordula.coach\/#\/schema\/logo\/image\/","url":"https:\/\/cordula.coach\/wp-content\/uploads\/2020\/09\/cropped-Logo-gro\u0308sser-1-e1618052237872.png","contentUrl":"https:\/\/cordula.coach\/wp-content\/uploads\/2020\/09\/cropped-Logo-gro\u0308sser-1-e1618052237872.png","width":60,"height":60,"caption":"Dein Weg \u00fcber innere Freiheit zu mehr Erfolg!"},"image":{"@id":"https:\/\/cordula.coach\/#\/schema\/logo\/image\/"}}]}},"_links":{"self":[{"href":"https:\/\/cordula.coach\/it\/wp-json\/wp\/v2\/product\/2444","targetHints":{"allow":["GET"]}}],"collection":[{"href":"https:\/\/cordula.coach\/it\/wp-json\/wp\/v2\/product"}],"about":[{"href":"https:\/\/cordula.coach\/it\/wp-json\/wp\/v2\/types\/product"}],"replies":[{"embeddable":true,"href":"https:\/\/cordula.coach\/it\/wp-json\/wp\/v2\/comments?post=2444"}],"wp:featuredmedia":[{"embeddable":true,"href":"https:\/\/cordula.coach\/it\/wp-json\/wp\/v2\/media\/2445"}],"wp:attachment":[{"href":"https:\/\/cordula.coach\/it\/wp-json\/wp\/v2\/media?parent=2444"}],"wp:term":[{"taxonomy":"product_brand","embeddable":true,"href":"https:\/\/cordula.coach\/it\/wp-json\/wp\/v2\/product_brand?post=2444"},{"taxonomy":"product_cat","embeddable":true,"href":"https:\/\/cordula.coach\/it\/wp-json\/wp\/v2\/product_cat?post=2444"},{"taxonomy":"product_tag","embeddable":true,"href":"https:\/\/cordula.coach\/it\/wp-json\/wp\/v2\/product_tag?post=2444"}],"curies":[{"name":"wp","href":"https:\/\/api.w.org\/{rel}","templated":true}]}}