{"id":2457,"date":"2021-09-17T23:22:08","date_gmt":"2021-09-17T21:22:08","guid":{"rendered":"https:\/\/cordula.coach\/?post_type=product&#038;p=2457"},"modified":"2026-03-19T11:55:57","modified_gmt":"2026-03-19T10:55:57","slug":"ringiovanimento","status":"publish","type":"product","link":"https:\/\/cordula.coach\/it\/product\/verjuengung\/","title":{"rendered":"L'insegnamento di Grigori Grabovoi su Dio. Ringiovanimento."},"content":{"rendered":"<p>Tutti noi cerchiamo di sentirci o addirittura di essere per sempre giovani. Grigori Grabovoi presenta i motivi per cui \u00e8 importante essere giovani. In linea di massima, le ragioni sono due: le ragioni di salute e le ragioni cosmetiche o sociali. Vi spieghiamo perch\u00e9 dovreste essere giovani. Vi mostriamo come funziona. O preferite invecchiare e sentirvi vecchi allo stesso tempo?<\/p>","protected":false},"excerpt":{"rendered":"<p>In biologia ho imparato che tutte le cellule si rinnovano completamente ogni 7 anni: chi ha deciso che invecchiamo?<\/p>\n<p>Poich\u00e9 abbiamo il libero arbitrio, solo noi possiamo averlo determinato. Nel corso del tempo, questo si \u00e8 manifestato come realt\u00e0 nel collettivo. In questo lavoro imparerete come potete cambiare questa verit\u00e0 per voi stessi e per gli altri con semplici strutture di pensiero.<\/p>\n<p>Ringiovanimento?<\/p>\n<p>Eterna giovinezza?<\/p>\n<p>La guarigione diventa possibile grazie al ringiovanimento.<\/p>\n<p>ISBN: 978-3-754166-46-8<\/p>","protected":false},"featured_media":2459,"comment_status":"open","ping_status":"closed","template":"","meta":[],"product_brand":[],"product_cat":[30],"product_tag":[],"class_list":{"0":"post-2457","1":"product","2":"type-product","3":"status-publish","4":"has-post-thumbnail","6":"product_cat-buch","7":"latest_post","9":"first","10":"instock","11":"featured","12":"taxable","13":"shipping-taxable","14":"purchasable","15":"product-type-simple"},"yoast_head":"<!-- This site is optimized with the Yoast SEO plugin v27.1.1 - https:\/\/yoast.com\/product\/yoast-seo-wordpress\/ -->\n<title>Die Lehre von Grigori Grabovoi \u00fcber Gott. Verj\u00fcngung. - Dein Weg \u00fcber innere Freiheit zu mehr Erfolg!<\/title>\n<meta name=\"robots\" content=\"index, follow, max-snippet:-1, max-image-preview:large, max-video-preview:-1\" \/>\n<link rel=\"canonical\" href=\"https:\/\/cordula.coach\/it\/prodotto\/ringiovanimento\/\" \/>\n<meta property=\"og:locale\" content=\"it_IT\" \/>\n<meta property=\"og:type\" content=\"article\" \/>\n<meta property=\"og:title\" content=\"Die Lehre von Grigori Grabovoi \u00fcber Gott. Verj\u00fcngung. - Dein Weg \u00fcber innere Freiheit zu mehr Erfolg!\" \/>\n<meta property=\"og:description\" content=\"In Biologie habe ich gelernt, dass sich alle Zellen alle 7 Jahre komplett erneuern - also wer hat hier festgelegt, dass wir \u00e4lter werden?  Da wir den freien Willen haben, k\u00f6nnen nur wir das festgelegt haben. Im Laufe der Zeit hat sich dies im Kollektiv als Realit\u00e4t manifestiert. In diesem Werk erf\u00e4hrst Du, wie Du diese Wahrheit mit einfach Gedankenstrukturen wieder f\u00fcr Dich und andere \u00e4ndern kannst.  Verj\u00fcngung?  Ewige Jugend?  Heilen wird durch Verj\u00fcngen m\u00f6glich.  ISBN: 978-3-754166-46-8\" \/>\n<meta property=\"og:url\" content=\"https:\/\/cordula.coach\/it\/prodotto\/ringiovanimento\/\" \/>\n<meta property=\"og:site_name\" content=\"Dein Weg \u00fcber innere Freiheit zu mehr Erfolg!\" \/>\n<meta property=\"article:modified_time\" content=\"2026-03-19T10:55:57+00:00\" \/>\n<meta property=\"og:image\" content=\"https:\/\/cordula.coach\/wp-content\/uploads\/2021\/09\/20050228-Die-Lehre-von-Grigori-Grabovoi-u\u0308ber-Gott.-Verju\u0308ngung-Cover-vorne.png\" \/>\n\t<meta property=\"og:image:width\" content=\"1502\" \/>\n\t<meta property=\"og:image:height\" content=\"2124\" \/>\n\t<meta property=\"og:image:type\" content=\"image\/png\" \/>\n<meta name=\"twitter:card\" content=\"summary_large_image\" \/>\n<script type=\"application\/ld+json\" class=\"yoast-schema-graph\">{\"@context\":\"https:\/\/schema.org\",\"@graph\":[{\"@type\":\"WebPage\",\"@id\":\"https:\/\/cordula.coach\/product\/verjuengung\/\",\"url\":\"https:\/\/cordula.coach\/product\/verjuengung\/\",\"name\":\"Die Lehre von Grigori Grabovoi \u00fcber Gott. Verj\u00fcngung. - Dein Weg \u00fcber innere Freiheit zu mehr Erfolg!\",\"isPartOf\":{\"@id\":\"https:\/\/cordula.coach\/#website\"},\"primaryImageOfPage\":{\"@id\":\"https:\/\/cordula.coach\/product\/verjuengung\/#primaryimage\"},\"image\":{\"@id\":\"https:\/\/cordula.coach\/product\/verjuengung\/#primaryimage\"},\"thumbnailUrl\":\"https:\/\/cordula.coach\/wp-content\/uploads\/2021\/09\/20050228-Die-Lehre-von-Grigori-Grabovoi-u\u0308ber-Gott.-Verju\u0308ngung-Cover-vorne.png\",\"datePublished\":\"2021-09-17T21:22:08+00:00\",\"dateModified\":\"2026-03-19T10:55:57+00:00\",\"breadcrumb\":{\"@id\":\"https:\/\/cordula.coach\/product\/verjuengung\/#breadcrumb\"},\"inLanguage\":\"it-IT\",\"potentialAction\":[{\"@type\":\"ReadAction\",\"target\":[\"https:\/\/cordula.coach\/product\/verjuengung\/\"]}]},{\"@type\":\"ImageObject\",\"inLanguage\":\"it-IT\",\"@id\":\"https:\/\/cordula.coach\/product\/verjuengung\/#primaryimage\",\"url\":\"https:\/\/cordula.coach\/wp-content\/uploads\/2021\/09\/20050228-Die-Lehre-von-Grigori-Grabovoi-u\u0308ber-Gott.-Verju\u0308ngung-Cover-vorne.png\",\"contentUrl\":\"https:\/\/cordula.coach\/wp-content\/uploads\/2021\/09\/20050228-Die-Lehre-von-Grigori-Grabovoi-u\u0308ber-Gott.-Verju\u0308ngung-Cover-vorne.png\",\"width\":1502,\"height\":2124},{\"@type\":\"BreadcrumbList\",\"@id\":\"https:\/\/cordula.coach\/product\/verjuengung\/#breadcrumb\",\"itemListElement\":[{\"@type\":\"ListItem\",\"position\":1,\"name\":\"Startseite\",\"item\":\"https:\/\/cordula.coach\/\"},{\"@type\":\"ListItem\",\"position\":2,\"name\":\"Shop\",\"item\":\"https:\/\/cordula.coach\/shop\/\"},{\"@type\":\"ListItem\",\"position\":3,\"name\":\"Die Lehre von Grigori Grabovoi \u00fcber Gott. Verj\u00fcngung.\"}]},{\"@type\":\"WebSite\",\"@id\":\"https:\/\/cordula.coach\/#website\",\"url\":\"https:\/\/cordula.coach\/\",\"name\":\"Dein Weg \u00fcber innere Freiheit zu mehr Erfolg!\",\"description\":\"Cordula Ahrens - Unternehmensberaterin und Coach f\u00fcr Dein Bewusstsein\",\"publisher\":{\"@id\":\"https:\/\/cordula.coach\/#organization\"},\"potentialAction\":[{\"@type\":\"SearchAction\",\"target\":{\"@type\":\"EntryPoint\",\"urlTemplate\":\"https:\/\/cordula.coach\/?s={search_term_string}\"},\"query-input\":{\"@type\":\"PropertyValueSpecification\",\"valueRequired\":true,\"valueName\":\"search_term_string\"}}],\"inLanguage\":\"it-IT\"},{\"@type\":\"Organization\",\"@id\":\"https:\/\/cordula.coach\/#organization\",\"name\":\"Dein Weg \u00fcber innere Freiheit zu mehr Erfolg!\",\"url\":\"https:\/\/cordula.coach\/\",\"logo\":{\"@type\":\"ImageObject\",\"inLanguage\":\"it-IT\",\"@id\":\"https:\/\/cordula.coach\/#\/schema\/logo\/image\/\",\"url\":\"https:\/\/cordula.coach\/wp-content\/uploads\/2020\/09\/cropped-Logo-gro\u0308sser-1-e1618052237872.png\",\"contentUrl\":\"https:\/\/cordula.coach\/wp-content\/uploads\/2020\/09\/cropped-Logo-gro\u0308sser-1-e1618052237872.png\",\"width\":60,\"height\":60,\"caption\":\"Dein Weg \u00fcber innere Freiheit zu mehr Erfolg!\"},\"image\":{\"@id\":\"https:\/\/cordula.coach\/#\/schema\/logo\/image\/\"}}]}<\/script>\n<!-- \/ Yoast SEO plugin. -->","yoast_head_json":{"title":"L'insegnamento di Grigori Grabovoi su Dio. Ringiovanimento. - Il suo percorso verso un maggiore successo attraverso la libert\u00e0 interiore!","robots":{"index":"index","follow":"follow","max-snippet":"max-snippet:-1","max-image-preview":"max-image-preview:large","max-video-preview":"max-video-preview:-1"},"canonical":"https:\/\/cordula.coach\/it\/prodotto\/ringiovanimento\/","og_locale":"it_IT","og_type":"article","og_title":"Die Lehre von Grigori Grabovoi \u00fcber Gott. Verj\u00fcngung. - Dein Weg \u00fcber innere Freiheit zu mehr Erfolg!","og_description":"In Biologie habe ich gelernt, dass sich alle Zellen alle 7 Jahre komplett erneuern - also wer hat hier festgelegt, dass wir \u00e4lter werden?  Da wir den freien Willen haben, k\u00f6nnen nur wir das festgelegt haben. Im Laufe der Zeit hat sich dies im Kollektiv als Realit\u00e4t manifestiert. In diesem Werk erf\u00e4hrst Du, wie Du diese Wahrheit mit einfach Gedankenstrukturen wieder f\u00fcr Dich und andere \u00e4ndern kannst.  Verj\u00fcngung?  Ewige Jugend?  Heilen wird durch Verj\u00fcngen m\u00f6glich.  ISBN: 978-3-754166-46-8","og_url":"https:\/\/cordula.coach\/it\/prodotto\/ringiovanimento\/","og_site_name":"Dein Weg \u00fcber innere Freiheit zu mehr Erfolg!","article_modified_time":"2026-03-19T10:55:57+00:00","og_image":[{"width":1502,"height":2124,"url":"https:\/\/cordula.coach\/wp-content\/uploads\/2021\/09\/20050228-Die-Lehre-von-Grigori-Grabovoi-u\u0308ber-Gott.-Verju\u0308ngung-Cover-vorne.png","type":"image\/png"}],"twitter_card":"summary_large_image","schema":{"@context":"https:\/\/schema.org","@graph":[{"@type":"WebPage","@id":"https:\/\/cordula.coach\/product\/verjuengung\/","url":"https:\/\/cordula.coach\/product\/verjuengung\/","name":"L'insegnamento di Grigori Grabovoi su Dio. Ringiovanimento. - Il suo percorso verso un maggiore successo attraverso la libert\u00e0 interiore!","isPartOf":{"@id":"https:\/\/cordula.coach\/#website"},"primaryImageOfPage":{"@id":"https:\/\/cordula.coach\/product\/verjuengung\/#primaryimage"},"image":{"@id":"https:\/\/cordula.coach\/product\/verjuengung\/#primaryimage"},"thumbnailUrl":"https:\/\/cordula.coach\/wp-content\/uploads\/2021\/09\/20050228-Die-Lehre-von-Grigori-Grabovoi-u\u0308ber-Gott.-Verju\u0308ngung-Cover-vorne.png","datePublished":"2021-09-17T21:22:08+00:00","dateModified":"2026-03-19T10:55:57+00:00","breadcrumb":{"@id":"https:\/\/cordula.coach\/product\/verjuengung\/#breadcrumb"},"inLanguage":"it-IT","potentialAction":[{"@type":"ReadAction","target":["https:\/\/cordula.coach\/product\/verjuengung\/"]}]},{"@type":"ImageObject","inLanguage":"it-IT","@id":"https:\/\/cordula.coach\/product\/verjuengung\/#primaryimage","url":"https:\/\/cordula.coach\/wp-content\/uploads\/2021\/09\/20050228-Die-Lehre-von-Grigori-Grabovoi-u\u0308ber-Gott.-Verju\u0308ngung-Cover-vorne.png","contentUrl":"https:\/\/cordula.coach\/wp-content\/uploads\/2021\/09\/20050228-Die-Lehre-von-Grigori-Grabovoi-u\u0308ber-Gott.-Verju\u0308ngung-Cover-vorne.png","width":1502,"height":2124},{"@type":"BreadcrumbList","@id":"https:\/\/cordula.coach\/product\/verjuengung\/#breadcrumb","itemListElement":[{"@type":"ListItem","position":1,"name":"Startseite","item":"https:\/\/cordula.coach\/"},{"@type":"ListItem","position":2,"name":"Shop","item":"https:\/\/cordula.coach\/shop\/"},{"@type":"ListItem","position":3,"name":"Die Lehre von Grigori Grabovoi \u00fcber Gott. Verj\u00fcngung."}]},{"@type":"WebSite","@id":"https:\/\/cordula.coach\/#website","url":"https:\/\/cordula.coach\/","name":"Il vostro percorso verso un maggiore successo attraverso la libert\u00e0 interiore!","description":"Cordula Ahrens - Consulente di gestione e coach per la vostra consapevolezza","publisher":{"@id":"https:\/\/cordula.coach\/#organization"},"potentialAction":[{"@type":"SearchAction","target":{"@type":"EntryPoint","urlTemplate":"https:\/\/cordula.coach\/?s={search_term_string}"},"query-input":{"@type":"PropertyValueSpecification","valueRequired":true,"valueName":"search_term_string"}}],"inLanguage":"it-IT"},{"@type":"Organization","@id":"https:\/\/cordula.coach\/#organization","name":"Il vostro percorso verso un maggiore successo attraverso la libert\u00e0 interiore!","url":"https:\/\/cordula.coach\/","logo":{"@type":"ImageObject","inLanguage":"it-IT","@id":"https:\/\/cordula.coach\/#\/schema\/logo\/image\/","url":"https:\/\/cordula.coach\/wp-content\/uploads\/2020\/09\/cropped-Logo-gro\u0308sser-1-e1618052237872.png","contentUrl":"https:\/\/cordula.coach\/wp-content\/uploads\/2020\/09\/cropped-Logo-gro\u0308sser-1-e1618052237872.png","width":60,"height":60,"caption":"Dein Weg \u00fcber innere Freiheit zu mehr Erfolg!"},"image":{"@id":"https:\/\/cordula.coach\/#\/schema\/logo\/image\/"}}]}},"_links":{"self":[{"href":"https:\/\/cordula.coach\/it\/wp-json\/wp\/v2\/product\/2457","targetHints":{"allow":["GET"]}}],"collection":[{"href":"https:\/\/cordula.coach\/it\/wp-json\/wp\/v2\/product"}],"about":[{"href":"https:\/\/cordula.coach\/it\/wp-json\/wp\/v2\/types\/product"}],"replies":[{"embeddable":true,"href":"https:\/\/cordula.coach\/it\/wp-json\/wp\/v2\/comments?post=2457"}],"wp:featuredmedia":[{"embeddable":true,"href":"https:\/\/cordula.coach\/it\/wp-json\/wp\/v2\/media\/2459"}],"wp:attachment":[{"href":"https:\/\/cordula.coach\/it\/wp-json\/wp\/v2\/media?parent=2457"}],"wp:term":[{"taxonomy":"product_brand","embeddable":true,"href":"https:\/\/cordula.coach\/it\/wp-json\/wp\/v2\/product_brand?post=2457"},{"taxonomy":"product_cat","embeddable":true,"href":"https:\/\/cordula.coach\/it\/wp-json\/wp\/v2\/product_cat?post=2457"},{"taxonomy":"product_tag","embeddable":true,"href":"https:\/\/cordula.coach\/it\/wp-json\/wp\/v2\/product_tag?post=2457"}],"curies":[{"name":"wp","href":"https:\/\/api.w.org\/{rel}","templated":true}]}}