{"id":2460,"date":"2021-09-17T23:28:34","date_gmt":"2021-09-17T21:28:34","guid":{"rendered":"https:\/\/cordula.coach\/?post_type=product&#038;p=2460"},"modified":"2026-03-03T20:42:44","modified_gmt":"2026-03-03T19:42:44","slug":"felicita","status":"publish","type":"product","link":"https:\/\/cordula.coach\/it\/product\/glueckseligkeit\/","title":{"rendered":"L'insegnamento di Grigori Grabovoi su Dio. Organizzazione della beatitudine."},"content":{"rendered":"<p>Quando siamo felici o beati?<\/p>\n<p>Come possiamo controllare questo aspetto per averne di pi\u00f9?<\/p>\n<p>In questo libro, il dottor Grabovoi fornisce informazioni sulla funzionalit\u00e0 della felicit\u00e0. Come funziona effettivamente la felicit\u00e0 - scientificamente provata - quando siamo particolarmente felici e come possiamo rendere felici anche gli altri con un certo modo di pensare.<\/p>\n<p>&nbsp;<\/p>\n<p>La mia traduzione \u00e8 stata rivista e concretizza l'uso dei termini felicit\u00e0, essere felice e beatitudine nella traduzione.<\/p>\n<p>ISBN: 978-3-754166-47-5<\/p>","protected":false},"excerpt":{"rendered":"<p>Tutti aspiriamo alla beatitudine, tutti vogliamo essere felici.<\/p>\n<p>Come pu\u00f2 essere cos\u00ec facile?<\/p>\n<p>Grabovoi ci spiega su cosa si basa la nostra struttura di beatitudine e come la attiviamo.<\/p>\n<p>Pi\u00f9 siamo felici, pi\u00f9 c'\u00e8 beatitudine sulla terra e pi\u00f9 a lungo viviamo.<\/p>\n<p>Immergetevi e sperimentate l'attivazione della vostra beatitudine semplicemente leggendo.<\/p>","protected":false},"featured_media":2462,"comment_status":"open","ping_status":"closed","template":"","meta":[],"product_brand":[],"product_cat":[30],"product_tag":[],"class_list":{"0":"post-2460","1":"product","2":"type-product","3":"status-publish","4":"has-post-thumbnail","6":"product_cat-buch","7":"latest_post","9":"first","10":"instock","11":"featured","12":"taxable","13":"shipping-taxable","14":"purchasable","15":"product-type-simple"},"yoast_head":"<!-- This site is optimized with the Yoast SEO plugin v27.1.1 - https:\/\/yoast.com\/product\/yoast-seo-wordpress\/ -->\n<title>Die Lehre von Grigori Grabovoi \u00fcber Gott. Organisation der Gl\u00fcckseligkeit. - Dein Weg \u00fcber innere Freiheit zu mehr Erfolg!<\/title>\n<meta name=\"robots\" content=\"index, follow, max-snippet:-1, max-image-preview:large, max-video-preview:-1\" \/>\n<link rel=\"canonical\" href=\"https:\/\/cordula.coach\/it\/prodotto\/felicita\/\" \/>\n<meta property=\"og:locale\" content=\"it_IT\" \/>\n<meta property=\"og:type\" content=\"article\" \/>\n<meta property=\"og:title\" content=\"Die Lehre von Grigori Grabovoi \u00fcber Gott. Organisation der Gl\u00fcckseligkeit. - Dein Weg \u00fcber innere Freiheit zu mehr Erfolg!\" \/>\n<meta property=\"og:description\" content=\"Wir alle streben nach Gl\u00fcckseligkeit, wollen gl\u00fccklich sein.  Wie kann dies ganz einfach sein?  Grabovoi kl\u00e4rt uns dar\u00fcber auf, worin unsere Struktur der Gl\u00fcckseligkeit begr\u00fcndet liegt und wie wir sie aktivieren.  Je gl\u00fccklicher wir sind, je mehr Gl\u00fcckseligkeit gibt es auf der Erde und umso l\u00e4nger leben wir.  Tauchen Sie ein und erleben Sie allein beim Lesen die Aktivierung Ihrer Gl\u00fcckseligkeit.\" \/>\n<meta property=\"og:url\" content=\"https:\/\/cordula.coach\/it\/prodotto\/felicita\/\" \/>\n<meta property=\"og:site_name\" content=\"Dein Weg \u00fcber innere Freiheit zu mehr Erfolg!\" \/>\n<meta property=\"article:modified_time\" content=\"2026-03-03T19:42:44+00:00\" \/>\n<meta property=\"og:image\" content=\"https:\/\/cordula.coach\/wp-content\/uploads\/2021\/09\/20040505-Organisation-der-Glu\u0308ckseligkeit-Cover-vorne.jpg\" \/>\n\t<meta property=\"og:image:width\" content=\"1346\" \/>\n\t<meta property=\"og:image:height\" content=\"1914\" \/>\n\t<meta property=\"og:image:type\" content=\"image\/jpeg\" \/>\n<meta name=\"twitter:card\" content=\"summary_large_image\" \/>\n<script type=\"application\/ld+json\" class=\"yoast-schema-graph\">{\"@context\":\"https:\/\/schema.org\",\"@graph\":[{\"@type\":\"WebPage\",\"@id\":\"https:\/\/cordula.coach\/product\/glueckseligkeit\/\",\"url\":\"https:\/\/cordula.coach\/product\/glueckseligkeit\/\",\"name\":\"Die Lehre von Grigori Grabovoi \u00fcber Gott. Organisation der Gl\u00fcckseligkeit. - Dein Weg \u00fcber innere Freiheit zu mehr Erfolg!\",\"isPartOf\":{\"@id\":\"https:\/\/cordula.coach\/#website\"},\"primaryImageOfPage\":{\"@id\":\"https:\/\/cordula.coach\/product\/glueckseligkeit\/#primaryimage\"},\"image\":{\"@id\":\"https:\/\/cordula.coach\/product\/glueckseligkeit\/#primaryimage\"},\"thumbnailUrl\":\"https:\/\/cordula.coach\/wp-content\/uploads\/2021\/09\/20040505-Organisation-der-Glu\u0308ckseligkeit-Cover-vorne.jpg\",\"datePublished\":\"2021-09-17T21:28:34+00:00\",\"dateModified\":\"2026-03-03T19:42:44+00:00\",\"breadcrumb\":{\"@id\":\"https:\/\/cordula.coach\/product\/glueckseligkeit\/#breadcrumb\"},\"inLanguage\":\"it-IT\",\"potentialAction\":[{\"@type\":\"ReadAction\",\"target\":[\"https:\/\/cordula.coach\/product\/glueckseligkeit\/\"]}]},{\"@type\":\"ImageObject\",\"inLanguage\":\"it-IT\",\"@id\":\"https:\/\/cordula.coach\/product\/glueckseligkeit\/#primaryimage\",\"url\":\"https:\/\/cordula.coach\/wp-content\/uploads\/2021\/09\/20040505-Organisation-der-Glu\u0308ckseligkeit-Cover-vorne.jpg\",\"contentUrl\":\"https:\/\/cordula.coach\/wp-content\/uploads\/2021\/09\/20040505-Organisation-der-Glu\u0308ckseligkeit-Cover-vorne.jpg\",\"width\":1346,\"height\":1914},{\"@type\":\"BreadcrumbList\",\"@id\":\"https:\/\/cordula.coach\/product\/glueckseligkeit\/#breadcrumb\",\"itemListElement\":[{\"@type\":\"ListItem\",\"position\":1,\"name\":\"Startseite\",\"item\":\"https:\/\/cordula.coach\/\"},{\"@type\":\"ListItem\",\"position\":2,\"name\":\"Shop\",\"item\":\"https:\/\/cordula.coach\/shop\/\"},{\"@type\":\"ListItem\",\"position\":3,\"name\":\"Die Lehre von Grigori Grabovoi \u00fcber Gott. Organisation der Gl\u00fcckseligkeit.\"}]},{\"@type\":\"WebSite\",\"@id\":\"https:\/\/cordula.coach\/#website\",\"url\":\"https:\/\/cordula.coach\/\",\"name\":\"Dein Weg \u00fcber innere Freiheit zu mehr Erfolg!\",\"description\":\"Cordula Ahrens - Unternehmensberaterin und Coach f\u00fcr Dein Bewusstsein\",\"publisher\":{\"@id\":\"https:\/\/cordula.coach\/#organization\"},\"potentialAction\":[{\"@type\":\"SearchAction\",\"target\":{\"@type\":\"EntryPoint\",\"urlTemplate\":\"https:\/\/cordula.coach\/?s={search_term_string}\"},\"query-input\":{\"@type\":\"PropertyValueSpecification\",\"valueRequired\":true,\"valueName\":\"search_term_string\"}}],\"inLanguage\":\"it-IT\"},{\"@type\":\"Organization\",\"@id\":\"https:\/\/cordula.coach\/#organization\",\"name\":\"Dein Weg \u00fcber innere Freiheit zu mehr Erfolg!\",\"url\":\"https:\/\/cordula.coach\/\",\"logo\":{\"@type\":\"ImageObject\",\"inLanguage\":\"it-IT\",\"@id\":\"https:\/\/cordula.coach\/#\/schema\/logo\/image\/\",\"url\":\"https:\/\/cordula.coach\/wp-content\/uploads\/2020\/09\/cropped-Logo-gro\u0308sser-1-e1618052237872.png\",\"contentUrl\":\"https:\/\/cordula.coach\/wp-content\/uploads\/2020\/09\/cropped-Logo-gro\u0308sser-1-e1618052237872.png\",\"width\":60,\"height\":60,\"caption\":\"Dein Weg \u00fcber innere Freiheit zu mehr Erfolg!\"},\"image\":{\"@id\":\"https:\/\/cordula.coach\/#\/schema\/logo\/image\/\"}}]}<\/script>\n<!-- \/ Yoast SEO plugin. -->","yoast_head_json":{"title":"L'insegnamento di Grigori Grabovoi su Dio. Organizzazione della beatitudine. - Il suo percorso verso un maggiore successo attraverso la libert\u00e0 interiore!","robots":{"index":"index","follow":"follow","max-snippet":"max-snippet:-1","max-image-preview":"max-image-preview:large","max-video-preview":"max-video-preview:-1"},"canonical":"https:\/\/cordula.coach\/it\/prodotto\/felicita\/","og_locale":"it_IT","og_type":"article","og_title":"Die Lehre von Grigori Grabovoi \u00fcber Gott. Organisation der Gl\u00fcckseligkeit. - Dein Weg \u00fcber innere Freiheit zu mehr Erfolg!","og_description":"Wir alle streben nach Gl\u00fcckseligkeit, wollen gl\u00fccklich sein.  Wie kann dies ganz einfach sein?  Grabovoi kl\u00e4rt uns dar\u00fcber auf, worin unsere Struktur der Gl\u00fcckseligkeit begr\u00fcndet liegt und wie wir sie aktivieren.  Je gl\u00fccklicher wir sind, je mehr Gl\u00fcckseligkeit gibt es auf der Erde und umso l\u00e4nger leben wir.  Tauchen Sie ein und erleben Sie allein beim Lesen die Aktivierung Ihrer Gl\u00fcckseligkeit.","og_url":"https:\/\/cordula.coach\/it\/prodotto\/felicita\/","og_site_name":"Dein Weg \u00fcber innere Freiheit zu mehr Erfolg!","article_modified_time":"2026-03-03T19:42:44+00:00","og_image":[{"width":1346,"height":1914,"url":"https:\/\/cordula.coach\/wp-content\/uploads\/2021\/09\/20040505-Organisation-der-Glu\u0308ckseligkeit-Cover-vorne.jpg","type":"image\/jpeg"}],"twitter_card":"summary_large_image","schema":{"@context":"https:\/\/schema.org","@graph":[{"@type":"WebPage","@id":"https:\/\/cordula.coach\/product\/glueckseligkeit\/","url":"https:\/\/cordula.coach\/product\/glueckseligkeit\/","name":"L'insegnamento di Grigori Grabovoi su Dio. Organizzazione della beatitudine. - Il suo percorso verso un maggiore successo attraverso la libert\u00e0 interiore!","isPartOf":{"@id":"https:\/\/cordula.coach\/#website"},"primaryImageOfPage":{"@id":"https:\/\/cordula.coach\/product\/glueckseligkeit\/#primaryimage"},"image":{"@id":"https:\/\/cordula.coach\/product\/glueckseligkeit\/#primaryimage"},"thumbnailUrl":"https:\/\/cordula.coach\/wp-content\/uploads\/2021\/09\/20040505-Organisation-der-Glu\u0308ckseligkeit-Cover-vorne.jpg","datePublished":"2021-09-17T21:28:34+00:00","dateModified":"2026-03-03T19:42:44+00:00","breadcrumb":{"@id":"https:\/\/cordula.coach\/product\/glueckseligkeit\/#breadcrumb"},"inLanguage":"it-IT","potentialAction":[{"@type":"ReadAction","target":["https:\/\/cordula.coach\/product\/glueckseligkeit\/"]}]},{"@type":"ImageObject","inLanguage":"it-IT","@id":"https:\/\/cordula.coach\/product\/glueckseligkeit\/#primaryimage","url":"https:\/\/cordula.coach\/wp-content\/uploads\/2021\/09\/20040505-Organisation-der-Glu\u0308ckseligkeit-Cover-vorne.jpg","contentUrl":"https:\/\/cordula.coach\/wp-content\/uploads\/2021\/09\/20040505-Organisation-der-Glu\u0308ckseligkeit-Cover-vorne.jpg","width":1346,"height":1914},{"@type":"BreadcrumbList","@id":"https:\/\/cordula.coach\/product\/glueckseligkeit\/#breadcrumb","itemListElement":[{"@type":"ListItem","position":1,"name":"Startseite","item":"https:\/\/cordula.coach\/"},{"@type":"ListItem","position":2,"name":"Shop","item":"https:\/\/cordula.coach\/shop\/"},{"@type":"ListItem","position":3,"name":"Die Lehre von Grigori Grabovoi \u00fcber Gott. Organisation der Gl\u00fcckseligkeit."}]},{"@type":"WebSite","@id":"https:\/\/cordula.coach\/#website","url":"https:\/\/cordula.coach\/","name":"Il vostro percorso verso un maggiore successo attraverso la libert\u00e0 interiore!","description":"Cordula Ahrens - Consulente di gestione e coach per la vostra consapevolezza","publisher":{"@id":"https:\/\/cordula.coach\/#organization"},"potentialAction":[{"@type":"SearchAction","target":{"@type":"EntryPoint","urlTemplate":"https:\/\/cordula.coach\/?s={search_term_string}"},"query-input":{"@type":"PropertyValueSpecification","valueRequired":true,"valueName":"search_term_string"}}],"inLanguage":"it-IT"},{"@type":"Organization","@id":"https:\/\/cordula.coach\/#organization","name":"Il vostro percorso verso un maggiore successo attraverso la libert\u00e0 interiore!","url":"https:\/\/cordula.coach\/","logo":{"@type":"ImageObject","inLanguage":"it-IT","@id":"https:\/\/cordula.coach\/#\/schema\/logo\/image\/","url":"https:\/\/cordula.coach\/wp-content\/uploads\/2020\/09\/cropped-Logo-gro\u0308sser-1-e1618052237872.png","contentUrl":"https:\/\/cordula.coach\/wp-content\/uploads\/2020\/09\/cropped-Logo-gro\u0308sser-1-e1618052237872.png","width":60,"height":60,"caption":"Dein Weg \u00fcber innere Freiheit zu mehr Erfolg!"},"image":{"@id":"https:\/\/cordula.coach\/#\/schema\/logo\/image\/"}}]}},"_links":{"self":[{"href":"https:\/\/cordula.coach\/it\/wp-json\/wp\/v2\/product\/2460","targetHints":{"allow":["GET"]}}],"collection":[{"href":"https:\/\/cordula.coach\/it\/wp-json\/wp\/v2\/product"}],"about":[{"href":"https:\/\/cordula.coach\/it\/wp-json\/wp\/v2\/types\/product"}],"replies":[{"embeddable":true,"href":"https:\/\/cordula.coach\/it\/wp-json\/wp\/v2\/comments?post=2460"}],"wp:featuredmedia":[{"embeddable":true,"href":"https:\/\/cordula.coach\/it\/wp-json\/wp\/v2\/media\/2462"}],"wp:attachment":[{"href":"https:\/\/cordula.coach\/it\/wp-json\/wp\/v2\/media?parent=2460"}],"wp:term":[{"taxonomy":"product_brand","embeddable":true,"href":"https:\/\/cordula.coach\/it\/wp-json\/wp\/v2\/product_brand?post=2460"},{"taxonomy":"product_cat","embeddable":true,"href":"https:\/\/cordula.coach\/it\/wp-json\/wp\/v2\/product_cat?post=2460"},{"taxonomy":"product_tag","embeddable":true,"href":"https:\/\/cordula.coach\/it\/wp-json\/wp\/v2\/product_tag?post=2460"}],"curies":[{"name":"wp","href":"https:\/\/api.w.org\/{rel}","templated":true}]}}