{"id":2503,"date":"2022-02-27T08:32:07","date_gmt":"2022-02-27T07:32:07","guid":{"rendered":"https:\/\/cordula.coach\/?post_type=product&#038;p=2503"},"modified":"2026-02-22T09:26:50","modified_gmt":"2026-02-22T08:26:50","slug":"serie-numerica-per-la-standardizzazione-psicologica-a-o-volume-1-2","status":"publish","type":"product","link":"https:\/\/cordula.coach\/it\/product\/zahlenreihen-zur-psychologischen-normierung-a-o-band-1-2\/","title":{"rendered":"Serie di numeri per la standardizzazione psicologica A-O (Volume 1\/2)"},"content":{"rendered":"<p><strong>Ogni lamentela nella vita ha le sue cause nei nostri schemi di pensiero - la psiche.<\/strong><\/p>\n<p>Questo vale sia per la salute che per le relazioni, le finanze, la carriera e gli eventi globali.<\/p>\n<p>Con la serie di numeri assegnati nel libro ai vari concetti della psicologia, il dottor Grigori Grabovoi ci fornisce un'esatta <strong>Contribuire a influenzare positivamente il pensiero personale e globale<\/strong>a beneficio di tutti.<\/p>\n<p>Queste righe di numeri sono un <strong>Strumento per una maggiore armonia, salute e successo in tutte le situazioni della vita<\/strong>.<\/p>\n<p>\ud83d\ude80 La prefazione contiene importanti <strong>Note<\/strong> per l'utilizzo.<\/p>\n<p>\ud83d\ude80 Nell'introduzione, pi\u00f9 di 9 <strong>Metodi<\/strong> per l'uso efficace delle serie numeriche in questo lavoro.<\/p>\n<p>\ud83d\ude80 \u00c8 presente un elenco alfabetico dettagliato di <strong>Indice<\/strong> - Unico nel suo genere.<\/p>\n<p>\ud83d\ude80 L'appendice contiene preziosi <strong>Informazioni aggiuntive<\/strong> dell'autore sul significato e sui possibili usi delle singole cifre in relazione a queste serie di numeri per la standardizzazione psicologica. (Trasmesso dal vivo dal dottor Grabovoi durante il mio seminario a Belgrado con il 22 PRK-1U)<\/p>\n<p><strong>Da sapere<\/strong>Psicologia significa letteralmente: Lo studio dell'anima.<\/p>\n<p>L'ordine dei termini \u00e8 quasi magico: se li si legge in ordine, accade qualcosa di molto speciale. Purtroppo, questo non \u00e8 il caso della vecchia edizione (difettosa). Tuttavia, sono felice di aver avuto quell'edizione prima che uscisse questa.<\/p>\n<p>Il lavoro \u00e8 disponibile per l'uso pratico come DIN A5 <strong>Raccoglitore ad anelli<\/strong> progettato. Ha 372 pagine.<\/p>\n<p>Rispetto alla precedente edizione in tedesco, i termini sono nell'ordine esplicitamente indicato dall'autore e solo in questo primo volume sono stati corretti oltre 120 errori o aggiunti termini mancanti.<\/p>\n<p>&nbsp;<\/p>\n<p>Un corso di formazione intensivo sul libro \u00e8 disponibile in <a href=\"https:\/\/akademie.cordula.coach\/s\/cordula.coach\/psychologie22\">Accademia di Cordula<\/a><\/p>","protected":false},"excerpt":{"rendered":"<p>La serie di numeri del dottor Grabovoi per la normalizzazione psicologica aiuta a orientare i vostri schemi di pensiero in una direzione super vantaggiosa per voi e per tutte le persone. Anche i modelli di pensiero degli altri.<\/p>\n<p>Questa edizione rivista risolve oltre 120 gravi errori presenti nella precedente traduzione in tutte le edizioni.<\/p>\n<p>La serie di numeri vi porta di nuovo nella frequenza di agire in armonia con la vostra anima: Pi\u00f9 liberi, pi\u00f9 leggeri, pi\u00f9 vincenti.<\/p>\n<p>Questa traduzione corrisponde alle esigenze dell'autore ed \u00e8 stata corretta o integrata in oltre 120 casi, in conformit\u00e0 con l'originale russo.<\/p>\n<p>In ogni caso, \u00e8 opportuno prenotare un corso di formazione per implementare l'applicazione nel modo pi\u00f9 efficace. (<a href=\"https:\/\/akademie.cordula.coach\">https:\/\/akademie.cordula.coach<\/a>)<\/p>\n<p>ISBN: 978-3-754966-57-0<\/p>","protected":false},"featured_media":2504,"comment_status":"open","ping_status":"closed","template":"","meta":[],"product_brand":[],"product_cat":[30],"product_tag":[38,78,75,32,37,76,73,74,77],"class_list":{"0":"post-2503","1":"product","2":"type-product","3":"status-publish","4":"has-post-thumbnail","6":"product_cat-buch","7":"product_tag-bewusstsein","8":"product_tag-frequenzerhoehung","9":"product_tag-gedanken","10":"product_tag-grabovoi","11":"product_tag-grigori-grabovoi","12":"product_tag-positives-denken","13":"product_tag-psychologie","14":"product_tag-psychologische-normierung","15":"product_tag-zahlenreihen-grabovois","16":"latest_post","18":"first","19":"instock","20":"featured","21":"taxable","22":"shipping-taxable","23":"purchasable","24":"product-type-simple"},"yoast_head":"<!-- This site is optimized with the Yoast SEO plugin v27.1.1 - https:\/\/yoast.com\/product\/yoast-seo-wordpress\/ -->\n<title>Zahlenreihen zur Psychologischen Normierung A-O (Band 1\/2) - Dein Weg \u00fcber innere Freiheit zu mehr Erfolg!<\/title>\n<meta name=\"robots\" content=\"index, follow, max-snippet:-1, max-image-preview:large, max-video-preview:-1\" \/>\n<link rel=\"canonical\" href=\"https:\/\/cordula.coach\/it\/prodotto\/serie-numerica-per-la-standardizzazione-psicologica-a-o-volume-1-2\/\" \/>\n<meta property=\"og:locale\" content=\"it_IT\" \/>\n<meta property=\"og:type\" content=\"article\" \/>\n<meta property=\"og:title\" content=\"Zahlenreihen zur Psychologischen Normierung A-O (Band 1\/2) - Dein Weg \u00fcber innere Freiheit zu mehr Erfolg!\" \/>\n<meta property=\"og:description\" content=\"Die Zahlenreihen zur Psychologischen Normierung von Dr. Grabovoi helfen Deine Gedankenmuster in eine super vorteilhafte Richtung f\u00fcr Dich und alle Menschen zu lenken. Auch die Gedankenmuster anderer.  Diese \u00fcberarbeitete Ausgabe l\u00f6st \u00fcber 120 gravierende Fehler der bisherigen \u00dcbersetzung in allen Auflagen.  Die Zahlenreihen bringen Dich in die Frequenz, wieder mit Deiner Seele im Einklang zu handeln: Freier, leichter, erfolgreicher.  Diese \u00dcbersetzung entspricht den Forderungen des Autors und wurde in \u00fcber 120 F\u00e4llen korrigiert bzw. erg\u00e4nzt, gem\u00e4\u00df dem russischen Original.  Es ist in jedem Fall sinnvoll, dazu eine Ausbildung zu buchen, um die Anwendung am effektivsten umzusetzen. (https:\/\/akademie.cordula.coach)  ISBN: 978-3-754966-57-0\" \/>\n<meta property=\"og:url\" content=\"https:\/\/cordula.coach\/it\/prodotto\/serie-numerica-per-la-standardizzazione-psicologica-a-o-volume-1-2\/\" \/>\n<meta property=\"og:site_name\" content=\"Dein Weg \u00fcber innere Freiheit zu mehr Erfolg!\" \/>\n<meta property=\"article:modified_time\" content=\"2026-02-22T08:26:50+00:00\" \/>\n<meta property=\"og:image\" content=\"https:\/\/cordula.coach\/wp-content\/uploads\/2022\/02\/2003_Zahlenreihen-zur-Psychologischen-Normierung-Cover-vorne-scaled.jpg\" \/>\n\t<meta property=\"og:image:width\" content=\"1807\" \/>\n\t<meta property=\"og:image:height\" content=\"2560\" \/>\n\t<meta property=\"og:image:type\" content=\"image\/jpeg\" \/>\n<meta name=\"twitter:card\" content=\"summary_large_image\" \/>\n<meta name=\"twitter:label1\" content=\"Tempo di lettura stimato\" \/>\n\t<meta name=\"twitter:data1\" content=\"1 minuto\" \/>\n<script type=\"application\/ld+json\" class=\"yoast-schema-graph\">{\"@context\":\"https:\/\/schema.org\",\"@graph\":[{\"@type\":\"WebPage\",\"@id\":\"https:\/\/cordula.coach\/product\/zahlenreihen-zur-psychologischen-normierung-a-o-band-1-2\/\",\"url\":\"https:\/\/cordula.coach\/product\/zahlenreihen-zur-psychologischen-normierung-a-o-band-1-2\/\",\"name\":\"Zahlenreihen zur Psychologischen Normierung A-O (Band 1\/2) - Dein Weg \u00fcber innere Freiheit zu mehr Erfolg!\",\"isPartOf\":{\"@id\":\"https:\/\/cordula.coach\/#website\"},\"primaryImageOfPage\":{\"@id\":\"https:\/\/cordula.coach\/product\/zahlenreihen-zur-psychologischen-normierung-a-o-band-1-2\/#primaryimage\"},\"image\":{\"@id\":\"https:\/\/cordula.coach\/product\/zahlenreihen-zur-psychologischen-normierung-a-o-band-1-2\/#primaryimage\"},\"thumbnailUrl\":\"https:\/\/cordula.coach\/wp-content\/uploads\/2022\/02\/2003_Zahlenreihen-zur-Psychologischen-Normierung-Cover-vorne-scaled.jpg\",\"datePublished\":\"2022-02-27T07:32:07+00:00\",\"dateModified\":\"2026-02-22T08:26:50+00:00\",\"breadcrumb\":{\"@id\":\"https:\/\/cordula.coach\/product\/zahlenreihen-zur-psychologischen-normierung-a-o-band-1-2\/#breadcrumb\"},\"inLanguage\":\"it-IT\",\"potentialAction\":[{\"@type\":\"ReadAction\",\"target\":[\"https:\/\/cordula.coach\/product\/zahlenreihen-zur-psychologischen-normierung-a-o-band-1-2\/\"]}]},{\"@type\":\"ImageObject\",\"inLanguage\":\"it-IT\",\"@id\":\"https:\/\/cordula.coach\/product\/zahlenreihen-zur-psychologischen-normierung-a-o-band-1-2\/#primaryimage\",\"url\":\"https:\/\/cordula.coach\/wp-content\/uploads\/2022\/02\/2003_Zahlenreihen-zur-Psychologischen-Normierung-Cover-vorne-scaled.jpg\",\"contentUrl\":\"https:\/\/cordula.coach\/wp-content\/uploads\/2022\/02\/2003_Zahlenreihen-zur-Psychologischen-Normierung-Cover-vorne-scaled.jpg\",\"width\":1807,\"height\":2560},{\"@type\":\"BreadcrumbList\",\"@id\":\"https:\/\/cordula.coach\/product\/zahlenreihen-zur-psychologischen-normierung-a-o-band-1-2\/#breadcrumb\",\"itemListElement\":[{\"@type\":\"ListItem\",\"position\":1,\"name\":\"Startseite\",\"item\":\"https:\/\/cordula.coach\/\"},{\"@type\":\"ListItem\",\"position\":2,\"name\":\"Shop\",\"item\":\"https:\/\/cordula.coach\/shop\/\"},{\"@type\":\"ListItem\",\"position\":3,\"name\":\"Zahlenreihen zur Psychologischen Normierung A-O (Band 1\/2)\"}]},{\"@type\":\"WebSite\",\"@id\":\"https:\/\/cordula.coach\/#website\",\"url\":\"https:\/\/cordula.coach\/\",\"name\":\"Dein Weg \u00fcber innere Freiheit zu mehr Erfolg!\",\"description\":\"Cordula Ahrens - Unternehmensberaterin und Coach f\u00fcr Dein Bewusstsein\",\"publisher\":{\"@id\":\"https:\/\/cordula.coach\/#organization\"},\"potentialAction\":[{\"@type\":\"SearchAction\",\"target\":{\"@type\":\"EntryPoint\",\"urlTemplate\":\"https:\/\/cordula.coach\/?s={search_term_string}\"},\"query-input\":{\"@type\":\"PropertyValueSpecification\",\"valueRequired\":true,\"valueName\":\"search_term_string\"}}],\"inLanguage\":\"it-IT\"},{\"@type\":\"Organization\",\"@id\":\"https:\/\/cordula.coach\/#organization\",\"name\":\"Dein Weg \u00fcber innere Freiheit zu mehr Erfolg!\",\"url\":\"https:\/\/cordula.coach\/\",\"logo\":{\"@type\":\"ImageObject\",\"inLanguage\":\"it-IT\",\"@id\":\"https:\/\/cordula.coach\/#\/schema\/logo\/image\/\",\"url\":\"https:\/\/cordula.coach\/wp-content\/uploads\/2020\/09\/cropped-Logo-gro\u0308sser-1-e1618052237872.png\",\"contentUrl\":\"https:\/\/cordula.coach\/wp-content\/uploads\/2020\/09\/cropped-Logo-gro\u0308sser-1-e1618052237872.png\",\"width\":60,\"height\":60,\"caption\":\"Dein Weg \u00fcber innere Freiheit zu mehr Erfolg!\"},\"image\":{\"@id\":\"https:\/\/cordula.coach\/#\/schema\/logo\/image\/\"}}]}<\/script>\n<!-- \/ Yoast SEO plugin. -->","yoast_head_json":{"title":"Serie di numeri per la standardizzazione psicologica A-O (Volume 1\/2) - Il suo percorso verso un maggiore successo grazie alla libert\u00e0 interiore!","robots":{"index":"index","follow":"follow","max-snippet":"max-snippet:-1","max-image-preview":"max-image-preview:large","max-video-preview":"max-video-preview:-1"},"canonical":"https:\/\/cordula.coach\/it\/prodotto\/serie-numerica-per-la-standardizzazione-psicologica-a-o-volume-1-2\/","og_locale":"it_IT","og_type":"article","og_title":"Zahlenreihen zur Psychologischen Normierung A-O (Band 1\/2) - Dein Weg \u00fcber innere Freiheit zu mehr Erfolg!","og_description":"Die Zahlenreihen zur Psychologischen Normierung von Dr. Grabovoi helfen Deine Gedankenmuster in eine super vorteilhafte Richtung f\u00fcr Dich und alle Menschen zu lenken. Auch die Gedankenmuster anderer.  Diese \u00fcberarbeitete Ausgabe l\u00f6st \u00fcber 120 gravierende Fehler der bisherigen \u00dcbersetzung in allen Auflagen.  Die Zahlenreihen bringen Dich in die Frequenz, wieder mit Deiner Seele im Einklang zu handeln: Freier, leichter, erfolgreicher.  Diese \u00dcbersetzung entspricht den Forderungen des Autors und wurde in \u00fcber 120 F\u00e4llen korrigiert bzw. erg\u00e4nzt, gem\u00e4\u00df dem russischen Original.  Es ist in jedem Fall sinnvoll, dazu eine Ausbildung zu buchen, um die Anwendung am effektivsten umzusetzen. (https:\/\/akademie.cordula.coach)  ISBN: 978-3-754966-57-0","og_url":"https:\/\/cordula.coach\/it\/prodotto\/serie-numerica-per-la-standardizzazione-psicologica-a-o-volume-1-2\/","og_site_name":"Dein Weg \u00fcber innere Freiheit zu mehr Erfolg!","article_modified_time":"2026-02-22T08:26:50+00:00","og_image":[{"width":1807,"height":2560,"url":"https:\/\/cordula.coach\/wp-content\/uploads\/2022\/02\/2003_Zahlenreihen-zur-Psychologischen-Normierung-Cover-vorne-scaled.jpg","type":"image\/jpeg"}],"twitter_card":"summary_large_image","twitter_misc":{"Tempo di lettura stimato":"1 minuto"},"schema":{"@context":"https:\/\/schema.org","@graph":[{"@type":"WebPage","@id":"https:\/\/cordula.coach\/product\/zahlenreihen-zur-psychologischen-normierung-a-o-band-1-2\/","url":"https:\/\/cordula.coach\/product\/zahlenreihen-zur-psychologischen-normierung-a-o-band-1-2\/","name":"Serie di numeri per la standardizzazione psicologica A-O (Volume 1\/2) - Il suo percorso verso un maggiore successo grazie alla libert\u00e0 interiore!","isPartOf":{"@id":"https:\/\/cordula.coach\/#website"},"primaryImageOfPage":{"@id":"https:\/\/cordula.coach\/product\/zahlenreihen-zur-psychologischen-normierung-a-o-band-1-2\/#primaryimage"},"image":{"@id":"https:\/\/cordula.coach\/product\/zahlenreihen-zur-psychologischen-normierung-a-o-band-1-2\/#primaryimage"},"thumbnailUrl":"https:\/\/cordula.coach\/wp-content\/uploads\/2022\/02\/2003_Zahlenreihen-zur-Psychologischen-Normierung-Cover-vorne-scaled.jpg","datePublished":"2022-02-27T07:32:07+00:00","dateModified":"2026-02-22T08:26:50+00:00","breadcrumb":{"@id":"https:\/\/cordula.coach\/product\/zahlenreihen-zur-psychologischen-normierung-a-o-band-1-2\/#breadcrumb"},"inLanguage":"it-IT","potentialAction":[{"@type":"ReadAction","target":["https:\/\/cordula.coach\/product\/zahlenreihen-zur-psychologischen-normierung-a-o-band-1-2\/"]}]},{"@type":"ImageObject","inLanguage":"it-IT","@id":"https:\/\/cordula.coach\/product\/zahlenreihen-zur-psychologischen-normierung-a-o-band-1-2\/#primaryimage","url":"https:\/\/cordula.coach\/wp-content\/uploads\/2022\/02\/2003_Zahlenreihen-zur-Psychologischen-Normierung-Cover-vorne-scaled.jpg","contentUrl":"https:\/\/cordula.coach\/wp-content\/uploads\/2022\/02\/2003_Zahlenreihen-zur-Psychologischen-Normierung-Cover-vorne-scaled.jpg","width":1807,"height":2560},{"@type":"BreadcrumbList","@id":"https:\/\/cordula.coach\/product\/zahlenreihen-zur-psychologischen-normierung-a-o-band-1-2\/#breadcrumb","itemListElement":[{"@type":"ListItem","position":1,"name":"Startseite","item":"https:\/\/cordula.coach\/"},{"@type":"ListItem","position":2,"name":"Shop","item":"https:\/\/cordula.coach\/shop\/"},{"@type":"ListItem","position":3,"name":"Zahlenreihen zur Psychologischen Normierung A-O (Band 1\/2)"}]},{"@type":"WebSite","@id":"https:\/\/cordula.coach\/#website","url":"https:\/\/cordula.coach\/","name":"Il vostro percorso verso un maggiore successo attraverso la libert\u00e0 interiore!","description":"Cordula Ahrens - Consulente di gestione e coach per la vostra consapevolezza","publisher":{"@id":"https:\/\/cordula.coach\/#organization"},"potentialAction":[{"@type":"SearchAction","target":{"@type":"EntryPoint","urlTemplate":"https:\/\/cordula.coach\/?s={search_term_string}"},"query-input":{"@type":"PropertyValueSpecification","valueRequired":true,"valueName":"search_term_string"}}],"inLanguage":"it-IT"},{"@type":"Organization","@id":"https:\/\/cordula.coach\/#organization","name":"Il vostro percorso verso un maggiore successo attraverso la libert\u00e0 interiore!","url":"https:\/\/cordula.coach\/","logo":{"@type":"ImageObject","inLanguage":"it-IT","@id":"https:\/\/cordula.coach\/#\/schema\/logo\/image\/","url":"https:\/\/cordula.coach\/wp-content\/uploads\/2020\/09\/cropped-Logo-gro\u0308sser-1-e1618052237872.png","contentUrl":"https:\/\/cordula.coach\/wp-content\/uploads\/2020\/09\/cropped-Logo-gro\u0308sser-1-e1618052237872.png","width":60,"height":60,"caption":"Dein Weg \u00fcber innere Freiheit zu mehr Erfolg!"},"image":{"@id":"https:\/\/cordula.coach\/#\/schema\/logo\/image\/"}}]}},"_links":{"self":[{"href":"https:\/\/cordula.coach\/it\/wp-json\/wp\/v2\/product\/2503","targetHints":{"allow":["GET"]}}],"collection":[{"href":"https:\/\/cordula.coach\/it\/wp-json\/wp\/v2\/product"}],"about":[{"href":"https:\/\/cordula.coach\/it\/wp-json\/wp\/v2\/types\/product"}],"replies":[{"embeddable":true,"href":"https:\/\/cordula.coach\/it\/wp-json\/wp\/v2\/comments?post=2503"}],"wp:featuredmedia":[{"embeddable":true,"href":"https:\/\/cordula.coach\/it\/wp-json\/wp\/v2\/media\/2504"}],"wp:attachment":[{"href":"https:\/\/cordula.coach\/it\/wp-json\/wp\/v2\/media?parent=2503"}],"wp:term":[{"taxonomy":"product_brand","embeddable":true,"href":"https:\/\/cordula.coach\/it\/wp-json\/wp\/v2\/product_brand?post=2503"},{"taxonomy":"product_cat","embeddable":true,"href":"https:\/\/cordula.coach\/it\/wp-json\/wp\/v2\/product_cat?post=2503"},{"taxonomy":"product_tag","embeddable":true,"href":"https:\/\/cordula.coach\/it\/wp-json\/wp\/v2\/product_tag?post=2503"}],"curies":[{"name":"wp","href":"https:\/\/api.w.org\/{rel}","templated":true}]}}