{"id":2651,"date":"2023-06-02T14:34:00","date_gmt":"2023-06-02T12:34:00","guid":{"rendered":"https:\/\/cordula.coach\/?post_type=product&#038;p=2651"},"modified":"2026-02-22T09:26:50","modified_gmt":"2026-02-22T08:26:50","slug":"dormire","status":"publish","type":"product","link":"https:\/\/cordula.coach\/it\/product\/schlaf\/","title":{"rendered":"Dormire molto bene - svegliarsi finalmente riposati e pieni di energia."},"content":{"rendered":"<p>Dormire molto bene - svegliarsi riposati - iniziare la giornata pieni di energia!<\/p>\n<p>L'esperta di Grabovoi Cordula Ahrens condivide le sue conoscenze.<\/p>\n<p>Il sonno \u00e8 un argomento molto vasto. Dopo tutto, il nostro corpo trascorre circa. <sup>1<\/sup>\/<sub>3<\/sub> della nostra vita dormendo.<\/p>\n<p>Per riuscire a dormire davvero bene o meglio, \u00e8 sufficiente portarci nella giusta vibrazione - ma qual \u00e8 quella giusta?<\/p>\n<p>Questo libretto tematico offre oltre 70 pagine di spiegazioni e strutture vibrazionali sotto forma di frasi e sequenze di numeri. \u00c8 sicuramente utile utilizzarle tutte. Ma \u00e8 anche sufficiente utilizzare l'unica adatta per un periodo di tempo pi\u00f9 lungo.<\/p>\n<p>___<\/p>\n<p>L'accento \u00e8 posto sugli organi, sugli aspetti psicologici individuali, sul comportamento del sonno stesso, su alcuni aspetti dei sogni e del risveglio. Sono elencate cinque diverse opere di Grabovoi e informazioni trasmesse personalmente.<\/p>\n<p>Questa \u00e8 la versione in brossura con oltre 70 pagine.<\/p>","protected":false},"excerpt":{"rendered":"<p>Dormire bene nonostante lo stress!<\/p>\n<p>In questo libro pratico imparerete come farlo funzionare di nuovo. Cosa potete fare davvero. Quali strutture vibrazionali vi aiuteranno.<\/p>\n<p>Dopo una buona notte di sonno, \u00e8 molto pi\u00f9 facile ricominciare la giornata pieni di energia.<\/p>\n<p>&nbsp;<\/p>","protected":false},"featured_media":2652,"comment_status":"open","ping_status":"closed","template":"","meta":[],"product_brand":[],"product_cat":[30],"product_tag":[],"class_list":{"0":"post-2651","1":"product","2":"type-product","3":"status-publish","4":"has-post-thumbnail","6":"product_cat-buch","7":"latest_post","9":"first","10":"instock","11":"taxable","12":"shipping-taxable","13":"purchasable","14":"product-type-simple"},"yoast_head":"<!-- This site is optimized with the Yoast SEO plugin v27.1.1 - https:\/\/yoast.com\/product\/yoast-seo-wordpress\/ -->\n<title>Richtig gut Schlafen - endlich wieder ausgeruht und voller Energie aufwachen - Dein Weg \u00fcber innere Freiheit zu mehr Erfolg!<\/title>\n<meta name=\"robots\" content=\"index, follow, max-snippet:-1, max-image-preview:large, max-video-preview:-1\" \/>\n<link rel=\"canonical\" href=\"https:\/\/cordula.coach\/it\/prodotto\/dormire\/\" \/>\n<meta property=\"og:locale\" content=\"it_IT\" \/>\n<meta property=\"og:type\" content=\"article\" \/>\n<meta property=\"og:title\" content=\"Richtig gut Schlafen - endlich wieder ausgeruht und voller Energie aufwachen - Dein Weg \u00fcber innere Freiheit zu mehr Erfolg!\" \/>\n<meta property=\"og:description\" content=\"Gut schlafen trotz Stress!  In diesem Praxisbuch erfahren Sie, wie es wieder funktioniert. Was sie wirklich tun k\u00f6nnen. Welche Vibrationsstrukturen Ihnen helfen.  Nach einem guten Schlaf ist es viel leichter wieder voller Energie in den Tag zu starten.  &nbsp;\" \/>\n<meta property=\"og:url\" content=\"https:\/\/cordula.coach\/it\/prodotto\/dormire\/\" \/>\n<meta property=\"og:site_name\" content=\"Dein Weg \u00fcber innere Freiheit zu mehr Erfolg!\" \/>\n<meta property=\"article:modified_time\" content=\"2026-02-22T08:26:50+00:00\" \/>\n<meta property=\"og:image\" content=\"https:\/\/cordula.coach\/wp-content\/uploads\/2023\/06\/Cover-vorne-Schlaf-cover-vorne-epub-712x1024.png\" \/>\n\t<meta property=\"og:image:width\" content=\"712\" \/>\n\t<meta property=\"og:image:height\" content=\"1024\" \/>\n\t<meta property=\"og:image:type\" content=\"image\/png\" \/>\n<meta name=\"twitter:card\" content=\"summary_large_image\" \/>\n<meta name=\"twitter:label1\" content=\"Tempo di lettura stimato\" \/>\n\t<meta name=\"twitter:data1\" content=\"1 minuto\" \/>\n<script type=\"application\/ld+json\" class=\"yoast-schema-graph\">{\"@context\":\"https:\/\/schema.org\",\"@graph\":[{\"@type\":\"WebPage\",\"@id\":\"https:\/\/cordula.coach\/product\/schlaf\/\",\"url\":\"https:\/\/cordula.coach\/product\/schlaf\/\",\"name\":\"Richtig gut Schlafen - endlich wieder ausgeruht und voller Energie aufwachen - Dein Weg \u00fcber innere Freiheit zu mehr Erfolg!\",\"isPartOf\":{\"@id\":\"https:\/\/cordula.coach\/#website\"},\"primaryImageOfPage\":{\"@id\":\"https:\/\/cordula.coach\/product\/schlaf\/#primaryimage\"},\"image\":{\"@id\":\"https:\/\/cordula.coach\/product\/schlaf\/#primaryimage\"},\"thumbnailUrl\":\"https:\/\/cordula.coach\/wp-content\/uploads\/2023\/06\/Cover-vorne-Schlaf-cover-vorne-epub.png\",\"datePublished\":\"2023-06-02T12:34:00+00:00\",\"dateModified\":\"2026-02-22T08:26:50+00:00\",\"breadcrumb\":{\"@id\":\"https:\/\/cordula.coach\/product\/schlaf\/#breadcrumb\"},\"inLanguage\":\"it-IT\",\"potentialAction\":[{\"@type\":\"ReadAction\",\"target\":[\"https:\/\/cordula.coach\/product\/schlaf\/\"]}]},{\"@type\":\"ImageObject\",\"inLanguage\":\"it-IT\",\"@id\":\"https:\/\/cordula.coach\/product\/schlaf\/#primaryimage\",\"url\":\"https:\/\/cordula.coach\/wp-content\/uploads\/2023\/06\/Cover-vorne-Schlaf-cover-vorne-epub.png\",\"contentUrl\":\"https:\/\/cordula.coach\/wp-content\/uploads\/2023\/06\/Cover-vorne-Schlaf-cover-vorne-epub.png\",\"width\":1396,\"height\":2008},{\"@type\":\"BreadcrumbList\",\"@id\":\"https:\/\/cordula.coach\/product\/schlaf\/#breadcrumb\",\"itemListElement\":[{\"@type\":\"ListItem\",\"position\":1,\"name\":\"Startseite\",\"item\":\"https:\/\/cordula.coach\/\"},{\"@type\":\"ListItem\",\"position\":2,\"name\":\"Shop\",\"item\":\"https:\/\/cordula.coach\/shop\/\"},{\"@type\":\"ListItem\",\"position\":3,\"name\":\"Richtig gut Schlafen &#8211; endlich wieder ausgeruht und voller Energie aufwachen\"}]},{\"@type\":\"WebSite\",\"@id\":\"https:\/\/cordula.coach\/#website\",\"url\":\"https:\/\/cordula.coach\/\",\"name\":\"Dein Weg \u00fcber innere Freiheit zu mehr Erfolg!\",\"description\":\"Cordula Ahrens - Unternehmensberaterin und Coach f\u00fcr Dein Bewusstsein\",\"publisher\":{\"@id\":\"https:\/\/cordula.coach\/#organization\"},\"potentialAction\":[{\"@type\":\"SearchAction\",\"target\":{\"@type\":\"EntryPoint\",\"urlTemplate\":\"https:\/\/cordula.coach\/?s={search_term_string}\"},\"query-input\":{\"@type\":\"PropertyValueSpecification\",\"valueRequired\":true,\"valueName\":\"search_term_string\"}}],\"inLanguage\":\"it-IT\"},{\"@type\":\"Organization\",\"@id\":\"https:\/\/cordula.coach\/#organization\",\"name\":\"Dein Weg \u00fcber innere Freiheit zu mehr Erfolg!\",\"url\":\"https:\/\/cordula.coach\/\",\"logo\":{\"@type\":\"ImageObject\",\"inLanguage\":\"it-IT\",\"@id\":\"https:\/\/cordula.coach\/#\/schema\/logo\/image\/\",\"url\":\"https:\/\/cordula.coach\/wp-content\/uploads\/2020\/09\/cropped-Logo-gro\u0308sser-1-e1618052237872.png\",\"contentUrl\":\"https:\/\/cordula.coach\/wp-content\/uploads\/2020\/09\/cropped-Logo-gro\u0308sser-1-e1618052237872.png\",\"width\":60,\"height\":60,\"caption\":\"Dein Weg \u00fcber innere Freiheit zu mehr Erfolg!\"},\"image\":{\"@id\":\"https:\/\/cordula.coach\/#\/schema\/logo\/image\/\"}}]}<\/script>\n<!-- \/ Yoast SEO plugin. -->","yoast_head_json":{"title":"Dormire molto bene - svegliarsi finalmente riposati e di nuovo pieni di energia - il suo percorso verso un maggiore successo attraverso la libert\u00e0 interiore!","robots":{"index":"index","follow":"follow","max-snippet":"max-snippet:-1","max-image-preview":"max-image-preview:large","max-video-preview":"max-video-preview:-1"},"canonical":"https:\/\/cordula.coach\/it\/prodotto\/dormire\/","og_locale":"it_IT","og_type":"article","og_title":"Richtig gut Schlafen - endlich wieder ausgeruht und voller Energie aufwachen - Dein Weg \u00fcber innere Freiheit zu mehr Erfolg!","og_description":"Gut schlafen trotz Stress!  In diesem Praxisbuch erfahren Sie, wie es wieder funktioniert. Was sie wirklich tun k\u00f6nnen. Welche Vibrationsstrukturen Ihnen helfen.  Nach einem guten Schlaf ist es viel leichter wieder voller Energie in den Tag zu starten.  &nbsp;","og_url":"https:\/\/cordula.coach\/it\/prodotto\/dormire\/","og_site_name":"Dein Weg \u00fcber innere Freiheit zu mehr Erfolg!","article_modified_time":"2026-02-22T08:26:50+00:00","og_image":[{"width":712,"height":1024,"url":"https:\/\/cordula.coach\/wp-content\/uploads\/2023\/06\/Cover-vorne-Schlaf-cover-vorne-epub-712x1024.png","type":"image\/png"}],"twitter_card":"summary_large_image","twitter_misc":{"Tempo di lettura stimato":"1 minuto"},"schema":{"@context":"https:\/\/schema.org","@graph":[{"@type":"WebPage","@id":"https:\/\/cordula.coach\/product\/schlaf\/","url":"https:\/\/cordula.coach\/product\/schlaf\/","name":"Dormire molto bene - svegliarsi finalmente riposati e di nuovo pieni di energia - il suo percorso verso un maggiore successo attraverso la libert\u00e0 interiore!","isPartOf":{"@id":"https:\/\/cordula.coach\/#website"},"primaryImageOfPage":{"@id":"https:\/\/cordula.coach\/product\/schlaf\/#primaryimage"},"image":{"@id":"https:\/\/cordula.coach\/product\/schlaf\/#primaryimage"},"thumbnailUrl":"https:\/\/cordula.coach\/wp-content\/uploads\/2023\/06\/Cover-vorne-Schlaf-cover-vorne-epub.png","datePublished":"2023-06-02T12:34:00+00:00","dateModified":"2026-02-22T08:26:50+00:00","breadcrumb":{"@id":"https:\/\/cordula.coach\/product\/schlaf\/#breadcrumb"},"inLanguage":"it-IT","potentialAction":[{"@type":"ReadAction","target":["https:\/\/cordula.coach\/product\/schlaf\/"]}]},{"@type":"ImageObject","inLanguage":"it-IT","@id":"https:\/\/cordula.coach\/product\/schlaf\/#primaryimage","url":"https:\/\/cordula.coach\/wp-content\/uploads\/2023\/06\/Cover-vorne-Schlaf-cover-vorne-epub.png","contentUrl":"https:\/\/cordula.coach\/wp-content\/uploads\/2023\/06\/Cover-vorne-Schlaf-cover-vorne-epub.png","width":1396,"height":2008},{"@type":"BreadcrumbList","@id":"https:\/\/cordula.coach\/product\/schlaf\/#breadcrumb","itemListElement":[{"@type":"ListItem","position":1,"name":"Startseite","item":"https:\/\/cordula.coach\/"},{"@type":"ListItem","position":2,"name":"Shop","item":"https:\/\/cordula.coach\/shop\/"},{"@type":"ListItem","position":3,"name":"Richtig gut Schlafen &#8211; endlich wieder ausgeruht und voller Energie aufwachen"}]},{"@type":"WebSite","@id":"https:\/\/cordula.coach\/#website","url":"https:\/\/cordula.coach\/","name":"Il vostro percorso verso un maggiore successo attraverso la libert\u00e0 interiore!","description":"Cordula Ahrens - Consulente di gestione e coach per la vostra consapevolezza","publisher":{"@id":"https:\/\/cordula.coach\/#organization"},"potentialAction":[{"@type":"SearchAction","target":{"@type":"EntryPoint","urlTemplate":"https:\/\/cordula.coach\/?s={search_term_string}"},"query-input":{"@type":"PropertyValueSpecification","valueRequired":true,"valueName":"search_term_string"}}],"inLanguage":"it-IT"},{"@type":"Organization","@id":"https:\/\/cordula.coach\/#organization","name":"Il vostro percorso verso un maggiore successo attraverso la libert\u00e0 interiore!","url":"https:\/\/cordula.coach\/","logo":{"@type":"ImageObject","inLanguage":"it-IT","@id":"https:\/\/cordula.coach\/#\/schema\/logo\/image\/","url":"https:\/\/cordula.coach\/wp-content\/uploads\/2020\/09\/cropped-Logo-gro\u0308sser-1-e1618052237872.png","contentUrl":"https:\/\/cordula.coach\/wp-content\/uploads\/2020\/09\/cropped-Logo-gro\u0308sser-1-e1618052237872.png","width":60,"height":60,"caption":"Dein Weg \u00fcber innere Freiheit zu mehr Erfolg!"},"image":{"@id":"https:\/\/cordula.coach\/#\/schema\/logo\/image\/"}}]}},"_links":{"self":[{"href":"https:\/\/cordula.coach\/it\/wp-json\/wp\/v2\/product\/2651","targetHints":{"allow":["GET"]}}],"collection":[{"href":"https:\/\/cordula.coach\/it\/wp-json\/wp\/v2\/product"}],"about":[{"href":"https:\/\/cordula.coach\/it\/wp-json\/wp\/v2\/types\/product"}],"replies":[{"embeddable":true,"href":"https:\/\/cordula.coach\/it\/wp-json\/wp\/v2\/comments?post=2651"}],"wp:featuredmedia":[{"embeddable":true,"href":"https:\/\/cordula.coach\/it\/wp-json\/wp\/v2\/media\/2652"}],"wp:attachment":[{"href":"https:\/\/cordula.coach\/it\/wp-json\/wp\/v2\/media?parent=2651"}],"wp:term":[{"taxonomy":"product_brand","embeddable":true,"href":"https:\/\/cordula.coach\/it\/wp-json\/wp\/v2\/product_brand?post=2651"},{"taxonomy":"product_cat","embeddable":true,"href":"https:\/\/cordula.coach\/it\/wp-json\/wp\/v2\/product_cat?post=2651"},{"taxonomy":"product_tag","embeddable":true,"href":"https:\/\/cordula.coach\/it\/wp-json\/wp\/v2\/product_tag?post=2651"}],"curies":[{"name":"wp","href":"https:\/\/api.w.org\/{rel}","templated":true}]}}