{"id":2701,"date":"2023-10-14T14:42:05","date_gmt":"2023-10-14T12:42:05","guid":{"rendered":"https:\/\/cordula.coach\/?post_type=product&#038;p=2701"},"modified":"2026-03-03T20:43:00","modified_gmt":"2026-03-03T19:43:00","slug":"linsegnamento-di-grigori-grabovoi-sul-ringiovanimento-di-dio-attraverso-leternita","status":"publish","type":"product","link":"https:\/\/cordula.coach\/it\/product\/die-lehre-von-grigori-grabovoi-ueber-gott-verjuengung-durch-die-ewigkeit\/","title":{"rendered":"L'insegnamento di Grigori Grabovoi su Dio. Ringiovanimento attraverso l'eternit\u00e0."},"content":{"rendered":"<p>Band 393 der Lehrer der &#8220;Rettung und harmonischen Entwicklung&#8221; von Prof. Dr. Grigori Grabovoi vom 24. M\u00e4rz 2005<\/p>\n<p>43 Seiten<\/p>\n<div class=\"flex-1 overflow-hidden\">\n<div class=\"react-scroll-to-bottom--css-zubae-79elbk h-full dark:bg-gray-800\">\n<div class=\"react-scroll-to-bottom--css-zubae-1n7m0yu\">\n<div class=\"flex flex-col text-sm dark:bg-gray-800\">\n<div class=\"group final-completion w-full text-token-text-primary border-b border-black\/10 gizmo:border-0 dark:border-gray-900\/50 gizmo:dark:border-0 bg-gray-50 gizmo:bg-transparent dark:bg-[#444654] gizmo:dark:bg-transparent\" data-testid=\"conversation-turn-28\">\n<div class=\"p-4 justify-center text-base md:gap-6 md:py-6 m-auto\">\n<div class=\"flex flex-1 gap-4 text-base mx-auto md:gap-6 gizmo:gap-3 gizmo:md:px-5 gizmo:lg:px-1 gizmo:xl:px-5 md:max-w-2xl lg:max-w-[38rem] gizmo:md:max-w-3xl gizmo:lg:max-w-[40rem] gizmo:xl:max-w-[48rem] xl:max-w-3xl }\">\n<div class=\"relative flex w-[calc(100%-50px)] flex-col gizmo:w-full lg:w-[calc(100%-115px)] agent-turn\">\n<div class=\"flex-col gap-1 md:gap-3\">\n<div class=\"flex flex-grow flex-col gap-3 max-w-full\">\n<div class=\"min-h-[20px] flex flex-col items-start gap-3 whitespace-pre-wrap break-words overflow-x-auto\">\n<div class=\"markdown prose w-full break-words dark:prose-invert light\">\n<p>Es handelt sich hier in diesem Buch um eine Vorlesung von Grigori P. Grabovoi, der sich mit seiner Lehre \u00fcber Gott und die Verj\u00fcngung durch die Ewigkeit besch\u00e4ftigt. In diesem Text betont Grabovoi die Kontrolle \u00fcber die eigene Gesundheit durch die bewusste Wahrnehmung und Ausrichtung auf die Ewigkeit. Die Idee ist, dass, indem man sich auf den urspr\u00fcnglichen Sch\u00f6pfungspunkt des Menschen fokussiert und die Verbindung zu Gott st\u00e4rkt, man in der Lage ist, die eigene Gesundheit zu beeinflussen und sich zu verj\u00fcngen.<\/p>\n<p>Grabovoi erkl\u00e4rt, dass die Wahrnehmung auf einer unendlichen Ebene der Kontrolle genutzt werden kann, um eine vielversprechende Gesundheit zu erreichen. Durch die bewusste Lenkung der Wahrnehmung auf die Norm der Gesundheit kann man diese erhalten und sogar verbessern. Die Vorstellung ist, dass die Sch\u00f6pfung des Menschen durch Gott ihn von Natur aus ewig und gesund gemacht hat.<\/p>\n<p>Die Verj\u00fcngung wird als ein Akt der Korrelation mit der prim\u00e4ren Ebene des Bewusstseins beschrieben, wobei der Fokus darauf liegt, die urspr\u00fcngliche Sch\u00f6pfung durch Gott zu erkennen und sich in diese Struktur einzuf\u00fchren. Es wird betont, dass die \u00e4u\u00dfere Umgebung auch ver\u00e4ndert werden muss und dass jedes Element der Realit\u00e4t positiv beeinflusst werden kann.<\/p>\n<p>Grabovoi beschreibt auch die Bedeutung der Gedanken in der ewigen Entwicklung und betont, dass Gedanken, die auf dieser Ebene \u00fcber einen l\u00e4ngeren Zeitraum reflektiert wurden, dazu beitragen k\u00f6nnen, dass Elemente der Realit\u00e4t durch das Denken der Menschen ewig werden. Er ermutigt dazu, Gedanken in Richtung positiver Zukunft zu lenken.<\/p>\n<p>Zusammengefasst betont der Text die Idee, dass die bewusste Kontrolle \u00fcber die Wahrnehmung und die Ausrichtung auf die urspr\u00fcngliche Sch\u00f6pfung durch Gott es einem Menschen erm\u00f6glichen kann, sich zu verj\u00fcngen und seine Gesundheit zu erhalten. Es wird auch auf die M\u00f6glichkeit hingewiesen, dass diese Kontrolle nicht nur individuelle Ver\u00e4nderungen bewirkt, sondern auch positive Auswirkungen auf die umgebende Realit\u00e4t haben kann.<\/p>\n<\/div>\n<\/div>\n<\/div>\n<\/div>\n<\/div>\n<\/div>\n<\/div>\n<\/div>\n<\/div>\n<\/div>\n<\/div>\n<\/div>\n","protected":false},"excerpt":{"rendered":"<div class=\"group final-completion w-full text-token-text-primary border-b border-black\/10 gizmo:border-0 dark:border-gray-900\/50 gizmo:dark:border-0 bg-gray-50 gizmo:bg-transparent dark:bg-[#444654] gizmo:dark:bg-transparent\" data-testid=\"conversation-turn-30\">\n<div class=\"p-4 justify-center text-base md:gap-6 md:py-6 m-auto\">\n<div class=\"flex flex-1 gap-4 text-base mx-auto md:gap-6 gizmo:gap-3 gizmo:md:px-5 gizmo:lg:px-1 gizmo:xl:px-5 md:max-w-2xl lg:max-w-[38rem] gizmo:md:max-w-3xl gizmo:lg:max-w-[40rem] gizmo:xl:max-w-[48rem] xl:max-w-3xl }\">\n<div class=\"relative flex w-[calc(100%-50px)] flex-col gizmo:w-full lg:w-[calc(100%-115px)] agent-turn\">\n<div class=\"flex-col gap-1 md:gap-3\">\n<div class=\"flex flex-grow flex-col gap-3 max-w-full\">\n<div class=\"min-h-[20px] flex flex-col items-start gap-3 whitespace-pre-wrap break-words overflow-x-auto\">\n<div class=\"markdown prose w-full break-words dark:prose-invert light\">\n<p>In dem Text von Grigori P. Grabovoi geht es um seine Lehre \u00fcber Gott und die Verj\u00fcngung durch die Ewigkeit. Grabovoi betont die Kontrolle \u00fcber die eigene Gesundheit durch bewusste Wahrnehmung und Ausrichtung auf die Ewigkeit. Er erkl\u00e4rt, dass die Fokussierung auf den urspr\u00fcnglichen Sch\u00f6pfungspunkt des Menschen und die Verbindung zu Gott es erm\u00f6glichen, die eigene Gesundheit zu beeinflussen und sich zu verj\u00fcngen. Die Vorstellung ist, dass die Sch\u00f6pfung des Menschen ihn von Natur aus ewig und gesund gemacht hat. Der Text unterstreicht die Bedeutung von Gedanken in der ewigen Entwicklung und wie positive Gedanken nicht nur individuelle Ver\u00e4nderungen bewirken k\u00f6nnen, sondern auch positive Auswirkungen auf die umgebende Realit\u00e4t haben k\u00f6nnen. Insgesamt propagiert Grabovoi die bewusste Kontrolle \u00fcber die Wahrnehmung, um eine vielversprechende Gesundheit zu erreichen und eine positive Zukunft zu gestalten.<\/p>\n<\/div>\n<\/div>\n<\/div>\n<\/div>\n<\/div>\n<\/div>\n<\/div>\n<\/div>\n","protected":false},"featured_media":2703,"comment_status":"open","ping_status":"closed","template":"","meta":[],"product_brand":[],"product_cat":[30,28],"product_tag":[],"class_list":{"0":"post-2701","1":"product","2":"type-product","3":"status-publish","4":"has-post-thumbnail","6":"product_cat-buch","7":"product_cat-uncategorized","8":"latest_post","10":"first","11":"instock","12":"taxable","13":"shipping-taxable","14":"purchasable","15":"product-type-simple"},"yoast_head":"<!-- This site is optimized with the Yoast SEO plugin v27.1.1 - https:\/\/yoast.com\/product\/yoast-seo-wordpress\/ -->\n<title>Die Lehre von Grigori Grabovoi \u00fcber Gott. Verj\u00fcngung durch die Ewigkeit. - Dein Weg \u00fcber innere Freiheit zu mehr Erfolg!<\/title>\n<meta name=\"robots\" content=\"index, follow, max-snippet:-1, max-image-preview:large, max-video-preview:-1\" \/>\n<link rel=\"canonical\" href=\"https:\/\/cordula.coach\/it\/prodotto\/linsegnamento-di-grigori-grabovoi-sul-ringiovanimento-di-dio-attraverso-leternita\/\" \/>\n<meta property=\"og:locale\" content=\"it_IT\" \/>\n<meta property=\"og:type\" content=\"article\" \/>\n<meta property=\"og:title\" content=\"Die Lehre von Grigori Grabovoi \u00fcber Gott. Verj\u00fcngung durch die Ewigkeit. - Dein Weg \u00fcber innere Freiheit zu mehr Erfolg!\" \/>\n<meta property=\"og:description\" content=\"In dem Text von Grigori P. Grabovoi geht es um seine Lehre \u00fcber Gott und die Verj\u00fcngung durch die Ewigkeit. Grabovoi betont die Kontrolle \u00fcber die eigene Gesundheit durch bewusste Wahrnehmung und Ausrichtung auf die Ewigkeit. Er erkl\u00e4rt, dass die Fokussierung auf den urspr\u00fcnglichen Sch\u00f6pfungspunkt des Menschen und die Verbindung zu Gott es erm\u00f6glichen, die eigene Gesundheit zu beeinflussen und sich zu verj\u00fcngen. Die Vorstellung ist, dass die Sch\u00f6pfung des Menschen ihn von Natur aus ewig und gesund gemacht hat. Der Text unterstreicht die Bedeutung von Gedanken in der ewigen Entwicklung und wie positive Gedanken nicht nur individuelle Ver\u00e4nderungen bewirken k\u00f6nnen, sondern auch positive Auswirkungen auf die umgebende Realit\u00e4t haben k\u00f6nnen. Insgesamt propagiert Grabovoi die bewusste Kontrolle \u00fcber die Wahrnehmung, um eine vielversprechende Gesundheit zu erreichen und eine positive Zukunft zu gestalten.\" \/>\n<meta property=\"og:url\" content=\"https:\/\/cordula.coach\/it\/prodotto\/linsegnamento-di-grigori-grabovoi-sul-ringiovanimento-di-dio-attraverso-leternita\/\" \/>\n<meta property=\"og:site_name\" content=\"Dein Weg \u00fcber innere Freiheit zu mehr Erfolg!\" \/>\n<meta property=\"article:modified_time\" content=\"2026-03-03T19:43:00+00:00\" \/>\n<meta property=\"og:image\" content=\"https:\/\/cordula.coach\/wp-content\/uploads\/2023\/10\/front-20050324-Die-Lehre-von-Grigori-Grabovoi-ueber-Gott.-Verjuengung-durch-die-Ewigkeit-cover-scaled.jpg\" \/>\n\t<meta property=\"og:image:width\" content=\"1807\" \/>\n\t<meta property=\"og:image:height\" content=\"2560\" \/>\n\t<meta property=\"og:image:type\" content=\"image\/jpeg\" \/>\n<meta name=\"twitter:card\" content=\"summary_large_image\" \/>\n<meta name=\"twitter:label1\" content=\"Tempo di lettura stimato\" \/>\n\t<meta name=\"twitter:data1\" content=\"2 minuti\" \/>\n<script type=\"application\/ld+json\" class=\"yoast-schema-graph\">{\"@context\":\"https:\/\/schema.org\",\"@graph\":[{\"@type\":\"WebPage\",\"@id\":\"https:\/\/cordula.coach\/product\/die-lehre-von-grigori-grabovoi-ueber-gott-verjuengung-durch-die-ewigkeit\/\",\"url\":\"https:\/\/cordula.coach\/product\/die-lehre-von-grigori-grabovoi-ueber-gott-verjuengung-durch-die-ewigkeit\/\",\"name\":\"Die Lehre von Grigori Grabovoi \u00fcber Gott. Verj\u00fcngung durch die Ewigkeit. - Dein Weg \u00fcber innere Freiheit zu mehr Erfolg!\",\"isPartOf\":{\"@id\":\"https:\/\/cordula.coach\/#website\"},\"primaryImageOfPage\":{\"@id\":\"https:\/\/cordula.coach\/product\/die-lehre-von-grigori-grabovoi-ueber-gott-verjuengung-durch-die-ewigkeit\/#primaryimage\"},\"image\":{\"@id\":\"https:\/\/cordula.coach\/product\/die-lehre-von-grigori-grabovoi-ueber-gott-verjuengung-durch-die-ewigkeit\/#primaryimage\"},\"thumbnailUrl\":\"https:\/\/cordula.coach\/wp-content\/uploads\/2023\/10\/front-20050324-Die-Lehre-von-Grigori-Grabovoi-ueber-Gott.-Verjuengung-durch-die-Ewigkeit-cover-scaled.jpg\",\"datePublished\":\"2023-10-14T12:42:05+00:00\",\"dateModified\":\"2026-03-03T19:43:00+00:00\",\"breadcrumb\":{\"@id\":\"https:\/\/cordula.coach\/product\/die-lehre-von-grigori-grabovoi-ueber-gott-verjuengung-durch-die-ewigkeit\/#breadcrumb\"},\"inLanguage\":\"it-IT\",\"potentialAction\":[{\"@type\":\"ReadAction\",\"target\":[\"https:\/\/cordula.coach\/product\/die-lehre-von-grigori-grabovoi-ueber-gott-verjuengung-durch-die-ewigkeit\/\"]}]},{\"@type\":\"ImageObject\",\"inLanguage\":\"it-IT\",\"@id\":\"https:\/\/cordula.coach\/product\/die-lehre-von-grigori-grabovoi-ueber-gott-verjuengung-durch-die-ewigkeit\/#primaryimage\",\"url\":\"https:\/\/cordula.coach\/wp-content\/uploads\/2023\/10\/front-20050324-Die-Lehre-von-Grigori-Grabovoi-ueber-Gott.-Verjuengung-durch-die-Ewigkeit-cover-scaled.jpg\",\"contentUrl\":\"https:\/\/cordula.coach\/wp-content\/uploads\/2023\/10\/front-20050324-Die-Lehre-von-Grigori-Grabovoi-ueber-Gott.-Verjuengung-durch-die-Ewigkeit-cover-scaled.jpg\",\"width\":1807,\"height\":2560},{\"@type\":\"BreadcrumbList\",\"@id\":\"https:\/\/cordula.coach\/product\/die-lehre-von-grigori-grabovoi-ueber-gott-verjuengung-durch-die-ewigkeit\/#breadcrumb\",\"itemListElement\":[{\"@type\":\"ListItem\",\"position\":1,\"name\":\"Startseite\",\"item\":\"https:\/\/cordula.coach\/\"},{\"@type\":\"ListItem\",\"position\":2,\"name\":\"Shop\",\"item\":\"https:\/\/cordula.coach\/shop\/\"},{\"@type\":\"ListItem\",\"position\":3,\"name\":\"Die Lehre von Grigori Grabovoi \u00fcber Gott. Verj\u00fcngung durch die Ewigkeit.\"}]},{\"@type\":\"WebSite\",\"@id\":\"https:\/\/cordula.coach\/#website\",\"url\":\"https:\/\/cordula.coach\/\",\"name\":\"Dein Weg \u00fcber innere Freiheit zu mehr Erfolg!\",\"description\":\"Cordula Ahrens - Unternehmensberaterin und Coach f\u00fcr Dein Bewusstsein\",\"publisher\":{\"@id\":\"https:\/\/cordula.coach\/#organization\"},\"potentialAction\":[{\"@type\":\"SearchAction\",\"target\":{\"@type\":\"EntryPoint\",\"urlTemplate\":\"https:\/\/cordula.coach\/?s={search_term_string}\"},\"query-input\":{\"@type\":\"PropertyValueSpecification\",\"valueRequired\":true,\"valueName\":\"search_term_string\"}}],\"inLanguage\":\"it-IT\"},{\"@type\":\"Organization\",\"@id\":\"https:\/\/cordula.coach\/#organization\",\"name\":\"Dein Weg \u00fcber innere Freiheit zu mehr Erfolg!\",\"url\":\"https:\/\/cordula.coach\/\",\"logo\":{\"@type\":\"ImageObject\",\"inLanguage\":\"it-IT\",\"@id\":\"https:\/\/cordula.coach\/#\/schema\/logo\/image\/\",\"url\":\"https:\/\/cordula.coach\/wp-content\/uploads\/2020\/09\/cropped-Logo-gro\u0308sser-1-e1618052237872.png\",\"contentUrl\":\"https:\/\/cordula.coach\/wp-content\/uploads\/2020\/09\/cropped-Logo-gro\u0308sser-1-e1618052237872.png\",\"width\":60,\"height\":60,\"caption\":\"Dein Weg \u00fcber innere Freiheit zu mehr Erfolg!\"},\"image\":{\"@id\":\"https:\/\/cordula.coach\/#\/schema\/logo\/image\/\"}}]}<\/script>\n<!-- \/ Yoast SEO plugin. -->","yoast_head_json":{"title":"L'insegnamento di Grigori Grabovoi su Dio. Ringiovanimento attraverso l'eternit\u00e0. - Il suo percorso verso un maggiore successo attraverso la libert\u00e0 interiore!","robots":{"index":"index","follow":"follow","max-snippet":"max-snippet:-1","max-image-preview":"max-image-preview:large","max-video-preview":"max-video-preview:-1"},"canonical":"https:\/\/cordula.coach\/it\/prodotto\/linsegnamento-di-grigori-grabovoi-sul-ringiovanimento-di-dio-attraverso-leternita\/","og_locale":"it_IT","og_type":"article","og_title":"Die Lehre von Grigori Grabovoi \u00fcber Gott. Verj\u00fcngung durch die Ewigkeit. - Dein Weg \u00fcber innere Freiheit zu mehr Erfolg!","og_description":"In dem Text von Grigori P. Grabovoi geht es um seine Lehre \u00fcber Gott und die Verj\u00fcngung durch die Ewigkeit. Grabovoi betont die Kontrolle \u00fcber die eigene Gesundheit durch bewusste Wahrnehmung und Ausrichtung auf die Ewigkeit. Er erkl\u00e4rt, dass die Fokussierung auf den urspr\u00fcnglichen Sch\u00f6pfungspunkt des Menschen und die Verbindung zu Gott es erm\u00f6glichen, die eigene Gesundheit zu beeinflussen und sich zu verj\u00fcngen. Die Vorstellung ist, dass die Sch\u00f6pfung des Menschen ihn von Natur aus ewig und gesund gemacht hat. Der Text unterstreicht die Bedeutung von Gedanken in der ewigen Entwicklung und wie positive Gedanken nicht nur individuelle Ver\u00e4nderungen bewirken k\u00f6nnen, sondern auch positive Auswirkungen auf die umgebende Realit\u00e4t haben k\u00f6nnen. Insgesamt propagiert Grabovoi die bewusste Kontrolle \u00fcber die Wahrnehmung, um eine vielversprechende Gesundheit zu erreichen und eine positive Zukunft zu gestalten.","og_url":"https:\/\/cordula.coach\/it\/prodotto\/linsegnamento-di-grigori-grabovoi-sul-ringiovanimento-di-dio-attraverso-leternita\/","og_site_name":"Dein Weg \u00fcber innere Freiheit zu mehr Erfolg!","article_modified_time":"2026-03-03T19:43:00+00:00","og_image":[{"width":1807,"height":2560,"url":"https:\/\/cordula.coach\/wp-content\/uploads\/2023\/10\/front-20050324-Die-Lehre-von-Grigori-Grabovoi-ueber-Gott.-Verjuengung-durch-die-Ewigkeit-cover-scaled.jpg","type":"image\/jpeg"}],"twitter_card":"summary_large_image","twitter_misc":{"Tempo di lettura stimato":"2 minuti"},"schema":{"@context":"https:\/\/schema.org","@graph":[{"@type":"WebPage","@id":"https:\/\/cordula.coach\/product\/die-lehre-von-grigori-grabovoi-ueber-gott-verjuengung-durch-die-ewigkeit\/","url":"https:\/\/cordula.coach\/product\/die-lehre-von-grigori-grabovoi-ueber-gott-verjuengung-durch-die-ewigkeit\/","name":"L'insegnamento di Grigori Grabovoi su Dio. Ringiovanimento attraverso l'eternit\u00e0. - Il suo percorso verso un maggiore successo attraverso la libert\u00e0 interiore!","isPartOf":{"@id":"https:\/\/cordula.coach\/#website"},"primaryImageOfPage":{"@id":"https:\/\/cordula.coach\/product\/die-lehre-von-grigori-grabovoi-ueber-gott-verjuengung-durch-die-ewigkeit\/#primaryimage"},"image":{"@id":"https:\/\/cordula.coach\/product\/die-lehre-von-grigori-grabovoi-ueber-gott-verjuengung-durch-die-ewigkeit\/#primaryimage"},"thumbnailUrl":"https:\/\/cordula.coach\/wp-content\/uploads\/2023\/10\/front-20050324-Die-Lehre-von-Grigori-Grabovoi-ueber-Gott.-Verjuengung-durch-die-Ewigkeit-cover-scaled.jpg","datePublished":"2023-10-14T12:42:05+00:00","dateModified":"2026-03-03T19:43:00+00:00","breadcrumb":{"@id":"https:\/\/cordula.coach\/product\/die-lehre-von-grigori-grabovoi-ueber-gott-verjuengung-durch-die-ewigkeit\/#breadcrumb"},"inLanguage":"it-IT","potentialAction":[{"@type":"ReadAction","target":["https:\/\/cordula.coach\/product\/die-lehre-von-grigori-grabovoi-ueber-gott-verjuengung-durch-die-ewigkeit\/"]}]},{"@type":"ImageObject","inLanguage":"it-IT","@id":"https:\/\/cordula.coach\/product\/die-lehre-von-grigori-grabovoi-ueber-gott-verjuengung-durch-die-ewigkeit\/#primaryimage","url":"https:\/\/cordula.coach\/wp-content\/uploads\/2023\/10\/front-20050324-Die-Lehre-von-Grigori-Grabovoi-ueber-Gott.-Verjuengung-durch-die-Ewigkeit-cover-scaled.jpg","contentUrl":"https:\/\/cordula.coach\/wp-content\/uploads\/2023\/10\/front-20050324-Die-Lehre-von-Grigori-Grabovoi-ueber-Gott.-Verjuengung-durch-die-Ewigkeit-cover-scaled.jpg","width":1807,"height":2560},{"@type":"BreadcrumbList","@id":"https:\/\/cordula.coach\/product\/die-lehre-von-grigori-grabovoi-ueber-gott-verjuengung-durch-die-ewigkeit\/#breadcrumb","itemListElement":[{"@type":"ListItem","position":1,"name":"Startseite","item":"https:\/\/cordula.coach\/"},{"@type":"ListItem","position":2,"name":"Shop","item":"https:\/\/cordula.coach\/shop\/"},{"@type":"ListItem","position":3,"name":"Die Lehre von Grigori Grabovoi \u00fcber Gott. Verj\u00fcngung durch die Ewigkeit."}]},{"@type":"WebSite","@id":"https:\/\/cordula.coach\/#website","url":"https:\/\/cordula.coach\/","name":"Il vostro percorso verso un maggiore successo attraverso la libert\u00e0 interiore!","description":"Cordula Ahrens - Consulente di gestione e coach per la vostra consapevolezza","publisher":{"@id":"https:\/\/cordula.coach\/#organization"},"potentialAction":[{"@type":"SearchAction","target":{"@type":"EntryPoint","urlTemplate":"https:\/\/cordula.coach\/?s={search_term_string}"},"query-input":{"@type":"PropertyValueSpecification","valueRequired":true,"valueName":"search_term_string"}}],"inLanguage":"it-IT"},{"@type":"Organization","@id":"https:\/\/cordula.coach\/#organization","name":"Il vostro percorso verso un maggiore successo attraverso la libert\u00e0 interiore!","url":"https:\/\/cordula.coach\/","logo":{"@type":"ImageObject","inLanguage":"it-IT","@id":"https:\/\/cordula.coach\/#\/schema\/logo\/image\/","url":"https:\/\/cordula.coach\/wp-content\/uploads\/2020\/09\/cropped-Logo-gro\u0308sser-1-e1618052237872.png","contentUrl":"https:\/\/cordula.coach\/wp-content\/uploads\/2020\/09\/cropped-Logo-gro\u0308sser-1-e1618052237872.png","width":60,"height":60,"caption":"Dein Weg \u00fcber innere Freiheit zu mehr Erfolg!"},"image":{"@id":"https:\/\/cordula.coach\/#\/schema\/logo\/image\/"}}]}},"_links":{"self":[{"href":"https:\/\/cordula.coach\/it\/wp-json\/wp\/v2\/product\/2701","targetHints":{"allow":["GET"]}}],"collection":[{"href":"https:\/\/cordula.coach\/it\/wp-json\/wp\/v2\/product"}],"about":[{"href":"https:\/\/cordula.coach\/it\/wp-json\/wp\/v2\/types\/product"}],"replies":[{"embeddable":true,"href":"https:\/\/cordula.coach\/it\/wp-json\/wp\/v2\/comments?post=2701"}],"wp:featuredmedia":[{"embeddable":true,"href":"https:\/\/cordula.coach\/it\/wp-json\/wp\/v2\/media\/2703"}],"wp:attachment":[{"href":"https:\/\/cordula.coach\/it\/wp-json\/wp\/v2\/media?parent=2701"}],"wp:term":[{"taxonomy":"product_brand","embeddable":true,"href":"https:\/\/cordula.coach\/it\/wp-json\/wp\/v2\/product_brand?post=2701"},{"taxonomy":"product_cat","embeddable":true,"href":"https:\/\/cordula.coach\/it\/wp-json\/wp\/v2\/product_cat?post=2701"},{"taxonomy":"product_tag","embeddable":true,"href":"https:\/\/cordula.coach\/it\/wp-json\/wp\/v2\/product_tag?post=2701"}],"curies":[{"name":"wp","href":"https:\/\/api.w.org\/{rel}","templated":true}]}}