{"id":2813,"date":"2024-09-30T08:08:29","date_gmt":"2024-09-30T06:08:29","guid":{"rendered":"https:\/\/cordula.coach\/?post_type=product&#038;p=2813"},"modified":"2026-02-22T09:26:49","modified_gmt":"2026-02-22T08:26:49","slug":"figure_aziendali_tascabili","status":"publish","type":"product","link":"https:\/\/cordula.coach\/it\/product\/businesszahlen_taschenbuch\/","title":{"rendered":"Numeri per un'azienda di successo - brossura"},"content":{"rendered":"<p>Brossura\/copertina morbida con rilegatura a filo refe, 218 pagine con indice dettagliato.<\/p>\n<p>La \"Serie numerica per un'azienda di successo\" mira a insegnarle come non solo pu\u00f2 raggiungere i suoi obiettivi aziendali attraverso applicazioni mirate di queste serie numeriche, ma anche acquisire una comprensione pi\u00f9 profonda dello sviluppo sostenibile.<\/p>\n<p>Che lei possa non solo acquisire conoscenze pratiche attraverso le pagine di quest'opera, ma anche essere ispirato ad esplorare nuove prospettive nella sua vita e nel suo lavoro. Questo libro raccoglie una serie di figure su un'ampia gamma di aree della gestione aziendale.<\/p>\n<p>Le serie di numeri agiscono come un laser in un modo molto specifico. Leggendo questi numeri e applicandoli al rispettivo contesto, si attivano informazioni che prima erano difficilmente accessibili.<\/p>\n<p>Per esempio, se c'\u00e8 un problema e sembra che non ci sia una soluzione, l'utente pu\u00f2 usare i numeri per avere nuove idee su chi pu\u00f2 rivolgersi o su quali altre opzioni sono disponibili che non ha ancora considerato. Le informazioni che prima erano chiuse diventano nuovamente accessibili.<\/p>\n<p>La specialit\u00e0:<\/p>\n<p>- Un'introduzione della traduttrice e redattrice Cordula Ahrens (business coach da circa 20 anni)<br \/>\n- I termini tecnici non vengono semplicemente tradotti, ma adattati al linguaggio commerciale tedesco.<br \/>\n- L'ordine dei concetti corrisponde all'originale<br \/>\n- \u00c8 stato aggiunto un indice alfabetico per facilitare la ricerca dei contenuti richiesti.<br \/>\n- Una lettura di Grabovoi per spiegare la natura speciale dell'economia nel futuro, per la quale questi contenuti e cifre preparano.<\/p>\n<p>Per tutti i Paesi al di fuori della Germania (i costi di spedizione sono semplicemente troppo elevati) \u00e8 disponibile anche su epubli.de e nelle librerie con ISBN 978-3-759877-24-6 o su Amazon https:\/\/www.amazon.de\/dp\/B0DJBCBSMS.<\/p>\n<p>&nbsp;<\/p>","protected":false},"excerpt":{"rendered":"<p>Avere pi\u00f9 successo negli affari?<\/p>\n<p>Il modo pi\u00f9 semplice per farlo \u00e8 cambiare, perfezionare o migliorare la sua mentalit\u00e0.<\/p>\n<p>Questo avviene automaticamente leggendo ogni giorno alcune pagine di questo libro, ad esempio. Per le sfide pi\u00f9 grandi, pu\u00f2 anche rivolgersi a un coach come Cordula Ahrens.<\/p>","protected":false},"featured_media":2812,"comment_status":"open","ping_status":"closed","template":"","meta":[],"product_brand":[],"product_cat":[30],"product_tag":[85,31,33,62,32,66,84,41],"class_list":{"0":"post-2813","1":"product","2":"type-product","3":"status-publish","4":"has-post-thumbnail","6":"product_cat-buch","7":"product_tag-aludroc","8":"product_tag-bildung","9":"product_tag-cordula-ahrens","10":"product_tag-erwachsenenbildung","11":"product_tag-grabovoi","12":"product_tag-grabovoi-codes","13":"product_tag-grabovoi-numbers","14":"product_tag-persoenlichkeitsentwicklung","15":"latest_post","17":"first","18":"instock","19":"taxable","20":"shipping-taxable","21":"purchasable","22":"product-type-simple"},"yoast_head":"<!-- This site is optimized with the Yoast SEO plugin v27.1.1 - https:\/\/yoast.com\/product\/yoast-seo-wordpress\/ -->\n<title>Zahlen f\u00fcr ein erfolgreiches Business - Taschenbuch - Dein Weg \u00fcber innere Freiheit zu mehr Erfolg!<\/title>\n<meta name=\"robots\" content=\"index, follow, max-snippet:-1, max-image-preview:large, max-video-preview:-1\" \/>\n<link rel=\"canonical\" href=\"https:\/\/cordula.coach\/it\/prodotto\/figure_aziendali_tascabili\/\" \/>\n<meta property=\"og:locale\" content=\"it_IT\" \/>\n<meta property=\"og:type\" content=\"article\" \/>\n<meta property=\"og:title\" content=\"Zahlen f\u00fcr ein erfolgreiches Business - Taschenbuch - Dein Weg \u00fcber innere Freiheit zu mehr Erfolg!\" \/>\n<meta property=\"og:description\" content=\"Im Business erfolgreicher sein?  Am leichtesten ist das, indem das Mindset ge\u00e4ndert oder aufpoliert bzw. verbessert wird.  Dies passiert z.B. durch das t\u00e4gliche Lesen einiger Seiten dieses Buches automatisch. Bei gr\u00f6\u00dferen Herausforderungen gerne auch einen Coach einschalten, wie Cordula Ahrens.\" \/>\n<meta property=\"og:url\" content=\"https:\/\/cordula.coach\/it\/prodotto\/figure_aziendali_tascabili\/\" \/>\n<meta property=\"og:site_name\" content=\"Dein Weg \u00fcber innere Freiheit zu mehr Erfolg!\" \/>\n<meta property=\"article:modified_time\" content=\"2026-02-22T08:26:49+00:00\" \/>\n<meta name=\"twitter:card\" content=\"summary_large_image\" \/>\n<meta name=\"twitter:label1\" content=\"Tempo di lettura stimato\" \/>\n\t<meta name=\"twitter:data1\" content=\"1 minuto\" \/>\n<script type=\"application\/ld+json\" class=\"yoast-schema-graph\">{\"@context\":\"https:\/\/schema.org\",\"@graph\":[{\"@type\":\"WebPage\",\"@id\":\"https:\/\/cordula.coach\/product\/businesszahlen_taschenbuch\/\",\"url\":\"https:\/\/cordula.coach\/product\/businesszahlen_taschenbuch\/\",\"name\":\"Zahlen f\u00fcr ein erfolgreiches Business - Taschenbuch - Dein Weg \u00fcber innere Freiheit zu mehr Erfolg!\",\"isPartOf\":{\"@id\":\"https:\/\/cordula.coach\/#website\"},\"primaryImageOfPage\":{\"@id\":\"https:\/\/cordula.coach\/product\/businesszahlen_taschenbuch\/#primaryimage\"},\"image\":{\"@id\":\"https:\/\/cordula.coach\/product\/businesszahlen_taschenbuch\/#primaryimage\"},\"thumbnailUrl\":\"https:\/\/cordula.coach\/wp-content\/uploads\/2024\/09\/Frontpage.png\",\"datePublished\":\"2024-09-30T06:08:29+00:00\",\"dateModified\":\"2026-02-22T08:26:49+00:00\",\"breadcrumb\":{\"@id\":\"https:\/\/cordula.coach\/product\/businesszahlen_taschenbuch\/#breadcrumb\"},\"inLanguage\":\"it-IT\",\"potentialAction\":[{\"@type\":\"ReadAction\",\"target\":[\"https:\/\/cordula.coach\/product\/businesszahlen_taschenbuch\/\"]}]},{\"@type\":\"ImageObject\",\"inLanguage\":\"it-IT\",\"@id\":\"https:\/\/cordula.coach\/product\/businesszahlen_taschenbuch\/#primaryimage\",\"url\":\"https:\/\/cordula.coach\/wp-content\/uploads\/2024\/09\/Frontpage.png\",\"contentUrl\":\"https:\/\/cordula.coach\/wp-content\/uploads\/2024\/09\/Frontpage.png\",\"width\":1409,\"height\":2000},{\"@type\":\"BreadcrumbList\",\"@id\":\"https:\/\/cordula.coach\/product\/businesszahlen_taschenbuch\/#breadcrumb\",\"itemListElement\":[{\"@type\":\"ListItem\",\"position\":1,\"name\":\"Startseite\",\"item\":\"https:\/\/cordula.coach\/\"},{\"@type\":\"ListItem\",\"position\":2,\"name\":\"Shop\",\"item\":\"https:\/\/cordula.coach\/shop\/\"},{\"@type\":\"ListItem\",\"position\":3,\"name\":\"Zahlen f\u00fcr ein erfolgreiches Business &#8211; Taschenbuch\"}]},{\"@type\":\"WebSite\",\"@id\":\"https:\/\/cordula.coach\/#website\",\"url\":\"https:\/\/cordula.coach\/\",\"name\":\"Dein Weg \u00fcber innere Freiheit zu mehr Erfolg!\",\"description\":\"Cordula Ahrens - Unternehmensberaterin und Coach f\u00fcr Dein Bewusstsein\",\"publisher\":{\"@id\":\"https:\/\/cordula.coach\/#organization\"},\"potentialAction\":[{\"@type\":\"SearchAction\",\"target\":{\"@type\":\"EntryPoint\",\"urlTemplate\":\"https:\/\/cordula.coach\/?s={search_term_string}\"},\"query-input\":{\"@type\":\"PropertyValueSpecification\",\"valueRequired\":true,\"valueName\":\"search_term_string\"}}],\"inLanguage\":\"it-IT\"},{\"@type\":\"Organization\",\"@id\":\"https:\/\/cordula.coach\/#organization\",\"name\":\"Dein Weg \u00fcber innere Freiheit zu mehr Erfolg!\",\"url\":\"https:\/\/cordula.coach\/\",\"logo\":{\"@type\":\"ImageObject\",\"inLanguage\":\"it-IT\",\"@id\":\"https:\/\/cordula.coach\/#\/schema\/logo\/image\/\",\"url\":\"https:\/\/cordula.coach\/wp-content\/uploads\/2020\/09\/cropped-Logo-gro\u0308sser-1-e1618052237872.png\",\"contentUrl\":\"https:\/\/cordula.coach\/wp-content\/uploads\/2020\/09\/cropped-Logo-gro\u0308sser-1-e1618052237872.png\",\"width\":60,\"height\":60,\"caption\":\"Dein Weg \u00fcber innere Freiheit zu mehr Erfolg!\"},\"image\":{\"@id\":\"https:\/\/cordula.coach\/#\/schema\/logo\/image\/\"}}]}<\/script>\n<!-- \/ Yoast SEO plugin. -->","yoast_head_json":{"title":"Numeri per un business di successo - Paperback - Il suo percorso verso un maggiore successo attraverso la libert\u00e0 interiore!","robots":{"index":"index","follow":"follow","max-snippet":"max-snippet:-1","max-image-preview":"max-image-preview:large","max-video-preview":"max-video-preview:-1"},"canonical":"https:\/\/cordula.coach\/it\/prodotto\/figure_aziendali_tascabili\/","og_locale":"it_IT","og_type":"article","og_title":"Zahlen f\u00fcr ein erfolgreiches Business - Taschenbuch - Dein Weg \u00fcber innere Freiheit zu mehr Erfolg!","og_description":"Im Business erfolgreicher sein?  Am leichtesten ist das, indem das Mindset ge\u00e4ndert oder aufpoliert bzw. verbessert wird.  Dies passiert z.B. durch das t\u00e4gliche Lesen einiger Seiten dieses Buches automatisch. Bei gr\u00f6\u00dferen Herausforderungen gerne auch einen Coach einschalten, wie Cordula Ahrens.","og_url":"https:\/\/cordula.coach\/it\/prodotto\/figure_aziendali_tascabili\/","og_site_name":"Dein Weg \u00fcber innere Freiheit zu mehr Erfolg!","article_modified_time":"2026-02-22T08:26:49+00:00","twitter_card":"summary_large_image","twitter_misc":{"Tempo di lettura stimato":"1 minuto"},"schema":{"@context":"https:\/\/schema.org","@graph":[{"@type":"WebPage","@id":"https:\/\/cordula.coach\/product\/businesszahlen_taschenbuch\/","url":"https:\/\/cordula.coach\/product\/businesszahlen_taschenbuch\/","name":"Numeri per un business di successo - Paperback - Il suo percorso verso un maggiore successo attraverso la libert\u00e0 interiore!","isPartOf":{"@id":"https:\/\/cordula.coach\/#website"},"primaryImageOfPage":{"@id":"https:\/\/cordula.coach\/product\/businesszahlen_taschenbuch\/#primaryimage"},"image":{"@id":"https:\/\/cordula.coach\/product\/businesszahlen_taschenbuch\/#primaryimage"},"thumbnailUrl":"https:\/\/cordula.coach\/wp-content\/uploads\/2024\/09\/Frontpage.png","datePublished":"2024-09-30T06:08:29+00:00","dateModified":"2026-02-22T08:26:49+00:00","breadcrumb":{"@id":"https:\/\/cordula.coach\/product\/businesszahlen_taschenbuch\/#breadcrumb"},"inLanguage":"it-IT","potentialAction":[{"@type":"ReadAction","target":["https:\/\/cordula.coach\/product\/businesszahlen_taschenbuch\/"]}]},{"@type":"ImageObject","inLanguage":"it-IT","@id":"https:\/\/cordula.coach\/product\/businesszahlen_taschenbuch\/#primaryimage","url":"https:\/\/cordula.coach\/wp-content\/uploads\/2024\/09\/Frontpage.png","contentUrl":"https:\/\/cordula.coach\/wp-content\/uploads\/2024\/09\/Frontpage.png","width":1409,"height":2000},{"@type":"BreadcrumbList","@id":"https:\/\/cordula.coach\/product\/businesszahlen_taschenbuch\/#breadcrumb","itemListElement":[{"@type":"ListItem","position":1,"name":"Startseite","item":"https:\/\/cordula.coach\/"},{"@type":"ListItem","position":2,"name":"Shop","item":"https:\/\/cordula.coach\/shop\/"},{"@type":"ListItem","position":3,"name":"Zahlen f\u00fcr ein erfolgreiches Business &#8211; Taschenbuch"}]},{"@type":"WebSite","@id":"https:\/\/cordula.coach\/#website","url":"https:\/\/cordula.coach\/","name":"Il vostro percorso verso un maggiore successo attraverso la libert\u00e0 interiore!","description":"Cordula Ahrens - Consulente di gestione e coach per la vostra consapevolezza","publisher":{"@id":"https:\/\/cordula.coach\/#organization"},"potentialAction":[{"@type":"SearchAction","target":{"@type":"EntryPoint","urlTemplate":"https:\/\/cordula.coach\/?s={search_term_string}"},"query-input":{"@type":"PropertyValueSpecification","valueRequired":true,"valueName":"search_term_string"}}],"inLanguage":"it-IT"},{"@type":"Organization","@id":"https:\/\/cordula.coach\/#organization","name":"Il vostro percorso verso un maggiore successo attraverso la libert\u00e0 interiore!","url":"https:\/\/cordula.coach\/","logo":{"@type":"ImageObject","inLanguage":"it-IT","@id":"https:\/\/cordula.coach\/#\/schema\/logo\/image\/","url":"https:\/\/cordula.coach\/wp-content\/uploads\/2020\/09\/cropped-Logo-gro\u0308sser-1-e1618052237872.png","contentUrl":"https:\/\/cordula.coach\/wp-content\/uploads\/2020\/09\/cropped-Logo-gro\u0308sser-1-e1618052237872.png","width":60,"height":60,"caption":"Dein Weg \u00fcber innere Freiheit zu mehr Erfolg!"},"image":{"@id":"https:\/\/cordula.coach\/#\/schema\/logo\/image\/"}}]}},"_links":{"self":[{"href":"https:\/\/cordula.coach\/it\/wp-json\/wp\/v2\/product\/2813","targetHints":{"allow":["GET"]}}],"collection":[{"href":"https:\/\/cordula.coach\/it\/wp-json\/wp\/v2\/product"}],"about":[{"href":"https:\/\/cordula.coach\/it\/wp-json\/wp\/v2\/types\/product"}],"replies":[{"embeddable":true,"href":"https:\/\/cordula.coach\/it\/wp-json\/wp\/v2\/comments?post=2813"}],"wp:featuredmedia":[{"embeddable":true,"href":"https:\/\/cordula.coach\/it\/wp-json\/wp\/v2\/media\/2812"}],"wp:attachment":[{"href":"https:\/\/cordula.coach\/it\/wp-json\/wp\/v2\/media?parent=2813"}],"wp:term":[{"taxonomy":"product_brand","embeddable":true,"href":"https:\/\/cordula.coach\/it\/wp-json\/wp\/v2\/product_brand?post=2813"},{"taxonomy":"product_cat","embeddable":true,"href":"https:\/\/cordula.coach\/it\/wp-json\/wp\/v2\/product_cat?post=2813"},{"taxonomy":"product_tag","embeddable":true,"href":"https:\/\/cordula.coach\/it\/wp-json\/wp\/v2\/product_tag?post=2813"}],"curies":[{"name":"wp","href":"https:\/\/api.w.org\/{rel}","templated":true}]}}