{"id":3100,"date":"2026-02-21T19:50:28","date_gmt":"2026-02-21T18:50:28","guid":{"rendered":"https:\/\/cordula.coach\/?post_type=product&#038;p=3100"},"modified":"2026-03-03T23:58:05","modified_gmt":"2026-03-03T22:58:05","slug":"il-ripristino-della-materia-umana-attraverso-la-concentrazione-sulla-serie-dei-numeri-volume-1","status":"publish","type":"product","link":"https:\/\/cordula.coach\/it\/product\/wiederherstellung-der-materie-des-menschen-durch-konzentration-auf-zahlenreihen-band-1\/","title":{"rendered":"Il ripristino della materia umana attraverso la concentrazione sulle serie numeriche, Volume 1"},"content":{"rendered":"<p>I preordini sono ora possibili - consegna a partire da marzo 2026!<\/p>\n<p>&nbsp;<\/p>\n<p class=\"cvGsUA direction-ltr align-start para-style-body\"><span class=\"a_GcMg font-feature-liga-off font-feature-clig-off font-feature-calt-off text-decoration-none text-strikethrough-none\">E se i numeri non fossero solo simboli, ma un preciso punto di riferimento per la percezione, l'ordine e l'allineamento interiore?<\/span><\/p>\n<p class=\"cvGsUA direction-ltr align-start para-style-body\"><span class=\"a_GcMg font-feature-liga-off font-feature-clig-off font-feature-calt-off text-decoration-none text-strikethrough-none\">Il primo volume introduce l'opera con le concentrazioni numeriche e la combina con una presentazione chiaramente strutturata del corpo umano: dal microcosmo della cellula all'organismo nel suo complesso.<\/span><\/p>\n<p class=\"cvGsUA direction-ltr align-start para-style-body\"><span class=\"a_GcMg font-feature-liga-off font-feature-clig-off font-feature-calt-off text-decoration-none text-strikethrough-none\">Le illustrazioni forniscono una panoramica anatomica compatta: Forme e struttura delle cellule, tessuto epiteliale, connettivo e muscolare, tipi di neuroni e vie di comunicazione, midollo spinale e meningi, nervi periferici, colonna vertebrale e ossa delle estremit\u00e0 (ad es. scapola, omero), muscolatura (ad es. muscoli mimici), organi interni (ad es. organi sessuali maschili), linfonodi e organi ematopoietici, fino alla classificazione dei sistemi di organi e dell'organismo come unit\u00e0.<\/span><\/p>\n<p class=\"cvGsUA direction-ltr align-start para-style-body\"><span class=\"a_GcMg font-feature-liga-off font-feature-clig-off font-feature-calt-off text-decoration-none text-strikethrough-none\">Un libro di riferimento e di lavoro da leggere, contemplare e applicare, per tutti coloro che sono curiosi di conoscere una combinazione insolita di struttura, conoscenza del corpo e pratica concentrativa.<\/span><\/p>\n<p>&nbsp;<\/p>\n<p>Sono inclusi i termini tecnici latini e tedeschi e un elenco di illustrazioni.<\/p>","protected":false},"excerpt":{"rendered":"<p><span class=\"a_GcMg font-feature-liga-off font-feature-clig-off font-feature-calt-off text-decoration-none text-strikethrough-none\">E se i numeri non fossero solo simboli, ma un preciso punto di riferimento per la percezione, l'ordine e l'allineamento interiore?<\/span><\/p>\n<p>Alla fine, tutto in questo mondo si basa sui numeri, non \u00e8 vero?<\/p>\n<p>Formato: Rilegatura ad anelli<br \/>\nRilegatura: DIN A5 verticale<br \/>\nNumero di pagine: 310 pagine<\/p>\n<p>Lingua: tedesco<\/p>\n<p>ISBN: 978-3-565262-96-0<\/p>","protected":false},"featured_media":3102,"comment_status":"open","ping_status":"closed","template":"","meta":[],"product_brand":[],"product_cat":[30],"product_tag":[85,38,31,33,62,32,37,90,41,89],"class_list":{"0":"post-3100","1":"product","2":"type-product","3":"status-publish","4":"has-post-thumbnail","6":"product_cat-buch","7":"product_tag-aludroc","8":"product_tag-bewusstsein","9":"product_tag-bildung","10":"product_tag-cordula-ahrens","11":"product_tag-erwachsenenbildung","12":"product_tag-grabovoi","13":"product_tag-grigori-grabovoi","14":"product_tag-heilen-mit-zahlen","15":"product_tag-persoenlichkeitsentwicklung","16":"product_tag-zahlencodes","17":"latest_post","19":"first","20":"instock","21":"featured","22":"taxable","23":"shipping-taxable","24":"purchasable","25":"product-type-simple"},"yoast_head":"<!-- This site is optimized with the Yoast SEO plugin v27.1.1 - https:\/\/yoast.com\/product\/yoast-seo-wordpress\/ -->\n<title>Wiederherstellung der Materie des Menschen durch Konzentration auf Zahlenreihen, Band 1 - Dein Weg \u00fcber innere Freiheit zu mehr Erfolg!<\/title>\n<meta name=\"description\" content=\"Zahlenfrequenzen aktivieren die Selbstheilung des K\u00f6rpers und erweitern das Bewusstsein. Diese Zahlen sind uz 100% best\u00e4tigt.\" \/>\n<meta name=\"robots\" content=\"index, follow, max-snippet:-1, max-image-preview:large, max-video-preview:-1\" \/>\n<link rel=\"canonical\" href=\"https:\/\/cordula.coach\/it\/prodotto\/il-ripristino-della-materia-umana-attraverso-la-concentrazione-sulla-serie-dei-numeri-volume-1\/\" \/>\n<meta property=\"og:locale\" content=\"it_IT\" \/>\n<meta property=\"og:type\" content=\"article\" \/>\n<meta property=\"og:title\" content=\"Wiederherstellung der Materie des Menschen durch Konzentration auf Zahlenreihen, Band 1 - Dein Weg \u00fcber innere Freiheit zu mehr Erfolg!\" \/>\n<meta property=\"og:description\" content=\"Zahlenfrequenzen aktivieren die Selbstheilung des K\u00f6rpers und erweitern das Bewusstsein. Diese Zahlen sind uz 100% best\u00e4tigt.\" \/>\n<meta property=\"og:url\" content=\"https:\/\/cordula.coach\/it\/prodotto\/il-ripristino-della-materia-umana-attraverso-la-concentrazione-sulla-serie-dei-numeri-volume-1\/\" \/>\n<meta property=\"og:site_name\" content=\"Dein Weg \u00fcber innere Freiheit zu mehr Erfolg!\" \/>\n<meta property=\"article:modified_time\" content=\"2026-03-03T22:58:05+00:00\" \/>\n<meta name=\"twitter:card\" content=\"summary_large_image\" \/>\n<meta name=\"twitter:label1\" content=\"Tempo di lettura stimato\" \/>\n\t<meta name=\"twitter:data1\" content=\"2 minuti\" \/>\n<script type=\"application\/ld+json\" class=\"yoast-schema-graph\">{\"@context\":\"https:\/\/schema.org\",\"@graph\":[{\"@type\":\"WebPage\",\"@id\":\"https:\/\/cordula.coach\/product\/wiederherstellung-der-materie-des-menschen-durch-konzentration-auf-zahlenreihen-band-1\/\",\"url\":\"https:\/\/cordula.coach\/product\/wiederherstellung-der-materie-des-menschen-durch-konzentration-auf-zahlenreihen-band-1\/\",\"name\":\"Wiederherstellung der Materie des Menschen durch Konzentration auf Zahlenreihen, Band 1 - Dein Weg \u00fcber innere Freiheit zu mehr Erfolg!\",\"isPartOf\":{\"@id\":\"https:\/\/cordula.coach\/#website\"},\"primaryImageOfPage\":{\"@id\":\"https:\/\/cordula.coach\/product\/wiederherstellung-der-materie-des-menschen-durch-konzentration-auf-zahlenreihen-band-1\/#primaryimage\"},\"image\":{\"@id\":\"https:\/\/cordula.coach\/product\/wiederherstellung-der-materie-des-menschen-durch-konzentration-auf-zahlenreihen-band-1\/#primaryimage\"},\"thumbnailUrl\":\"https:\/\/cordula.coach\/wp-content\/uploads\/2026\/02\/1.png\",\"datePublished\":\"2026-02-21T18:50:28+00:00\",\"dateModified\":\"2026-03-03T22:58:05+00:00\",\"description\":\"Zahlenfrequenzen aktivieren die Selbstheilung des K\u00f6rpers und erweitern das Bewusstsein. Diese Zahlen sind uz 100% best\u00e4tigt.\",\"breadcrumb\":{\"@id\":\"https:\/\/cordula.coach\/product\/wiederherstellung-der-materie-des-menschen-durch-konzentration-auf-zahlenreihen-band-1\/#breadcrumb\"},\"inLanguage\":\"it-IT\",\"potentialAction\":[{\"@type\":\"ReadAction\",\"target\":[\"https:\/\/cordula.coach\/product\/wiederherstellung-der-materie-des-menschen-durch-konzentration-auf-zahlenreihen-band-1\/\"]}]},{\"@type\":\"ImageObject\",\"inLanguage\":\"it-IT\",\"@id\":\"https:\/\/cordula.coach\/product\/wiederherstellung-der-materie-des-menschen-durch-konzentration-auf-zahlenreihen-band-1\/#primaryimage\",\"url\":\"https:\/\/cordula.coach\/wp-content\/uploads\/2026\/02\/1.png\",\"contentUrl\":\"https:\/\/cordula.coach\/wp-content\/uploads\/2026\/02\/1.png\",\"width\":1426,\"height\":2000},{\"@type\":\"BreadcrumbList\",\"@id\":\"https:\/\/cordula.coach\/product\/wiederherstellung-der-materie-des-menschen-durch-konzentration-auf-zahlenreihen-band-1\/#breadcrumb\",\"itemListElement\":[{\"@type\":\"ListItem\",\"position\":1,\"name\":\"Startseite\",\"item\":\"https:\/\/cordula.coach\/\"},{\"@type\":\"ListItem\",\"position\":2,\"name\":\"Shop\",\"item\":\"https:\/\/cordula.coach\/shop\/\"},{\"@type\":\"ListItem\",\"position\":3,\"name\":\"Wiederherstellung der Materie des Menschen durch Konzentration auf Zahlenreihen, Band 1\"}]},{\"@type\":\"WebSite\",\"@id\":\"https:\/\/cordula.coach\/#website\",\"url\":\"https:\/\/cordula.coach\/\",\"name\":\"Dein Weg \u00fcber innere Freiheit zu mehr Erfolg!\",\"description\":\"Cordula Ahrens - Unternehmensberaterin und Coach f\u00fcr Dein Bewusstsein\",\"publisher\":{\"@id\":\"https:\/\/cordula.coach\/#organization\"},\"potentialAction\":[{\"@type\":\"SearchAction\",\"target\":{\"@type\":\"EntryPoint\",\"urlTemplate\":\"https:\/\/cordula.coach\/?s={search_term_string}\"},\"query-input\":{\"@type\":\"PropertyValueSpecification\",\"valueRequired\":true,\"valueName\":\"search_term_string\"}}],\"inLanguage\":\"it-IT\"},{\"@type\":\"Organization\",\"@id\":\"https:\/\/cordula.coach\/#organization\",\"name\":\"Dein Weg \u00fcber innere Freiheit zu mehr Erfolg!\",\"url\":\"https:\/\/cordula.coach\/\",\"logo\":{\"@type\":\"ImageObject\",\"inLanguage\":\"it-IT\",\"@id\":\"https:\/\/cordula.coach\/#\/schema\/logo\/image\/\",\"url\":\"https:\/\/cordula.coach\/wp-content\/uploads\/2020\/09\/cropped-Logo-gro\u0308sser-1-e1618052237872.png\",\"contentUrl\":\"https:\/\/cordula.coach\/wp-content\/uploads\/2020\/09\/cropped-Logo-gro\u0308sser-1-e1618052237872.png\",\"width\":60,\"height\":60,\"caption\":\"Dein Weg \u00fcber innere Freiheit zu mehr Erfolg!\"},\"image\":{\"@id\":\"https:\/\/cordula.coach\/#\/schema\/logo\/image\/\"}}]}<\/script>\n<!-- \/ Yoast SEO plugin. -->","yoast_head_json":{"title":"Il ripristino della materia umana attraverso la concentrazione sulle sequenze numeriche, Volume 1 - Il vostro cammino verso un maggiore successo attraverso la libert\u00e0 interiore!","description":"Le frequenze dei numeri attivano l'autoguarigione del corpo ed espandono la coscienza. Questi numeri sono confermati uz 100%.","robots":{"index":"index","follow":"follow","max-snippet":"max-snippet:-1","max-image-preview":"max-image-preview:large","max-video-preview":"max-video-preview:-1"},"canonical":"https:\/\/cordula.coach\/it\/prodotto\/il-ripristino-della-materia-umana-attraverso-la-concentrazione-sulla-serie-dei-numeri-volume-1\/","og_locale":"it_IT","og_type":"article","og_title":"Wiederherstellung der Materie des Menschen durch Konzentration auf Zahlenreihen, Band 1 - Dein Weg \u00fcber innere Freiheit zu mehr Erfolg!","og_description":"Zahlenfrequenzen aktivieren die Selbstheilung des K\u00f6rpers und erweitern das Bewusstsein. Diese Zahlen sind uz 100% best\u00e4tigt.","og_url":"https:\/\/cordula.coach\/it\/prodotto\/il-ripristino-della-materia-umana-attraverso-la-concentrazione-sulla-serie-dei-numeri-volume-1\/","og_site_name":"Dein Weg \u00fcber innere Freiheit zu mehr Erfolg!","article_modified_time":"2026-03-03T22:58:05+00:00","twitter_card":"summary_large_image","twitter_misc":{"Tempo di lettura stimato":"2 minuti"},"schema":{"@context":"https:\/\/schema.org","@graph":[{"@type":"WebPage","@id":"https:\/\/cordula.coach\/product\/wiederherstellung-der-materie-des-menschen-durch-konzentration-auf-zahlenreihen-band-1\/","url":"https:\/\/cordula.coach\/product\/wiederherstellung-der-materie-des-menschen-durch-konzentration-auf-zahlenreihen-band-1\/","name":"Il ripristino della materia umana attraverso la concentrazione sulle sequenze numeriche, Volume 1 - Il vostro cammino verso un maggiore successo attraverso la libert\u00e0 interiore!","isPartOf":{"@id":"https:\/\/cordula.coach\/#website"},"primaryImageOfPage":{"@id":"https:\/\/cordula.coach\/product\/wiederherstellung-der-materie-des-menschen-durch-konzentration-auf-zahlenreihen-band-1\/#primaryimage"},"image":{"@id":"https:\/\/cordula.coach\/product\/wiederherstellung-der-materie-des-menschen-durch-konzentration-auf-zahlenreihen-band-1\/#primaryimage"},"thumbnailUrl":"https:\/\/cordula.coach\/wp-content\/uploads\/2026\/02\/1.png","datePublished":"2026-02-21T18:50:28+00:00","dateModified":"2026-03-03T22:58:05+00:00","description":"Le frequenze dei numeri attivano l'autoguarigione del corpo ed espandono la coscienza. Questi numeri sono confermati uz 100%.","breadcrumb":{"@id":"https:\/\/cordula.coach\/product\/wiederherstellung-der-materie-des-menschen-durch-konzentration-auf-zahlenreihen-band-1\/#breadcrumb"},"inLanguage":"it-IT","potentialAction":[{"@type":"ReadAction","target":["https:\/\/cordula.coach\/product\/wiederherstellung-der-materie-des-menschen-durch-konzentration-auf-zahlenreihen-band-1\/"]}]},{"@type":"ImageObject","inLanguage":"it-IT","@id":"https:\/\/cordula.coach\/product\/wiederherstellung-der-materie-des-menschen-durch-konzentration-auf-zahlenreihen-band-1\/#primaryimage","url":"https:\/\/cordula.coach\/wp-content\/uploads\/2026\/02\/1.png","contentUrl":"https:\/\/cordula.coach\/wp-content\/uploads\/2026\/02\/1.png","width":1426,"height":2000},{"@type":"BreadcrumbList","@id":"https:\/\/cordula.coach\/product\/wiederherstellung-der-materie-des-menschen-durch-konzentration-auf-zahlenreihen-band-1\/#breadcrumb","itemListElement":[{"@type":"ListItem","position":1,"name":"Startseite","item":"https:\/\/cordula.coach\/"},{"@type":"ListItem","position":2,"name":"Shop","item":"https:\/\/cordula.coach\/shop\/"},{"@type":"ListItem","position":3,"name":"Wiederherstellung der Materie des Menschen durch Konzentration auf Zahlenreihen, Band 1"}]},{"@type":"WebSite","@id":"https:\/\/cordula.coach\/#website","url":"https:\/\/cordula.coach\/","name":"Il vostro percorso verso un maggiore successo attraverso la libert\u00e0 interiore!","description":"Cordula Ahrens - Consulente di gestione e coach per la vostra consapevolezza","publisher":{"@id":"https:\/\/cordula.coach\/#organization"},"potentialAction":[{"@type":"SearchAction","target":{"@type":"EntryPoint","urlTemplate":"https:\/\/cordula.coach\/?s={search_term_string}"},"query-input":{"@type":"PropertyValueSpecification","valueRequired":true,"valueName":"search_term_string"}}],"inLanguage":"it-IT"},{"@type":"Organization","@id":"https:\/\/cordula.coach\/#organization","name":"Il vostro percorso verso un maggiore successo attraverso la libert\u00e0 interiore!","url":"https:\/\/cordula.coach\/","logo":{"@type":"ImageObject","inLanguage":"it-IT","@id":"https:\/\/cordula.coach\/#\/schema\/logo\/image\/","url":"https:\/\/cordula.coach\/wp-content\/uploads\/2020\/09\/cropped-Logo-gro\u0308sser-1-e1618052237872.png","contentUrl":"https:\/\/cordula.coach\/wp-content\/uploads\/2020\/09\/cropped-Logo-gro\u0308sser-1-e1618052237872.png","width":60,"height":60,"caption":"Dein Weg \u00fcber innere Freiheit zu mehr Erfolg!"},"image":{"@id":"https:\/\/cordula.coach\/#\/schema\/logo\/image\/"}}]}},"_links":{"self":[{"href":"https:\/\/cordula.coach\/it\/wp-json\/wp\/v2\/product\/3100","targetHints":{"allow":["GET"]}}],"collection":[{"href":"https:\/\/cordula.coach\/it\/wp-json\/wp\/v2\/product"}],"about":[{"href":"https:\/\/cordula.coach\/it\/wp-json\/wp\/v2\/types\/product"}],"replies":[{"embeddable":true,"href":"https:\/\/cordula.coach\/it\/wp-json\/wp\/v2\/comments?post=3100"}],"wp:featuredmedia":[{"embeddable":true,"href":"https:\/\/cordula.coach\/it\/wp-json\/wp\/v2\/media\/3102"}],"wp:attachment":[{"href":"https:\/\/cordula.coach\/it\/wp-json\/wp\/v2\/media?parent=3100"}],"wp:term":[{"taxonomy":"product_brand","embeddable":true,"href":"https:\/\/cordula.coach\/it\/wp-json\/wp\/v2\/product_brand?post=3100"},{"taxonomy":"product_cat","embeddable":true,"href":"https:\/\/cordula.coach\/it\/wp-json\/wp\/v2\/product_cat?post=3100"},{"taxonomy":"product_tag","embeddable":true,"href":"https:\/\/cordula.coach\/it\/wp-json\/wp\/v2\/product_tag?post=3100"}],"curies":[{"name":"wp","href":"https:\/\/api.w.org\/{rel}","templated":true}]}}